{"id":25423,"date":"2019-11-19T11:16:24","date_gmt":"2019-11-19T10:16:24","guid":{"rendered":"https:\/\/www.fundacionpombo.org\/?page_id=25423"},"modified":"2022-08-04T10:25:44","modified_gmt":"2022-08-04T08:25:44","slug":"accessibility","status":"publish","type":"page","link":"https:\/\/www.fundacionpombo.org\/en\/accessibility\/","title":{"rendered":"Accessibility"},"content":{"rendered":"<section class=\"vc_row wpb_row vc_row-fluid\"><div class=\"wpb_column vc_column_container  col-xs-mobile-fullwidth\"><div class=\"vc_column-inner \"><div class=\"wpb_wrapper\"><div class=\"last-paragraph-no-margin\"><p class=\"p1\"><b>Accessibility criteria<\/b><\/p>\n<p class=\"p1\">The Fundaci\u00f3n Fernando Pombo is committed to adapting its web content in order to ensure that all people, regardless of any disability they may have, their age or whether they access the web by using unconventional technological devices, can have universal access to all content on this website, without accessibility issues.<\/p>\n<p class=\"p1\">To achieve this, our accessibility criteria entails compliance with the Web Content Accessibility Guidelines 1.0, level double-A, established by W3C (World Wide Web Consortium), an international association formed by various organisations, both public and private, that work jointly to develop standards aimed at promoting and disseminating good practices in Web development.<\/p>\n<p class=\"p1\">Similarly, we also abide by regulations in force in Spain in this field, namely Regulation UNE 139803:2012 \u201cComputer applications for disabled persons: Accessibility requirements for Web content\u201d.<\/p>\n<p class=\"p1\"><b>Improvements<\/b><\/p>\n<p class=\"p1\">We are diligently working to adapt our pages, from the most recent to the oldest, in order to ultimately create a portal with the greatest number of accessible documents.<\/p>\n<p class=\"p1\">Some of the functions on <a href=\"http:\/\/www.fundacionpombo.org\"><span class=\"s1\">www.fundacionpombo.org<\/span><\/a> aimed at enabling access to all Web content with greater ease include:<\/p>\n<p class=\"p1\">The website\u2019s characteristics (font, colour, background, etc.) are defined in the style guide so that the user can optimally visualise all content.<\/p>\n<p class=\"p1\">Font sizes have been defined with relative units so that the user can increase or decrease font size from the browser options.<\/p>\n<p class=\"p1\">Pages have a clear structure, for both users that can see all content and those that are reading the information with a screen reader. With this in mind, section headings, lists and all elements that help with the general understanding of this web site are defined in the HTML code.<\/p>\n<p class=\"p1\">The HTML code and CSS used conform to formal grammar in order to guarantee the correct display of content in various browsers.<\/p>\n<p class=\"p1\">Web site accessibility level.<\/p>\n<p class=\"p1\"><b>This web site abides by Level Double-A Conformance to Web Content Accessibility<\/b><\/p>\n<\/div><\/div><\/div><\/div><\/section>\n","protected":false},"excerpt":{"rendered":"Accessibility criteria The Fundaci\u00f3n Fernando Pombo is committed to adapting its web content in order to ensure that all people, regardless of any disability they may have, their age or whether they access the web by using unconventional technological devices, can have universal access to all content on this website, without accessibility issues. To achieve this, our accessibility criteria entails compliance with the Web Content Accessibility Guidelines 1.0, level double-A, established by W3C (World Wide Web Consortium), an international association formed by various organisations, both public and private, that work jointly to develop standards aimed at promoting and disseminating good practices in Web development. Similarly, we also abide by regulations in force in Spain in this field, namely Regulation UNE 139803:2012 \u201cComputer applications for disabled persons: Accessibility requirements for Web content\u201d. Improvements We are diligently working to adapt our pages, from the most recent to the oldest, in order to ultimately create a portal with the greatest number of accessible documents. Some of the functions on www.fundacionpombo.org aimed at enabling access to all Web content with greater ease include: The website\u2019s characteristics (font, colour, background, etc.) are defined in the style guide so that the user can optimally visualise all&hellip; <a class=\"continue\" href=\"https:\/\/www.fundacionpombo.org\/en\/accessibility\/\">Continuar leyendo<span> Accessibility<\/span><\/a>","protected":false},"author":1,"featured_media":0,"parent":0,"menu_order":0,"comment_status":"closed","ping_status":"closed","template":"","meta":{"footnotes":""},"class_list":["post-25423","page","type-page","status-publish","hentry"],"yoast_head":"<!-- This site is optimized with the Yoast SEO plugin v27.4 - https:\/\/yoast.com\/product\/yoast-seo-wordpress\/ -->\n<title>Accessibility - Fundaci\u00f3n Fernando Pombo<\/title>\n<meta name=\"description\" content=\"Promovemos iniciativas jur\u00eddicas encaminadas a fortalecer el Estado de derecho y los derechos humanos. Trabajamos local y globalmente, combinando innovaci\u00f3n y excelencia jur\u00eddica para generar un mayor impacto social.\" \/>\n<meta name=\"robots\" content=\"index, follow, max-snippet:-1, max-image-preview:large, max-video-preview:-1\" \/>\n<link rel=\"canonical\" href=\"https:\/\/www.fundacionpombo.org\/en\/accessibility\/\" \/>\n<meta property=\"og:locale\" content=\"en_US\" \/>\n<meta property=\"og:type\" content=\"article\" \/>\n<meta property=\"og:title\" content=\"Accessibility - Fundaci\u00f3n Fernando Pombo\" \/>\n<meta property=\"og:description\" content=\"Promovemos iniciativas jur\u00eddicas encaminadas a fortalecer el Estado de derecho y los derechos humanos. Trabajamos local y globalmente, combinando innovaci\u00f3n y excelencia jur\u00eddica para generar un mayor impacto social.\" \/>\n<meta property=\"og:url\" content=\"https:\/\/www.fundacionpombo.org\/en\/accessibility\/\" \/>\n<meta property=\"og:site_name\" content=\"Fundaci\u00f3n Fernando Pombo\" \/>\n<meta property=\"article:publisher\" content=\"https:\/\/www.facebook.com\/FundacionFernandoPombo\" \/>\n<meta property=\"article:modified_time\" content=\"2022-08-04T08:25:44+00:00\" \/>\n<meta name=\"twitter:card\" content=\"summary_large_image\" \/>\n<meta name=\"twitter:site\" content=\"@FundacionFPombo\" \/>\n<script type=\"application\/ld+json\" class=\"yoast-schema-graph\">{\"@context\":\"https:\\\/\\\/schema.org\",\"@graph\":[{\"@type\":\"WebPage\",\"@id\":\"https:\\\/\\\/www.fundacionpombo.org\\\/en\\\/accessibility\\\/\",\"url\":\"https:\\\/\\\/www.fundacionpombo.org\\\/en\\\/accessibility\\\/\",\"name\":\"Accessibility - Fundaci\u00f3n Fernando Pombo\",\"isPartOf\":{\"@id\":\"https:\\\/\\\/www.fundacionpombo.org\\\/en\\\/#website\"},\"datePublished\":\"2019-11-19T10:16:24+00:00\",\"dateModified\":\"2022-08-04T08:25:44+00:00\",\"description\":\"Promovemos iniciativas jur\u00eddicas encaminadas a fortalecer el Estado de derecho y los derechos humanos. Trabajamos local y globalmente, combinando innovaci\u00f3n y excelencia jur\u00eddica para generar un mayor impacto social.\",\"breadcrumb\":{\"@id\":\"https:\\\/\\\/www.fundacionpombo.org\\\/en\\\/accessibility\\\/#breadcrumb\"},\"inLanguage\":\"en-US\",\"potentialAction\":[{\"@type\":\"ReadAction\",\"target\":[\"https:\\\/\\\/www.fundacionpombo.org\\\/en\\\/accessibility\\\/\"]}]},{\"@type\":\"BreadcrumbList\",\"@id\":\"https:\\\/\\\/www.fundacionpombo.org\\\/en\\\/accessibility\\\/#breadcrumb\",\"itemListElement\":[{\"@type\":\"ListItem\",\"position\":1,\"name\":\"Portada\",\"item\":\"https:\\\/\\\/www.fundacionpombo.org\\\/en\\\/\"},{\"@type\":\"ListItem\",\"position\":2,\"name\":\"Accessibility\"}]},{\"@type\":\"WebSite\",\"@id\":\"https:\\\/\\\/www.fundacionpombo.org\\\/en\\\/#website\",\"url\":\"https:\\\/\\\/www.fundacionpombo.org\\\/en\\\/\",\"name\":\"Fundaci\u00f3n Fernando Pombo\",\"description\":\"Abogac\u00eda responsable por un mundo m\u00e1s justo\",\"potentialAction\":[{\"@type\":\"SearchAction\",\"target\":{\"@type\":\"EntryPoint\",\"urlTemplate\":\"https:\\\/\\\/www.fundacionpombo.org\\\/en\\\/?s={search_term_string}\"},\"query-input\":{\"@type\":\"PropertyValueSpecification\",\"valueRequired\":true,\"valueName\":\"search_term_string\"}}],\"inLanguage\":\"en-US\"}]}<\/script>\n<!-- \/ Yoast SEO plugin. -->","yoast_head_json":{"title":"Accessibility - Fundaci\u00f3n Fernando Pombo","description":"Promovemos iniciativas jur\u00eddicas encaminadas a fortalecer el Estado de derecho y los derechos humanos. Trabajamos local y globalmente, combinando innovaci\u00f3n y excelencia jur\u00eddica para generar un mayor impacto social.","robots":{"index":"index","follow":"follow","max-snippet":"max-snippet:-1","max-image-preview":"max-image-preview:large","max-video-preview":"max-video-preview:-1"},"canonical":"https:\/\/www.fundacionpombo.org\/en\/accessibility\/","og_locale":"en_US","og_type":"article","og_title":"Accessibility - Fundaci\u00f3n Fernando Pombo","og_description":"Promovemos iniciativas jur\u00eddicas encaminadas a fortalecer el Estado de derecho y los derechos humanos. Trabajamos local y globalmente, combinando innovaci\u00f3n y excelencia jur\u00eddica para generar un mayor impacto social.","og_url":"https:\/\/www.fundacionpombo.org\/en\/accessibility\/","og_site_name":"Fundaci\u00f3n Fernando Pombo","article_publisher":"https:\/\/www.facebook.com\/FundacionFernandoPombo","article_modified_time":"2022-08-04T08:25:44+00:00","twitter_card":"summary_large_image","twitter_site":"@FundacionFPombo","schema":{"@context":"https:\/\/schema.org","@graph":[{"@type":"WebPage","@id":"https:\/\/www.fundacionpombo.org\/en\/accessibility\/","url":"https:\/\/www.fundacionpombo.org\/en\/accessibility\/","name":"Accessibility - Fundaci\u00f3n Fernando Pombo","isPartOf":{"@id":"https:\/\/www.fundacionpombo.org\/en\/#website"},"datePublished":"2019-11-19T10:16:24+00:00","dateModified":"2022-08-04T08:25:44+00:00","description":"Promovemos iniciativas jur\u00eddicas encaminadas a fortalecer el Estado de derecho y los derechos humanos. Trabajamos local y globalmente, combinando innovaci\u00f3n y excelencia jur\u00eddica para generar un mayor impacto social.","breadcrumb":{"@id":"https:\/\/www.fundacionpombo.org\/en\/accessibility\/#breadcrumb"},"inLanguage":"en-US","potentialAction":[{"@type":"ReadAction","target":["https:\/\/www.fundacionpombo.org\/en\/accessibility\/"]}]},{"@type":"BreadcrumbList","@id":"https:\/\/www.fundacionpombo.org\/en\/accessibility\/#breadcrumb","itemListElement":[{"@type":"ListItem","position":1,"name":"Portada","item":"https:\/\/www.fundacionpombo.org\/en\/"},{"@type":"ListItem","position":2,"name":"Accessibility"}]},{"@type":"WebSite","@id":"https:\/\/www.fundacionpombo.org\/en\/#website","url":"https:\/\/www.fundacionpombo.org\/en\/","name":"Fundaci\u00f3n Fernando Pombo","description":"Abogac\u00eda responsable por un mundo m\u00e1s justo","potentialAction":[{"@type":"SearchAction","target":{"@type":"EntryPoint","urlTemplate":"https:\/\/www.fundacionpombo.org\/en\/?s={search_term_string}"},"query-input":{"@type":"PropertyValueSpecification","valueRequired":true,"valueName":"search_term_string"}}],"inLanguage":"en-US"}]}},"_links":{"self":[{"href":"https:\/\/www.fundacionpombo.org\/en\/wp-json\/wp\/v2\/pages\/25423","targetHints":{"allow":["GET"]}}],"collection":[{"href":"https:\/\/www.fundacionpombo.org\/en\/wp-json\/wp\/v2\/pages"}],"about":[{"href":"https:\/\/www.fundacionpombo.org\/en\/wp-json\/wp\/v2\/types\/page"}],"author":[{"embeddable":true,"href":"https:\/\/www.fundacionpombo.org\/en\/wp-json\/wp\/v2\/users\/1"}],"replies":[{"embeddable":true,"href":"https:\/\/www.fundacionpombo.org\/en\/wp-json\/wp\/v2\/comments?post=25423"}],"version-history":[{"count":0,"href":"https:\/\/www.fundacionpombo.org\/en\/wp-json\/wp\/v2\/pages\/25423\/revisions"}],"wp:attachment":[{"href":"https:\/\/www.fundacionpombo.org\/en\/wp-json\/wp\/v2\/media?parent=25423"}],"curies":[{"name":"wp","href":"https:\/\/api.w.org\/{rel}","templated":true}]}}