{"id":25483,"date":"2020-02-26T17:59:27","date_gmt":"2020-02-26T16:59:27","guid":{"rendered":"https:\/\/www.fundacionpombo.org\/?page_id=25483"},"modified":"2022-10-26T10:59:09","modified_gmt":"2022-10-26T08:59:09","slug":"collaborate","status":"publish","type":"page","link":"https:\/\/www.fundacionpombo.org\/en\/collaborate\/","title":{"rendered":"COLLABORATE"},"content":{"rendered":"<section data-vc-full-width=\"true\" data-vc-full-width-init=\"false\" class=\"vc_row wpb_row vc_row-fluid  vc_custom_1582571098697 vc_row-has-fill pofo-stretch-content pofo-stretch-row-container vc_row-o-content-middle vc_row-flex\"><div class=\"wpb_column vc_column_container vc_col-sm-12  col-xs-mobile-fullwidth text-center md-text-center sm-text-center xs-text-center\"><div class=\"vc_column-inner \"><div class=\"wpb_wrapper\">[vc_empty_space height=&#8221;50px&#8221;]<div class=\"last-paragraph-no-margin\"><h2 style=\"text-align: left;\"><span style=\"color: #ffffff;\"><strong>COLLABORATE<\/strong><\/span><\/h2>\n<\/div><div class=\"last-paragraph-no-margin\"><h5 style=\"text-align: left;\">The Fernando Pombo Foundation performs its activities with professionals in the legal sector who, motived by their mission, contribute their experience, abilities and efforts to the benefit of the most underprivileged.<\/h5>\n<\/div><\/div><\/div><\/div><\/section><div class=\"vc_row-full-width vc_clearfix\"><\/div><section data-vc-full-width=\"true\" data-vc-full-width-init=\"false\" data-vc-stretch-content=\"true\" data-stellar-background-ratio=\"0.5\" class=\"vc_row wpb_row vc_row-fluid  vc_custom_1583227697385 wow fadeIn vc_row-has-fill pofo-stretch-content vc_row-no-padding vc_row-o-content-bottom vc_row-flex parallax pofo-row-responsive-69e864c927e10\" style=\"min-height: 800;\"><div class=\"bg-extra-dark-gray bg-overlay\" style=\"opacity:0.5; background-color:#000000; \"><\/div><div class=\"wpb_column vc_column_container vc_col-sm-12  col-xs-mobile-fullwidth text-center\"><div class=\"vc_column-inner \"><div class=\"wpb_wrapper\"><h3 class=\"text-extra-dark-gray margin-20px-bottom font-weight-600 display-inline-block alt-font heading-style2  vc_custom_1615565212306 pofo-button-responsive-69e864c927f24  heading-1\"  style=\"width: 40%; font-weight: 400; color: #ffffff;\"><strong>Making a difference<\/strong>Together we will achieve a more responsible legal practice<\/h3><\/div><\/div><\/div><div class=\"down-section text-center down-section-style-1\">\n\t\t\t                            <a href=\"#about\" class=\"down-section-link\"><i class=\"bounce text-deep-pink  ti-arrow-down icon-extra-medium\" style=\"\"><\/i><\/a>\n\t\t\t                        <\/div><\/section><div class=\"vc_row-full-width vc_clearfix\"><\/div><section id=\"about\" data-vc-full-width=\"true\" data-vc-full-width-init=\"false\" class=\"vc_row wpb_row vc_row-fluid  vc_custom_1588106597753 wow fadeIn vc_row-has-fill pofo-stretch-content pofo-stretch-row-container vc_row-o-equal-height vc_row-o-content-top vc_row-flex pofo-row-responsive-69e864c927f79\"><div class=\"wpb_column vc_column_container vc_col-sm-12 vc_col-md-5 vc_col-xs-12 wow fadeIn xs-text-center pofo-column-responsive-69e864c92800e\"><div class=\"vc_column-inner \"><div class=\"wpb_wrapper\"><h2 class=\"text-medium-gray text-small margin-5px-bottom alt-font dynamic-font-size text-uppercase heading-style4  vc_custom_1615565238136  heading-2\"  style=\"letter-spacing: 1px; font-weight: 600; color: rgba(255,255,255,0.7);\">RESPONSIBLE LEGAL PRACTICE<\/h2><h2 class=\"text-extra-dark-gray margin-20px-bottom font-weight-600 display-inline-block alt-font heading-style2  heading-3\"  style=\"font-weight: 400; color: #ffffff;\"><strong>How to collaborate<\/strong><\/h2><div class=\"text-white last-paragraph-no-margin pofo-text-block-responsive-69e864c9280b8\" style=\"width: 80%;\"><h5>The Foundation\u2019s activities are possible thanks to the trust of many organisations and individuals.<\/h5>\n<\/div>[vc_empty_space][vc_btn title=&#8221;OUR HISTORY&#8221; style=&#8221;outline-custom&#8221; outline_custom_color=&#8221;#ffffff&#8221; outline_custom_hover_background=&#8221;&#8221; outline_custom_hover_text=&#8221;#ffffff&#8221; shape=&#8221;square&#8221; link=&#8221;url:https%3A%2F%2Fwww.fundacionpombo.org%2Fen%2Fhow%2F&#8221;][vc_empty_space height=&#8221;300px&#8221;]<div class=\"text-white last-paragraph-no-margin pofo-text-block-responsive-69e864c9280f0\" style=\"width: 80%;\"><p><span style=\"color: #ffffff;\">TELEPHONE<\/span><br \/>\n<strong><span style=\"color: #ffffff;\">+34 91 582 94 96<\/span><\/strong><\/p>\n<p><span style=\"color: #ffffff;\">ADDRESS<\/span><br \/>\n<strong><span style=\"color: #ffffff;\">Paseo de la Castellana 216. 28046 Madrid \u2013 Spain<\/span><\/strong><\/p>\n<p><span style=\"color: #ffffff;\">EMAIL<\/span><br \/>\n<strong><span style=\"color: #ffffff;\">info@fundacionpombo.org<\/span><\/strong><\/p>\n<\/div><\/div><\/div><\/div><div class=\"wpb_column vc_column_container vc_col-sm-12 vc_col-md-7 vc_col-xs-12 wow fadeIn xs-text-center\"><div class=\"vc_column-inner \"><div class=\"wpb_wrapper\"><div class=\"vc_row wpb_row vc_inner vc_row-fluid   vc_column-gap-15\"><div class=\"wpb_column vc_column_container vc_col-sm-6 vc_col-md-6 vc_col-xs-12 pofo-column-responsive-69e864c928214\"><div class=\"vc_column-inner vc_custom_1507292447898\"><div class=\"wpb_wrapper\"><div class=\"position-relative featurebox24-1 featurebox24 pofo-featurebox\" ><i class=\"link-icon margin-15px-bottom text-deep-pink icon-wallet icon-medium\"><\/i><div class=\"feature-content\"><h4 class=\"text-medium text-extra-dark-gray font-weight-600 display-inline-block margin-5px-bottom alt-font dynamic-font-size \" style=\"font-weight: 600; color: #ffffff;\">DONATE<\/h4><div class=\"opacity7 margin-15px-bottom xs-margin-5px-bottom dynamic-font-size\" style=\"font-weight: 500; color: #ffffff;\">WE CAN MAKE SYSTEMIC CHANGES<\/div><div class=\"last-paragraph-no-margin width-80 md-width-100\"><div><span style=\"color: #ffffff;\"><span lang=\"EN-GB\">With your donation, we can make systemic changes by eliminating legal barriers for the most vulnerable people. To donate, send an email to <\/span><a style=\"color: #ffffff;\" href=\"mailto:info@fundacionpombo.org\">info@fundacionpombo.org <\/a>and we will provide you with bank details.<\/span><\/div>\n<\/div><\/div><\/div>[vc_empty_space height=&#8221;50px&#8221;]<div class=\"position-relative featurebox24-2 featurebox24 pofo-featurebox\" ><i class=\"link-icon margin-15px-bottom text-deep-pink icon-gift icon-medium\"><\/i><div class=\"feature-content\"><span class=\"text-medium text-extra-dark-gray font-weight-600 display-inline-block margin-5px-bottom alt-font\" style=\"color: #ffffff;\">BUY AND DISTRIBUTE OUR BOOKS AND PUBLICATIONS<\/span><div class=\"opacity7 margin-15px-bottom xs-margin-5px-bottom\" style=\"color: #ffffff;\">WE RESEARCH AND PUBLISH AS PART OF OUR MISSION TO ENCOURAGE RESPONSIBLE LEGAL PRACTICE<\/div><div class=\"last-paragraph-no-margin width-80 md-width-100\"><p><span style=\"color: #ffffff;\">Our aim is for the results of our research to be known and distributed in order to\u00a0 progress more rapidly and by networking.<\/span><\/p>\n<\/div><\/div><\/div>[vc_empty_space height=&#8221;50px&#8221;]<div class=\"position-relative featurebox24-3 featurebox24 pofo-featurebox\" ><i class=\"link-icon margin-15px-bottom text-deep-pink icon-megaphone icon-medium\"><\/i><div class=\"feature-content\"><span class=\"text-medium text-extra-dark-gray font-weight-600 display-inline-block margin-5px-bottom alt-font\" style=\"color: #ffffff;\">FOLLOW US ON SOCIAL MEDIA<\/span><div class=\"opacity7 margin-15px-bottom xs-margin-5px-bottom\" style=\"color: #ffffff;\">BE A SPEAKER FOR US<\/div><div class=\"last-paragraph-no-margin width-80 md-width-100\"><p><span style=\"color: #ffffff;\">Make our message yours to be able to reach more people and have a greater impact.<\/span><\/p>\n<\/div><\/div><\/div><\/div><\/div><\/div><div class=\"wpb_column vc_column_container vc_col-sm-6 vc_col-md-6 vc_col-xs-12 pofo-column-responsive-69e864c9283bc\"><div class=\"vc_column-inner vc_custom_1507292456035\"><div class=\"wpb_wrapper\"><div class=\"position-relative featurebox24-4 featurebox24 pofo-featurebox\" ><i class=\"link-icon margin-15px-bottom text-deep-pink icon-chat icon-medium\"><\/i><div class=\"feature-content\"><span class=\"text-medium text-extra-dark-gray font-weight-600 display-inline-block margin-5px-bottom alt-font\" style=\"color: #ffffff;\">ALLIANCES<\/span><div class=\"opacity7 margin-15px-bottom xs-margin-5px-bottom\" style=\"color: #ffffff;\">NETWORKING IS STRATEGIC FOR US<\/div><div class=\"last-paragraph-no-margin width-80 md-width-100\"><p><span style=\"color: #ffffff;\">We work with the third sector, with bar associations, universities, businesses, public administrations and with national and international networks. Through collaborations, we improve the quality of life of vulnerable people, and we work in accordance with the 17 SDG. To establish new alliances or to simply learn more about us, you can write to us at info@fundacionpombo.org or call us at +34915829496.<\/span><\/p>\n<\/div><\/div><\/div>[vc_empty_space][vc_btn title=&#8221;PUBLICATIONS&#8221; style=&#8221;outline-custom&#8221; outline_custom_color=&#8221;#ffffff&#8221; outline_custom_hover_background=&#8221;&#8221; outline_custom_hover_text=&#8221;#ffffff&#8221; shape=&#8221;square&#8221; size=&#8221;sm&#8221; link=&#8221;url:http%3A%2F%2Fwww.fundacionpombo.org%2Fweb%2Fpublicaciones%2F|title:PUBLICACIONES||&#8221;][vc_empty_space height=&#8221;50px&#8221;]<div class=\"position-relative featurebox24-5 featurebox24 pofo-featurebox\" ><i class=\"link-icon margin-15px-bottom text-deep-pink icon-toolbox icon-medium\"><\/i><div class=\"feature-content\"><h2 class=\"text-medium text-extra-dark-gray font-weight-600 display-inline-block margin-5px-bottom alt-font\" style=\"color: #ffffff;\">INTERNSHIP PROGRAMME<\/h2><div class=\"opacity7 margin-15px-bottom xs-margin-5px-bottom\" style=\"color: #ffffff;\">COLLABORATE BY WORKING AND LEARNING<\/div><div class=\"last-paragraph-no-margin width-80 md-width-100\"><p><span style=\"color: #ffffff;\">We offer internships for students pursuing a law degree or a master&#8217;s degree in law or human rights. To participate in our selection process, please contact us.<\/span><\/p>\n<\/div><\/div><\/div>[vc_empty_space][vc_btn title=&#8221;CONTACT&#8221; style=&#8221;outline-custom&#8221; outline_custom_color=&#8221;#ffffff&#8221; outline_custom_hover_background=&#8221;&#8221; outline_custom_hover_text=&#8221;#ffffff&#8221; shape=&#8221;square&#8221; size=&#8221;sm&#8221; link=&#8221;url:http%3A%2F%2Fwww.fundacionpombo.org%2Fweb%2Fcontacto%2F|title:CONTACTO||&#8221;]<\/div><\/div><\/div><\/div><\/div><\/div><\/div><\/section><div class=\"vc_row-full-width vc_clearfix\"><\/div><section class=\"vc_row wpb_row vc_row-fluid  vc_custom_1583485653757\"><div class=\"wpb_column vc_column_container vc_col-sm-12  col-xs-mobile-fullwidth\"><div class=\"vc_column-inner \"><div class=\"wpb_wrapper\">[vc_empty_space][vc_empty_space][vc_empty_space]<div class=\"last-paragraph-no-margin\"><h5>We would like to give particular thanks and our recognition of the vision, perseverance and selfless contribution to our foundation to Fernando Pombo&#8217;s wife, Carmen Morales, and children: Clara, Regina, Carmen and Vindio.<\/h5>\n<h5>We also like to express a particular thanks to G\u00f3mez-Acebo y Pombo law firm for their strategic, unconditional and sustained support.<\/h5>\n<h5>Finally, we are additionally grateful to Porticus Iberia for its involvement and financial contribution to the development of the Rights for Change project.<\/h5>\n<\/div><div class=\"vc_row wpb_row vc_inner vc_row-fluid\"><div class=\"wpb_column vc_column_container vc_col-sm-6  col-xs-mobile-fullwidth\"><div class=\"vc_column-inner \"><div class=\"wpb_wrapper\"><div class=\"last-paragraph-no-margin\"><p>For more information, see our section on transparency.<\/p>\n<\/div>[vc_empty_space height=&#8221;24px&#8221;][vc_btn title=&#8221;GO TO TRANSPARENCY&#8221; style=&#8221;outline-custom&#8221; outline_custom_color=&#8221;#f32735&#8243; outline_custom_hover_background=&#8221;&#8221; outline_custom_hover_text=&#8221;#000000&#8243; shape=&#8221;square&#8221; align=&#8221;left&#8221; link=&#8221;url:https%3A%2F%2Fwww.fundacionpombo.org%2Fen%2Ftransparency%2F|title:TRANSPARENCIA|target:_blank&#8221;][vc_empty_space height=&#8221;24px&#8221;]<\/div><\/div><\/div><div class=\"wpb_column vc_column_container vc_col-sm-6  col-xs-mobile-fullwidth\"><div class=\"vc_column-inner \"><div class=\"wpb_wrapper\"><div class=\"last-paragraph-no-margin\"><p>Follow us on social media:<\/p>\n<\/div>[vc_empty_space height=&#8221;14px&#8221;]<div  class=\"pofo-social-links social-icon-style-2 social-icon-1\"><ul class=\"medium-icon\"><li><a class=\"twitter\" href=\"https:\/\/twitter.com\/FundacionFPombo\" target=\"_blank\"><i class=\"fab fa-twitter\"><\/i><\/a><\/li><li><a class=\"linkedin-in\" href=\"https:\/\/www.linkedin.com\/company\/fundaci%C3%B3n-fernando-pombo\/\" target=\"_blank\"><i class=\"fab fa-linkedin-in\"><\/i><\/a><\/li><li><a class=\"youtube\" href=\"https:\/\/www.youtube.com\/user\/FundFernandoPombo\/\" target=\"_blank\"><i class=\"fab fa-youtube\"><\/i><\/a><\/li><\/ul><\/div><\/div><\/div><\/div><\/div><\/div><\/div><\/div><\/section>\n","protected":false},"excerpt":{"rendered":"[vc_empty_space height=\"50px\"]COLLABORATE The Fernando Pombo Foundation performs its activities with professionals in the legal sector who, motived by their mission, contribute their experience, abilities and efforts to the benefit of the most underprivileged. Making a differenceTogether we will achieve a more responsible legal practice RESPONSIBLE LEGAL PRACTICEHow to collaborateThe Foundation\u2019s activities are possible thanks to the trust of many organisations and individuals. [vc_empty_space][vc_btn title=\"OUR HISTORY\" style=\"outline-custom\" outline_custom_color=\"#ffffff\" outline_custom_hover_background=\"\" outline_custom_hover_text=\"#ffffff\" shape=\"square\" link=\"url:https%3A%2F%2Fwww.fundacionpombo.org%2Fen%2Fhow%2F\"][vc_empty_space height=\"300px\"]TELEPHONE +34 91 582 94 96 ADDRESS Paseo de la Castellana 216. 28046 Madrid \u2013 Spain EMAIL info@fundacionpombo.org DONATEWE CAN MAKE SYSTEMIC CHANGESWith your donation, we can make systemic changes by eliminating legal barriers for the most vulnerable people. To donate, send an email to info@fundacionpombo.org and we will provide you with bank details. [vc_empty_space height=\"50px\"]BUY AND DISTRIBUTE OUR BOOKS AND PUBLICATIONSWE RESEARCH AND PUBLISH AS PART OF OUR MISSION TO ENCOURAGE RESPONSIBLE LEGAL PRACTICEOur aim is for the results of our research to be known and distributed in order to\u00a0 progress more rapidly and by networking. [vc_empty_space height=\"50px\"]FOLLOW US ON SOCIAL MEDIABE A SPEAKER FOR USMake our message yours to be able to reach more people and have a greater impact. ALLIANCESNETWORKING IS STRATEGIC FOR USWe work with&hellip; <a class=\"continue\" href=\"https:\/\/www.fundacionpombo.org\/en\/collaborate\/\">Continuar leyendo<span> COLLABORATE<\/span><\/a>","protected":false},"author":1,"featured_media":0,"parent":0,"menu_order":0,"comment_status":"closed","ping_status":"closed","template":"","meta":{"footnotes":""},"class_list":["post-25483","page","type-page","status-publish","hentry"],"yoast_head":"<!-- This site is optimized with the Yoast SEO plugin v27.4 - https:\/\/yoast.com\/product\/yoast-seo-wordpress\/ -->\n<title>COLLABORATE - Fundaci\u00f3n Fernando Pombo<\/title>\n<meta name=\"description\" content=\"Promovemos iniciativas jur\u00eddicas encaminadas a fortalecer el Estado de derecho y los derechos humanos. Trabajamos local y globalmente, combinando innovaci\u00f3n y excelencia jur\u00eddica para generar un mayor impacto social.\" \/>\n<meta name=\"robots\" content=\"index, follow, max-snippet:-1, max-image-preview:large, max-video-preview:-1\" \/>\n<link rel=\"canonical\" href=\"https:\/\/www.fundacionpombo.org\/en\/collaborate\/\" \/>\n<meta property=\"og:locale\" content=\"en_US\" \/>\n<meta property=\"og:type\" content=\"article\" \/>\n<meta property=\"og:title\" content=\"COLLABORATE - Fundaci\u00f3n Fernando Pombo\" \/>\n<meta property=\"og:description\" content=\"Promovemos iniciativas jur\u00eddicas encaminadas a fortalecer el Estado de derecho y los derechos humanos. Trabajamos local y globalmente, combinando innovaci\u00f3n y excelencia jur\u00eddica para generar un mayor impacto social.\" \/>\n<meta property=\"og:url\" content=\"https:\/\/www.fundacionpombo.org\/en\/collaborate\/\" \/>\n<meta property=\"og:site_name\" content=\"Fundaci\u00f3n Fernando Pombo\" \/>\n<meta property=\"article:publisher\" content=\"https:\/\/www.facebook.com\/FundacionFernandoPombo\" \/>\n<meta property=\"article:modified_time\" content=\"2022-10-26T08:59:09+00:00\" \/>\n<meta name=\"twitter:card\" content=\"summary_large_image\" \/>\n<meta name=\"twitter:site\" content=\"@FundacionFPombo\" \/>\n<script type=\"application\/ld+json\" class=\"yoast-schema-graph\">{\"@context\":\"https:\\\/\\\/schema.org\",\"@graph\":[{\"@type\":\"WebPage\",\"@id\":\"https:\\\/\\\/www.fundacionpombo.org\\\/en\\\/collaborate\\\/\",\"url\":\"https:\\\/\\\/www.fundacionpombo.org\\\/en\\\/collaborate\\\/\",\"name\":\"COLLABORATE - Fundaci\u00f3n Fernando Pombo\",\"isPartOf\":{\"@id\":\"https:\\\/\\\/www.fundacionpombo.org\\\/en\\\/#website\"},\"datePublished\":\"2020-02-26T16:59:27+00:00\",\"dateModified\":\"2022-10-26T08:59:09+00:00\",\"description\":\"Promovemos iniciativas jur\u00eddicas encaminadas a fortalecer el Estado de derecho y los derechos humanos. Trabajamos local y globalmente, combinando innovaci\u00f3n y excelencia jur\u00eddica para generar un mayor impacto social.\",\"breadcrumb\":{\"@id\":\"https:\\\/\\\/www.fundacionpombo.org\\\/en\\\/collaborate\\\/#breadcrumb\"},\"inLanguage\":\"en-US\",\"potentialAction\":[{\"@type\":\"ReadAction\",\"target\":[\"https:\\\/\\\/www.fundacionpombo.org\\\/en\\\/collaborate\\\/\"]}]},{\"@type\":\"BreadcrumbList\",\"@id\":\"https:\\\/\\\/www.fundacionpombo.org\\\/en\\\/collaborate\\\/#breadcrumb\",\"itemListElement\":[{\"@type\":\"ListItem\",\"position\":1,\"name\":\"Portada\",\"item\":\"https:\\\/\\\/www.fundacionpombo.org\\\/en\\\/\"},{\"@type\":\"ListItem\",\"position\":2,\"name\":\"COLLABORATE\"}]},{\"@type\":\"WebSite\",\"@id\":\"https:\\\/\\\/www.fundacionpombo.org\\\/en\\\/#website\",\"url\":\"https:\\\/\\\/www.fundacionpombo.org\\\/en\\\/\",\"name\":\"Fundaci\u00f3n Fernando Pombo\",\"description\":\"Abogac\u00eda responsable por un mundo m\u00e1s justo\",\"potentialAction\":[{\"@type\":\"SearchAction\",\"target\":{\"@type\":\"EntryPoint\",\"urlTemplate\":\"https:\\\/\\\/www.fundacionpombo.org\\\/en\\\/?s={search_term_string}\"},\"query-input\":{\"@type\":\"PropertyValueSpecification\",\"valueRequired\":true,\"valueName\":\"search_term_string\"}}],\"inLanguage\":\"en-US\"}]}<\/script>\n<!-- \/ Yoast SEO plugin. -->","yoast_head_json":{"title":"COLLABORATE - Fundaci\u00f3n Fernando Pombo","description":"Promovemos iniciativas jur\u00eddicas encaminadas a fortalecer el Estado de derecho y los derechos humanos. Trabajamos local y globalmente, combinando innovaci\u00f3n y excelencia jur\u00eddica para generar un mayor impacto social.","robots":{"index":"index","follow":"follow","max-snippet":"max-snippet:-1","max-image-preview":"max-image-preview:large","max-video-preview":"max-video-preview:-1"},"canonical":"https:\/\/www.fundacionpombo.org\/en\/collaborate\/","og_locale":"en_US","og_type":"article","og_title":"COLLABORATE - Fundaci\u00f3n Fernando Pombo","og_description":"Promovemos iniciativas jur\u00eddicas encaminadas a fortalecer el Estado de derecho y los derechos humanos. Trabajamos local y globalmente, combinando innovaci\u00f3n y excelencia jur\u00eddica para generar un mayor impacto social.","og_url":"https:\/\/www.fundacionpombo.org\/en\/collaborate\/","og_site_name":"Fundaci\u00f3n Fernando Pombo","article_publisher":"https:\/\/www.facebook.com\/FundacionFernandoPombo","article_modified_time":"2022-10-26T08:59:09+00:00","twitter_card":"summary_large_image","twitter_site":"@FundacionFPombo","schema":{"@context":"https:\/\/schema.org","@graph":[{"@type":"WebPage","@id":"https:\/\/www.fundacionpombo.org\/en\/collaborate\/","url":"https:\/\/www.fundacionpombo.org\/en\/collaborate\/","name":"COLLABORATE - Fundaci\u00f3n Fernando Pombo","isPartOf":{"@id":"https:\/\/www.fundacionpombo.org\/en\/#website"},"datePublished":"2020-02-26T16:59:27+00:00","dateModified":"2022-10-26T08:59:09+00:00","description":"Promovemos iniciativas jur\u00eddicas encaminadas a fortalecer el Estado de derecho y los derechos humanos. Trabajamos local y globalmente, combinando innovaci\u00f3n y excelencia jur\u00eddica para generar un mayor impacto social.","breadcrumb":{"@id":"https:\/\/www.fundacionpombo.org\/en\/collaborate\/#breadcrumb"},"inLanguage":"en-US","potentialAction":[{"@type":"ReadAction","target":["https:\/\/www.fundacionpombo.org\/en\/collaborate\/"]}]},{"@type":"BreadcrumbList","@id":"https:\/\/www.fundacionpombo.org\/en\/collaborate\/#breadcrumb","itemListElement":[{"@type":"ListItem","position":1,"name":"Portada","item":"https:\/\/www.fundacionpombo.org\/en\/"},{"@type":"ListItem","position":2,"name":"COLLABORATE"}]},{"@type":"WebSite","@id":"https:\/\/www.fundacionpombo.org\/en\/#website","url":"https:\/\/www.fundacionpombo.org\/en\/","name":"Fundaci\u00f3n Fernando Pombo","description":"Abogac\u00eda responsable por un mundo m\u00e1s justo","potentialAction":[{"@type":"SearchAction","target":{"@type":"EntryPoint","urlTemplate":"https:\/\/www.fundacionpombo.org\/en\/?s={search_term_string}"},"query-input":{"@type":"PropertyValueSpecification","valueRequired":true,"valueName":"search_term_string"}}],"inLanguage":"en-US"}]}},"_links":{"self":[{"href":"https:\/\/www.fundacionpombo.org\/en\/wp-json\/wp\/v2\/pages\/25483","targetHints":{"allow":["GET"]}}],"collection":[{"href":"https:\/\/www.fundacionpombo.org\/en\/wp-json\/wp\/v2\/pages"}],"about":[{"href":"https:\/\/www.fundacionpombo.org\/en\/wp-json\/wp\/v2\/types\/page"}],"author":[{"embeddable":true,"href":"https:\/\/www.fundacionpombo.org\/en\/wp-json\/wp\/v2\/users\/1"}],"replies":[{"embeddable":true,"href":"https:\/\/www.fundacionpombo.org\/en\/wp-json\/wp\/v2\/comments?post=25483"}],"version-history":[{"count":0,"href":"https:\/\/www.fundacionpombo.org\/en\/wp-json\/wp\/v2\/pages\/25483\/revisions"}],"wp:attachment":[{"href":"https:\/\/www.fundacionpombo.org\/en\/wp-json\/wp\/v2\/media?parent=25483"}],"curies":[{"name":"wp","href":"https:\/\/api.w.org\/{rel}","templated":true}]}}