{"id":25491,"date":"2020-03-06T13:37:42","date_gmt":"2020-03-06T12:37:42","guid":{"rendered":"https:\/\/www.fundacionpombo.org\/?page_id=25491"},"modified":"2021-03-16T20:29:27","modified_gmt":"2021-03-16T19:29:27","slug":"video-archives","status":"publish","type":"page","link":"https:\/\/www.fundacionpombo.org\/en\/video-archives\/","title":{"rendered":"VIDEO ARCHIVES"},"content":{"rendered":"<section data-vc-full-width=\"true\" data-vc-full-width-init=\"false\" class=\"vc_row wpb_row vc_row-fluid  vc_custom_1583498343158 vc_row-has-fill pofo-stretch-content pofo-stretch-row-container vc_row-o-content-middle vc_row-flex\"><div class=\"wpb_column vc_column_container vc_col-sm-12  col-xs-mobile-fullwidth text-center md-text-center sm-text-center xs-text-center\"><div class=\"vc_column-inner \"><div class=\"wpb_wrapper\">[vc_empty_space height=&#8221;50px&#8221;]<div class=\"last-paragraph-no-margin\"><h2 style=\"text-align: left;\"><strong><span style=\"color: #ffffff;\">VIDEO ARCHIVES<\/span><\/strong><\/h2>\n<\/div><\/div><\/div><\/div><\/section><div class=\"vc_row-full-width vc_clearfix\"><\/div><section class=\"vc_row wpb_row vc_row-fluid  vc_custom_1583499154077\"><div class=\"wpb_column vc_column_container vc_col-sm-3  col-xs-mobile-fullwidth\"><div class=\"vc_column-inner \"><div class=\"wpb_wrapper\">[vc_video link=&#8221;https:\/\/youtu.be\/ZILIfSZgNA8&#8243;][vc_empty_space]<div class=\"last-paragraph-no-margin\"><h6>Video presentation introducing the Fundaci\u00f3n Fernando Pombo.<\/h6>\n<\/div><\/div><\/div><\/div><div class=\"wpb_column vc_column_container vc_col-sm-3  col-xs-mobile-fullwidth\"><div class=\"vc_column-inner \"><div class=\"wpb_wrapper\">[vc_video link=&#8221;https:\/\/youtu.be\/gxQUMqErpKU&#8221;][vc_empty_space]<div class=\"last-paragraph-no-margin\"><h6>\u201cMothers of \u201c \u2013 1st Edition of the EXEQUO Project.<\/h6>\n<h6><\/h6>\n<\/div><\/div><\/div><\/div><div class=\"wpb_column vc_column_container vc_col-sm-3  col-xs-mobile-fullwidth\"><div class=\"vc_column-inner \"><div class=\"wpb_wrapper\">[vc_video link=&#8221;https:\/\/youtu.be\/0YROzZVdsuc&#8221;][vc_empty_space]<div class=\"last-paragraph-no-margin\"><h6>\u201cPut yourself in their shoes\u201d \u2013 2<sup>nd<\/sup> Edition of the EXEQUO Project.<\/h6>\n<\/div><\/div><\/div><\/div><div class=\"wpb_column vc_column_container vc_col-sm-3  col-xs-mobile-fullwidth\"><div class=\"vc_column-inner \"><div class=\"wpb_wrapper\">[vc_video link=&#8221;https:\/\/youtu.be\/ZW9EV05mqwI&#8221;][vc_empty_space]<div class=\"last-paragraph-no-margin\"><h6>\u201cCompanies and Human Rights: the role of the Legal profession\u201d.<\/h6>\n<\/div><\/div><\/div><\/div><\/section><section class=\"vc_row wpb_row vc_row-fluid  vc_custom_1583499516873\"><div class=\"wpb_column vc_column_container vc_col-sm-12  col-xs-mobile-fullwidth\"><div class=\"vc_column-inner \"><div class=\"wpb_wrapper\">[vc_separator]<\/div><\/div><\/div><\/section><section class=\"vc_row wpb_row vc_row-fluid  vc_custom_1583499552603\"><div class=\"wpb_column vc_column_container vc_col-sm-3  col-xs-mobile-fullwidth\"><div class=\"vc_column-inner \"><div class=\"wpb_wrapper\">[vc_video link=&#8221;https:\/\/www.youtube.com\/watch?v=ndcnQvrC_c8&#8243;][vc_empty_space]<div class=\"last-paragraph-no-margin\"><h6>Humanitarian Talent Revolution. Video produced within the framework of the X Anniversary of the Humanitarian Talent programme of the Fundaci\u00f3n Bot\u00edn.<\/h6>\n<\/div><\/div><\/div><\/div><div class=\"wpb_column vc_column_container vc_col-sm-3  col-xs-mobile-fullwidth\"><div class=\"vc_column-inner \"><div class=\"wpb_wrapper\">[vc_video link=&#8221;https:\/\/youtu.be\/fnwwKZH6Gb4&#8243;][vc_empty_space]<div class=\"last-paragraph-no-margin\"><h6>The Foundation takes part in the conference \u201cThe Legal Profession for the Agenda 2030 and Sustainable Development Goals\u201d, organised by the General Council of the Spanish Legal Profession (Consejo General de la ABogac\u00eda Espa\u00f1ola, CGAE).<\/h6>\n<\/div><\/div><\/div><\/div><div class=\"wpb_column vc_column_container vc_col-sm-3  col-xs-mobile-fullwidth\"><div class=\"vc_column-inner \"><div class=\"wpb_wrapper\">[vc_video link=&#8221;https:\/\/youtu.be\/Ggu4OkMT7mU&#8221;][vc_empty_space]<div class=\"last-paragraph-no-margin\"><h6>\u201cWe must humanise technology in order to place Human Rights at the forefront of all technological advancements\u201d, interview with Rafael Merino. Fundaci\u00f3n SERES.<\/h6>\n<\/div><\/div><\/div><\/div><div class=\"wpb_column vc_column_container vc_col-sm-3  col-xs-mobile-fullwidth\"><div class=\"vc_column-inner \"><div class=\"wpb_wrapper\">[vc_video link=&#8221;https:\/\/www.youtube.com\/watch?v=_R1Ha_nCk6E&#8221;][vc_empty_space]<div class=\"last-paragraph-no-margin\"><h6>Public policies for peace and justice through universities 2020 Deusto. Carmen Pombo.<\/h6>\n<\/div><\/div><\/div><\/div><\/section><section class=\"vc_row wpb_row vc_row-fluid  vc_custom_1583499516873\"><div class=\"wpb_column vc_column_container vc_col-sm-12  col-xs-mobile-fullwidth\"><div class=\"vc_column-inner \"><div class=\"wpb_wrapper\">[vc_separator]<\/div><\/div><\/div><\/section><section class=\"vc_row wpb_row vc_row-fluid  vc_custom_1583499552603\"><div class=\"wpb_column vc_column_container vc_col-sm-3  col-xs-mobile-fullwidth\"><div class=\"vc_column-inner \"><div class=\"wpb_wrapper\">[vc_video link=&#8221;https:\/\/www.youtube.com\/watch?v=tmxb0DX987k&#8221;][vc_empty_space]<div class=\"last-paragraph-no-margin\"><h6>Public policies for peace and justice through universities 2020 Deusto.<\/h6>\n<\/div><\/div><\/div><\/div><div class=\"wpb_column vc_column_container vc_col-sm-3  col-xs-mobile-fullwidth\"><div class=\"vc_column-inner \"><div class=\"wpb_wrapper\">[vc_video link=&#8221;https:\/\/www.youtube.com\/watch?v=fnwwKZH6Gb4&#8243;][vc_empty_space]<div class=\"last-paragraph-no-margin\"><h6>The Legal Profession and SDGs (lecture by Carmen Pombo \u2013 CGAE).<\/h6>\n<\/div><\/div><\/div><\/div><div class=\"wpb_column vc_column_container vc_col-sm-3  col-xs-mobile-fullwidth\"><div class=\"vc_column-inner \"><div class=\"wpb_wrapper\">[vc_video link=&#8221;https:\/\/www.youtube.com\/watch?v=DV2T8AkoPfs&amp;feature=youtu.be&#8221;][vc_empty_space]<div class=\"last-paragraph-no-margin\"><h6>Human Rights. Carmen Pombo. Bbrainers.<\/h6>\n<\/div><\/div><\/div><\/div><div class=\"wpb_column vc_column_container vc_col-sm-3  col-xs-mobile-fullwidth\"><div class=\"vc_column-inner \"><div class=\"wpb_wrapper\">[vc_video link=&#8221;https:\/\/www.youtube.com\/watch?v=NMH0Gk8amQI&#8221;][vc_empty_space]<div class=\"last-paragraph-no-margin\"><h6>Carmen Pombo: Pro bono is a \u2018new concept\u2019 in Spain 2013.<\/h6>\n<\/div><\/div><\/div><\/div><\/section><section class=\"vc_row wpb_row vc_row-fluid  vc_custom_1583499516873\"><div class=\"wpb_column vc_column_container vc_col-sm-12  col-xs-mobile-fullwidth\"><div class=\"vc_column-inner \"><div class=\"wpb_wrapper\">[vc_separator]<\/div><\/div><\/div><\/section><section class=\"vc_row wpb_row vc_row-fluid  vc_custom_1583499552603\"><div class=\"wpb_column vc_column_container vc_col-sm-3  col-xs-mobile-fullwidth\"><div class=\"vc_column-inner \"><div class=\"wpb_wrapper\">[vc_video link=&#8221;https:\/\/www.youtube.com\/watch?v=07oKpbRK-mE&amp;t=23s&#8221;][vc_empty_space]<div class=\"last-paragraph-no-margin\"><h6>The Social Responsibility of the Legal Profession \u2013 UCLM.<\/h6>\n<\/div><\/div><\/div><\/div><div class=\"wpb_column vc_column_container vc_col-sm-3  col-xs-mobile-fullwidth\"><div class=\"vc_column-inner \"><div class=\"wpb_wrapper\">[vc_video link=&#8221;https:\/\/www.youtube.com\/watch?v=TU_GF03911o&#8221;][vc_empty_space]<div class=\"last-paragraph-no-margin\"><h6>Mission of the Fundaci\u00f3n Fernando Pombo. Bbrainers 2018.<\/h6>\n<\/div><\/div><\/div><\/div><div class=\"wpb_column vc_column_container vc_col-sm-3  col-xs-mobile-fullwidth\"><div class=\"vc_column-inner \"><div class=\"wpb_wrapper\">[vc_video link=&#8221;https:\/\/www.youtube.com\/watch?v=LYyt1fmPeBg&#8221;][vc_empty_space]<div class=\"last-paragraph-no-margin\"><h6>Human Rights, Business &amp; Law Firms. BBrainers 2018.<\/h6>\n<\/div><\/div><\/div><\/div><div class=\"wpb_column vc_column_container vc_col-sm-3  col-xs-mobile-fullwidth\"><div class=\"vc_column-inner \"><div class=\"wpb_wrapper\">[vc_video link=&#8221;https:\/\/www.youtube.com\/watch?v=4-ZdTBlYlrI&#8221;][vc_empty_space]<div class=\"last-paragraph-no-margin\"><h6>What are social impact vouchers? Bbrainers 2018.<\/h6>\n<\/div><\/div><\/div><\/div><\/section><section class=\"vc_row wpb_row vc_row-fluid  vc_custom_1583499516873\"><div class=\"wpb_column vc_column_container vc_col-sm-12  col-xs-mobile-fullwidth\"><div class=\"vc_column-inner \"><div class=\"wpb_wrapper\">[vc_separator]<\/div><\/div><\/div><\/section><section class=\"vc_row wpb_row vc_row-fluid  vc_custom_1583499552603\"><div class=\"wpb_column vc_column_container vc_col-sm-3  col-xs-mobile-fullwidth\"><div class=\"vc_column-inner \"><div class=\"wpb_wrapper\">[vc_video link=&#8221;https:\/\/www.youtube.com\/watch?v=F_nrIxGA0rA&#8221;][vc_empty_space]<div class=\"last-paragraph-no-margin\"><h6>UN Foundation Honors LexisNexis CEO Mike Walsh with Leadership Award for Advancing Rule of Law (Carmen Pombo) 2019.<\/h6>\n<\/div><\/div><\/div><\/div><div class=\"wpb_column vc_column_container vc_col-sm-3  col-xs-mobile-fullwidth\"><div class=\"vc_column-inner \"><div class=\"wpb_wrapper\">[vc_video link=&#8221;https:\/\/www.youtube.com\/watch?v=34iU53PWVLM&#8221;][vc_empty_space]<div class=\"last-paragraph-no-margin\"><h6>What is the second opportunity Act? Bbrainers 2018.<\/h6>\n<\/div><\/div><\/div><\/div><div class=\"wpb_column vc_column_container vc_col-sm-3  col-xs-mobile-fullwidth\"><div class=\"vc_column-inner \"><div class=\"wpb_wrapper\">[vc_video link=&#8221;https:\/\/www.youtube.com\/watch?v=IcxABmvAoJ8&#8243;][vc_empty_space]<div class=\"last-paragraph-no-margin\"><h6>Pro Bono Lawyers Fundaci\u00f3n Fernando Pombo.<\/h6>\n<\/div><\/div><\/div><\/div><div class=\"wpb_column vc_column_container vc_col-sm-3  col-xs-mobile-fullwidth\"><div class=\"vc_column-inner \"><div class=\"wpb_wrapper\">[vc_video link=&#8221;https:\/\/www.youtube.com\/watch?v=FF-jDWPnJ0A&amp;list=PL0HUSO26oUopskWrSVPD0VYjp7Z-jHmdO&#8221;][vc_empty_space]<div class=\"last-paragraph-no-margin\"><h6>Guide for a Second Opportunity for vulnerable persons. Presentation 2018.<\/h6>\n<\/div><\/div><\/div><\/div><\/section><section class=\"vc_row wpb_row vc_row-fluid  vc_custom_1583499516873\"><div class=\"wpb_column vc_column_container vc_col-sm-12  col-xs-mobile-fullwidth\"><div class=\"vc_column-inner \"><div class=\"wpb_wrapper\">[vc_separator]<\/div><\/div><\/div><\/section><section class=\"vc_row wpb_row vc_row-fluid  vc_custom_1583499552603\"><div class=\"wpb_column vc_column_container vc_col-sm-3  col-xs-mobile-fullwidth\"><div class=\"vc_column-inner \"><div class=\"wpb_wrapper\">[vc_video link=&#8221;https:\/\/www.youtube.com\/watch?v=TsNb_qvwddo&#8221;][vc_empty_space]<div class=\"last-paragraph-no-margin\"><h6>Project EXEQUO PSH 2015.<\/h6>\n<\/div><\/div><\/div><\/div><div class=\"wpb_column vc_column_container vc_col-sm-3  col-xs-mobile-fullwidth\"><div class=\"vc_column-inner \"><div class=\"wpb_wrapper\">[vc_video link=&#8221;https:\/\/www.youtube.com\/watch?v=64pGMsbJVBI&#8221;][vc_empty_space]<div class=\"last-paragraph-no-margin\"><h6>PILnet Budapest: Women Love 2017.<\/h6>\n<\/div><\/div><\/div><\/div><div class=\"wpb_column vc_column_container vc_col-sm-3  col-xs-mobile-fullwidth\"><div class=\"vc_column-inner \"><div class=\"wpb_wrapper\">[vc_video link=&#8221;https:\/\/www.youtube.com\/watch?v=s11rGcwQV8c&#8221;][vc_empty_space]<div class=\"last-paragraph-no-margin\"><h6>TV Commitment Fundaci\u00f3n Fernando Pombo 2014.<\/h6>\n<\/div><\/div><\/div><\/div><div class=\"wpb_column vc_column_container vc_col-sm-3  col-xs-mobile-fullwidth\"><div class=\"vc_column-inner \"><div class=\"wpb_wrapper\">[vc_video link=&#8221;https:\/\/www.youtube.com\/watch?v=64pGMsbJVBI&#8221;][vc_empty_space]<div class=\"last-paragraph-no-margin\"><h6>PILnet Budapest: Women Love 2017.<\/h6>\n<\/div><\/div><\/div><\/div><\/section><section class=\"vc_row wpb_row vc_row-fluid  vc_custom_1583499516873\"><div class=\"wpb_column vc_column_container vc_col-sm-12  col-xs-mobile-fullwidth\"><div class=\"vc_column-inner \"><div class=\"wpb_wrapper\">[vc_separator]<\/div><\/div><\/div><\/section><section class=\"vc_row wpb_row vc_row-fluid  vc_custom_1583499552603\"><div class=\"wpb_column vc_column_container vc_col-sm-3  col-xs-mobile-fullwidth\"><div class=\"vc_column-inner \"><div class=\"wpb_wrapper\">[vc_video link=&#8221;https:\/\/www.youtube.com\/watch?v=Ggu4OkMT7mU&amp;t=9s&#8221;][vc_empty_space]<div class=\"last-paragraph-no-margin\"><h6>Fundaci\u00f3n Seres. We must humanize technology (Rafael Merino) 2019.<\/h6>\n<\/div><\/div><\/div><\/div><div class=\"wpb_column vc_column_container vc_col-sm-3  col-xs-mobile-fullwidth\"><div class=\"vc_column-inner \"><div class=\"wpb_wrapper\">[vc_video link=&#8221;https:\/\/www.youtube.com\/watch?v=apZfI022aq8&#8243;][vc_empty_space]<div class=\"last-paragraph-no-margin\"><h6>Advice for Law students and young jurists. Todojuristas.com<\/h6>\n<\/div><\/div><\/div><\/div><div class=\"wpb_column vc_column_container vc_col-sm-3  col-xs-mobile-fullwidth\"><div class=\"vc_column-inner \"><div class=\"wpb_wrapper\">[vc_video link=&#8221;https:\/\/www.youtube.com\/watch?v=da_PXJ10c3Q&amp;feature=youtu.be&#8221;]<div class=\"vc_row wpb_row vc_inner vc_row-fluid   vc_row-o-equal-height vc_row-flex\"><\/div><div class=\"last-paragraph-no-margin\"><h6>Lecture by Carmen Pombo at the \u201cIV A Time for Rights Congress\u201d (IV Congreso El Tiempo de los Derechos).<\/h6>\n<\/div><\/div><\/div><\/div><div class=\"wpb_column vc_column_container vc_col-sm-3  col-xs-mobile-fullwidth\"><div class=\"vc_column-inner \"><div class=\"wpb_wrapper\"><\/div><\/div><\/div><\/section><section class=\"vc_row wpb_row vc_row-fluid\"><div class=\"wpb_column vc_column_container vc_col-sm-12  col-xs-mobile-fullwidth\"><div class=\"vc_column-inner \"><div class=\"wpb_wrapper\">[vc_empty_space height=&#8221;60px&#8221;]<\/div><\/div><\/div><\/section>\n","protected":false},"excerpt":{"rendered":"[vc_empty_space height=\"50px\"]VIDEO ARCHIVES [vc_video link=\"https:\/\/youtu.be\/ZILIfSZgNA8\"][vc_empty_space]Video presentation introducing the Fundaci\u00f3n Fernando Pombo. [vc_video link=\"https:\/\/youtu.be\/gxQUMqErpKU\"][vc_empty_space]\u201cMothers of \u201c \u2013 1st Edition of the EXEQUO Project. [vc_video link=\"https:\/\/youtu.be\/0YROzZVdsuc\"][vc_empty_space]\u201cPut yourself in their shoes\u201d \u2013 2nd Edition of the EXEQUO Project. [vc_video link=\"https:\/\/youtu.be\/ZW9EV05mqwI\"][vc_empty_space]\u201cCompanies and Human Rights: the role of the Legal profession\u201d. [vc_separator][vc_video link=\"https:\/\/www.youtube.com\/watch?v=ndcnQvrC_c8\"][vc_empty_space]Humanitarian Talent Revolution. Video produced within the framework of the X Anniversary of the Humanitarian Talent programme of the Fundaci\u00f3n Bot\u00edn. [vc_video link=\"https:\/\/youtu.be\/fnwwKZH6Gb4\"][vc_empty_space]The Foundation takes part in the conference \u201cThe Legal Profession for the Agenda 2030 and Sustainable Development Goals\u201d, organised by the General Council of the Spanish Legal Profession (Consejo General de la ABogac\u00eda Espa\u00f1ola, CGAE). [vc_video link=\"https:\/\/youtu.be\/Ggu4OkMT7mU\"][vc_empty_space]\u201cWe must humanise technology in order to place Human Rights at the forefront of all technological advancements\u201d, interview with Rafael Merino. Fundaci\u00f3n SERES. [vc_video link=\"https:\/\/www.youtube.com\/watch?v=_R1Ha_nCk6E\"][vc_empty_space]Public policies for peace and justice through universities 2020 Deusto. Carmen Pombo. [vc_separator][vc_video link=\"https:\/\/www.youtube.com\/watch?v=tmxb0DX987k\"][vc_empty_space]Public policies for peace and justice through universities 2020 Deusto. [vc_video link=\"https:\/\/www.youtube.com\/watch?v=fnwwKZH6Gb4\"][vc_empty_space]The Legal Profession and SDGs (lecture by Carmen Pombo \u2013 CGAE). [vc_video link=\"https:\/\/www.youtube.com\/watch?v=DV2T8AkoPfs&amp;feature=youtu.be\"][vc_empty_space]Human Rights. Carmen Pombo. Bbrainers. [vc_video link=\"https:\/\/www.youtube.com\/watch?v=NMH0Gk8amQI\"][vc_empty_space]Carmen Pombo: Pro bono is a \u2018new concept\u2019 in Spain 2013. [vc_separator][vc_video link=\"https:\/\/www.youtube.com\/watch?v=07oKpbRK-mE&amp;t=23s\"][vc_empty_space]The Social Responsibility of the Legal Profession \u2013 UCLM. [vc_video link=\"https:\/\/www.youtube.com\/watch?v=TU_GF03911o\"][vc_empty_space]Mission of the Fundaci\u00f3n Fernando Pombo. Bbrainers&hellip; <a class=\"continue\" href=\"https:\/\/www.fundacionpombo.org\/en\/video-archives\/\">Continuar leyendo<span> VIDEO ARCHIVES<\/span><\/a>","protected":false},"author":2,"featured_media":0,"parent":0,"menu_order":0,"comment_status":"closed","ping_status":"closed","template":"","meta":{"footnotes":""},"class_list":["post-25491","page","type-page","status-publish","hentry"],"yoast_head":"<!-- This site is optimized with the Yoast SEO plugin v27.4 - https:\/\/yoast.com\/product\/yoast-seo-wordpress\/ -->\n<title>VIDEO ARCHIVES - Fundaci\u00f3n Fernando Pombo<\/title>\n<meta name=\"description\" content=\"Promovemos iniciativas jur\u00eddicas encaminadas a fortalecer el Estado de derecho y los derechos humanos. Trabajamos local y globalmente, combinando innovaci\u00f3n y excelencia jur\u00eddica para generar un mayor impacto social.\" \/>\n<meta name=\"robots\" content=\"index, follow, max-snippet:-1, max-image-preview:large, max-video-preview:-1\" \/>\n<link rel=\"canonical\" href=\"https:\/\/www.fundacionpombo.org\/en\/video-archives\/\" \/>\n<meta property=\"og:locale\" content=\"en_US\" \/>\n<meta property=\"og:type\" content=\"article\" \/>\n<meta property=\"og:title\" content=\"VIDEO ARCHIVES - Fundaci\u00f3n Fernando Pombo\" \/>\n<meta property=\"og:description\" content=\"Promovemos iniciativas jur\u00eddicas encaminadas a fortalecer el Estado de derecho y los derechos humanos. Trabajamos local y globalmente, combinando innovaci\u00f3n y excelencia jur\u00eddica para generar un mayor impacto social.\" \/>\n<meta property=\"og:url\" content=\"https:\/\/www.fundacionpombo.org\/en\/video-archives\/\" \/>\n<meta property=\"og:site_name\" content=\"Fundaci\u00f3n Fernando Pombo\" \/>\n<meta property=\"article:publisher\" content=\"https:\/\/www.facebook.com\/FundacionFernandoPombo\" \/>\n<meta property=\"article:modified_time\" content=\"2021-03-16T19:29:27+00:00\" \/>\n<meta name=\"twitter:card\" content=\"summary_large_image\" \/>\n<meta name=\"twitter:site\" content=\"@FundacionFPombo\" \/>\n<script type=\"application\/ld+json\" class=\"yoast-schema-graph\">{\"@context\":\"https:\\\/\\\/schema.org\",\"@graph\":[{\"@type\":\"WebPage\",\"@id\":\"https:\\\/\\\/www.fundacionpombo.org\\\/en\\\/video-archives\\\/\",\"url\":\"https:\\\/\\\/www.fundacionpombo.org\\\/en\\\/video-archives\\\/\",\"name\":\"VIDEO ARCHIVES - Fundaci\u00f3n Fernando Pombo\",\"isPartOf\":{\"@id\":\"https:\\\/\\\/www.fundacionpombo.org\\\/en\\\/#website\"},\"datePublished\":\"2020-03-06T12:37:42+00:00\",\"dateModified\":\"2021-03-16T19:29:27+00:00\",\"description\":\"Promovemos iniciativas jur\u00eddicas encaminadas a fortalecer el Estado de derecho y los derechos humanos. Trabajamos local y globalmente, combinando innovaci\u00f3n y excelencia jur\u00eddica para generar un mayor impacto social.\",\"breadcrumb\":{\"@id\":\"https:\\\/\\\/www.fundacionpombo.org\\\/en\\\/video-archives\\\/#breadcrumb\"},\"inLanguage\":\"en-US\",\"potentialAction\":[{\"@type\":\"ReadAction\",\"target\":[\"https:\\\/\\\/www.fundacionpombo.org\\\/en\\\/video-archives\\\/\"]}]},{\"@type\":\"BreadcrumbList\",\"@id\":\"https:\\\/\\\/www.fundacionpombo.org\\\/en\\\/video-archives\\\/#breadcrumb\",\"itemListElement\":[{\"@type\":\"ListItem\",\"position\":1,\"name\":\"Portada\",\"item\":\"https:\\\/\\\/www.fundacionpombo.org\\\/en\\\/\"},{\"@type\":\"ListItem\",\"position\":2,\"name\":\"VIDEO ARCHIVES\"}]},{\"@type\":\"WebSite\",\"@id\":\"https:\\\/\\\/www.fundacionpombo.org\\\/en\\\/#website\",\"url\":\"https:\\\/\\\/www.fundacionpombo.org\\\/en\\\/\",\"name\":\"Fundaci\u00f3n Fernando Pombo\",\"description\":\"Abogac\u00eda responsable por un mundo m\u00e1s justo\",\"potentialAction\":[{\"@type\":\"SearchAction\",\"target\":{\"@type\":\"EntryPoint\",\"urlTemplate\":\"https:\\\/\\\/www.fundacionpombo.org\\\/en\\\/?s={search_term_string}\"},\"query-input\":{\"@type\":\"PropertyValueSpecification\",\"valueRequired\":true,\"valueName\":\"search_term_string\"}}],\"inLanguage\":\"en-US\"}]}<\/script>\n<!-- \/ Yoast SEO plugin. -->","yoast_head_json":{"title":"VIDEO ARCHIVES - Fundaci\u00f3n Fernando Pombo","description":"Promovemos iniciativas jur\u00eddicas encaminadas a fortalecer el Estado de derecho y los derechos humanos. Trabajamos local y globalmente, combinando innovaci\u00f3n y excelencia jur\u00eddica para generar un mayor impacto social.","robots":{"index":"index","follow":"follow","max-snippet":"max-snippet:-1","max-image-preview":"max-image-preview:large","max-video-preview":"max-video-preview:-1"},"canonical":"https:\/\/www.fundacionpombo.org\/en\/video-archives\/","og_locale":"en_US","og_type":"article","og_title":"VIDEO ARCHIVES - Fundaci\u00f3n Fernando Pombo","og_description":"Promovemos iniciativas jur\u00eddicas encaminadas a fortalecer el Estado de derecho y los derechos humanos. Trabajamos local y globalmente, combinando innovaci\u00f3n y excelencia jur\u00eddica para generar un mayor impacto social.","og_url":"https:\/\/www.fundacionpombo.org\/en\/video-archives\/","og_site_name":"Fundaci\u00f3n Fernando Pombo","article_publisher":"https:\/\/www.facebook.com\/FundacionFernandoPombo","article_modified_time":"2021-03-16T19:29:27+00:00","twitter_card":"summary_large_image","twitter_site":"@FundacionFPombo","schema":{"@context":"https:\/\/schema.org","@graph":[{"@type":"WebPage","@id":"https:\/\/www.fundacionpombo.org\/en\/video-archives\/","url":"https:\/\/www.fundacionpombo.org\/en\/video-archives\/","name":"VIDEO ARCHIVES - Fundaci\u00f3n Fernando Pombo","isPartOf":{"@id":"https:\/\/www.fundacionpombo.org\/en\/#website"},"datePublished":"2020-03-06T12:37:42+00:00","dateModified":"2021-03-16T19:29:27+00:00","description":"Promovemos iniciativas jur\u00eddicas encaminadas a fortalecer el Estado de derecho y los derechos humanos. Trabajamos local y globalmente, combinando innovaci\u00f3n y excelencia jur\u00eddica para generar un mayor impacto social.","breadcrumb":{"@id":"https:\/\/www.fundacionpombo.org\/en\/video-archives\/#breadcrumb"},"inLanguage":"en-US","potentialAction":[{"@type":"ReadAction","target":["https:\/\/www.fundacionpombo.org\/en\/video-archives\/"]}]},{"@type":"BreadcrumbList","@id":"https:\/\/www.fundacionpombo.org\/en\/video-archives\/#breadcrumb","itemListElement":[{"@type":"ListItem","position":1,"name":"Portada","item":"https:\/\/www.fundacionpombo.org\/en\/"},{"@type":"ListItem","position":2,"name":"VIDEO ARCHIVES"}]},{"@type":"WebSite","@id":"https:\/\/www.fundacionpombo.org\/en\/#website","url":"https:\/\/www.fundacionpombo.org\/en\/","name":"Fundaci\u00f3n Fernando Pombo","description":"Abogac\u00eda responsable por un mundo m\u00e1s justo","potentialAction":[{"@type":"SearchAction","target":{"@type":"EntryPoint","urlTemplate":"https:\/\/www.fundacionpombo.org\/en\/?s={search_term_string}"},"query-input":{"@type":"PropertyValueSpecification","valueRequired":true,"valueName":"search_term_string"}}],"inLanguage":"en-US"}]}},"_links":{"self":[{"href":"https:\/\/www.fundacionpombo.org\/en\/wp-json\/wp\/v2\/pages\/25491","targetHints":{"allow":["GET"]}}],"collection":[{"href":"https:\/\/www.fundacionpombo.org\/en\/wp-json\/wp\/v2\/pages"}],"about":[{"href":"https:\/\/www.fundacionpombo.org\/en\/wp-json\/wp\/v2\/types\/page"}],"author":[{"embeddable":true,"href":"https:\/\/www.fundacionpombo.org\/en\/wp-json\/wp\/v2\/users\/2"}],"replies":[{"embeddable":true,"href":"https:\/\/www.fundacionpombo.org\/en\/wp-json\/wp\/v2\/comments?post=25491"}],"version-history":[{"count":0,"href":"https:\/\/www.fundacionpombo.org\/en\/wp-json\/wp\/v2\/pages\/25491\/revisions"}],"wp:attachment":[{"href":"https:\/\/www.fundacionpombo.org\/en\/wp-json\/wp\/v2\/media?parent=25491"}],"curies":[{"name":"wp","href":"https:\/\/api.w.org\/{rel}","templated":true}]}}