{"id":25526,"date":"2020-03-31T11:30:39","date_gmt":"2020-03-31T09:30:39","guid":{"rendered":"https:\/\/www.fundacionpombo.org\/?page_id=25526"},"modified":"2024-09-11T10:17:40","modified_gmt":"2024-09-11T08:17:40","slug":"carmen-pombo-morales","status":"publish","type":"page","link":"https:\/\/www.fundacionpombo.org\/en\/carmen-pombo-morales\/","title":{"rendered":"CARMEN POMBO MORALES"},"content":{"rendered":"<section data-vc-full-width=\"true\" data-vc-full-width-init=\"false\" class=\"vc_row wpb_row vc_row-fluid  vc_custom_1585647883939 pofo-stretch-content pofo-stretch-row-container vc_row-o-content-middle vc_row-flex\"><div class=\"wpb_column vc_column_container vc_col-sm-12  col-xs-mobile-fullwidth text-center md-text-center sm-text-center xs-text-center\"><div class=\"vc_column-inner \"><div class=\"wpb_wrapper\">[vc_empty_space height=&#8221;100px&#8221;]<div class=\"last-paragraph-no-margin\"><h2 style=\"text-align: left;\"><span style=\"color: #333333;\"><strong>Carmen Pombo Morales<\/strong><\/span><\/h2>\n<\/div>[vc_separator color=&#8221;custom&#8221; align=&#8221;align_left&#8221; accent_color=&#8221;#f32735&#8243;][vc_empty_space height=&#8221;30px&#8221;]<div class=\"last-paragraph-no-margin\"><h3 style=\"text-align: left;\"><span style=\"color: #999999;\">Board Member<\/span><\/h3>\n<\/div>[vc_empty_space height=&#8221;50px&#8221;]<div class=\"vc_row wpb_row vc_inner vc_row-fluid\"><div class=\"wpb_column vc_column_container vc_col-sm-6  col-xs-mobile-fullwidth\"><div class=\"vc_column-inner \"><div class=\"wpb_wrapper\">[vc_single_image image=&#8221;24176&#8243; img_size=&#8221;full&#8221; css=&#8221;.vc_custom_1585672125402{padding-top: 0px !important;}&#8221;]<\/div><\/div><\/div><div class=\"wpb_column vc_column_container vc_col-sm-6  col-xs-mobile-fullwidth\"><div class=\"vc_column-inner \"><div class=\"wpb_wrapper\"><div class=\"last-paragraph-no-margin\"><h4><\/h4>\n<h4 style=\"text-align: left;\">\u201cI believe in the power of law to fight against poverty and social injustice; I chose some time ago to make this my professional project\u201d.<\/h4>\n<\/div>[vc_empty_space height=&#8221;15px&#8221;]<div class=\"last-paragraph-no-margin\"><h6 style=\"text-align: left;\">WHAT OTHERS SAY ABOUT CARMEN:<\/h6>\n<h6 style=\"text-align: left;\">\u201cCarmen is an international lawyer and a firm defender of human rights and the rule of law who has undertaken innovative social projects with passion, rigor and great success.\u201d<\/h6>\n<\/div><\/div><\/div><\/div><\/div>[vc_empty_space height=&#8221;50px&#8221;]<\/div><\/div><\/div><\/section><div class=\"vc_row-full-width vc_clearfix\"><\/div><section data-vc-full-width=\"true\" data-vc-full-width-init=\"false\" class=\"vc_row wpb_row vc_row-fluid  vc_custom_1585672415695 vc_row-has-fill vc_column-gap-30 pofo-stretch-content pofo-stretch-row-container\"><div class=\"wpb_column vc_column_container vc_col-sm-6  col-xs-mobile-fullwidth\"><div class=\"vc_column-inner \"><div class=\"wpb_wrapper\"><div class=\"last-paragraph-no-margin\"><h5 style=\"text-align: left;\"><strong>PROFESSIONAL EXPERIENCE<\/strong><\/h5>\n<\/div>[vc_separator color=&#8221;custom&#8221; align=&#8221;align_left&#8221; border_width=&#8221;2&#8243; el_width=&#8221;10&#8243; accent_color=&#8221;#f32735&#8243;][vc_empty_space height=&#8221;30px&#8221;]<div class=\" vc_custom_1720708194233 last-paragraph-no-margin\"><h6>2010-present: Fundaci\u00f3n Fernando Pombo. First director. Currently Member of the Board.<\/h6>\n<h6>2021-present: Vipeika Foundation, Board Member.<\/h6>\n<h6>2019-present: LexisNexis Rule of Law Foundation, Board Member.<\/h6>\n<h6>2012-2016: Save the Children Espa\u00f1a, Board Member.<\/h6>\n<h6>2010-2012: Clarke Modet &amp; Co. Member of the Board of Directors.<\/h6>\n<h6>2008-2010: Pr\u00edncipe Felipe Research Centre. Transfer of technology.<\/h6>\n<h6>2005-2011: Propi. Member of the Board of Directors.<\/h6>\n<h6>1998-2008: Clarke, Modet &amp; Co. Industrial and Intellectual Property Lawyer. Director of International Development.<\/h6>\n<h6>2003-2008:Clarke Modet &amp; Co. Secretary of the Board of Directors.<\/h6>\n<h6>2000: Race Relations Commissioner: Intern. Auckland, New Zealand.<\/h6>\n<h6>1999: Data Protection Agency: Intern. Auckland, New Zealand.<\/h6>\n<\/div><div class=\"last-paragraph-no-margin\"><h5 style=\"text-align: left;\"><strong>LANGUAGES<\/strong><\/h5>\n<\/div>[vc_separator color=&#8221;custom&#8221; align=&#8221;align_left&#8221; border_width=&#8221;2&#8243; el_width=&#8221;10&#8243; accent_color=&#8221;#f32735&#8243;][vc_empty_space height=&#8221;30px&#8221;]<div class=\" vc_custom_1720708253506 last-paragraph-no-margin\"><h6>English, French and German.<\/h6>\n<\/div><div class=\"last-paragraph-no-margin\"><h5 style=\"text-align: left;\"><strong>CONFERENCES<\/strong><\/h5>\n<\/div>[vc_separator color=&#8221;custom&#8221; align=&#8221;align_left&#8221; border_width=&#8221;2&#8243; el_width=&#8221;10&#8243; accent_color=&#8221;#f32735&#8243;][vc_empty_space height=&#8221;30px&#8221;]<div class=\" vc_custom_1602925107299 last-paragraph-no-margin\"><h6><strong>\u201cBusiness for the rule of law\u201d<\/strong>, United Nations Foundation, New York 2019.<\/h6>\n<h6><strong>\u201cDefending the rule of law\u201d<\/strong>, IBA Annual Conference, Seoul 2019.<\/h6>\n<h6><strong>\u201cRule of law symposium: Best practices to address the persecution of lawyers and judges and threats to the independence of the legal profession \u2013 what we can do\u201d<\/strong>, IBA Annual Conference, Seoul 2019.<\/h6>\n<h6><strong>\u201c<em>Buenas pr\u00e1cticas de abogac\u00eda Pro Bono<\/em>\u201d<\/strong> (Good practices in pro bono law), Spanish Law Conference General Conference of Spanish Law, Valladolid 2019.<\/h6>\n<h6><strong>\u201c<em>Abogac\u00eda del futuro: DD.HH. y empresas<\/em>\u201d<\/strong> (Law of the future: Human Rights and businesses) Bar Association of Bizkaia, Bilbao 2019.<\/h6>\n<h6><strong>\u201cBusiness, human rights and poverty: strategic advantages and a lawyer\u2019s personal responsibility\u201d<\/strong> IBA Annual Conference, Rome 2018.<\/h6>\n<h6><strong>\u201cRule of Law symposium: Business for the Rule of Law\u201d<\/strong>, IBA Annual Conference, Rome 2018.<\/h6>\n<h6><strong>\u201c<em>El desarrollo del Pro Bono en la Abogac\u00eda: an\u00e1lisis comparado y experiencia en Espa\u00f1a<\/em>\u201d<\/strong> (Pro bono practice in law: a comparative analysis and experience in Spain) Pro Bono Legal Conference, General Spanish Law Council, Madrid 2018.<\/h6>\n<h6><strong>\u201c<em>ODS 16: Paz, justicia e instituciones s\u00f3lidas: acceso a la Justicia<\/em>\u201d<\/strong>, (ODS 16: Peace, justice and strong institutions: Access to justice) A legal profession for the 2030 agenda conference, General Council of Spanish Law, Madrid 2018.<\/h6>\n<h6><strong>\u201c<em>Retos Abogac\u00eda y Sociedad<\/em>\u201d<\/strong> (Legal Challenges and Society) BBrainers, Madrid 2018.<\/h6>\n<h6><strong>\u201cRule of Law symposium: the anti-corruption revolution in Latin America\u201d<\/strong> IBA Annual Conference, Sydney 2017.<\/h6>\n<h6><strong>\u201cRule of Law Symposium: the politics of judicial appointments\u201d<\/strong> IBA Annual Conference, Sydney 2017.<\/h6>\n<h6><strong>\u201cPoverty in rich countries\u201d<\/strong>, IBA Annual Conference, Sydney 2017.<\/h6>\n<h6><strong>\u201cResponsible Growth: The Business and Economic Incentive for the Advancement of the Rule of Law and Protection of Human Rights\u201d<\/strong> Union Internationale d\u2019Avocats Annual Conference, Toronto 2017.<\/h6>\n<h6><strong>\u201cSocial Entrepreneurship: a way for law firms to do good and do well\u201d<\/strong>, American Bar Association Section of International Law, New York, 2017.<\/h6>\n<h6><strong>\u201cViolence against women\u201d<\/strong> European Pro Bono Forum, Budapest 2017.<\/h6>\n<h6><strong>\u201cAbogac\u00eda Pro Bono para la transformaci\u00f3n social\u201d<\/strong> (Pro bono law for social transformation) \u00a0<em>El Tiempo de los Derechos<\/em>(The time of rights) International Conference, Univ. Carlos III, Madrid 2017.<\/h6>\n<h6><strong>\u201cBuilding a pro bono infrastructure\u201d<\/strong>, IBA Annual Conference, Washington 2016.<\/h6>\n<h6><strong>\u201cLow Bono, Entrepreneurship and Society\u201d<\/strong> IBA Annual Conference, Washington 2016.<\/h6>\n<h6><strong>\u201cCorporate lawyers 2.0 \u2013 specialised in sustainability and human rights\u201d<\/strong> IBA Annual Conference, Washington 2016.<\/h6>\n<h6><strong>\u201cPracticing Law with Respect to Human Rights\u201d<\/strong> European Pro Bono Forum, Amsterdam 2016.<\/h6>\n<\/div><\/div><\/div><\/div><div class=\"wpb_column vc_column_container vc_col-sm-6  col-xs-mobile-fullwidth\"><div class=\"vc_column-inner \"><div class=\"wpb_wrapper\"><div class=\"last-paragraph-no-margin\"><h5 style=\"text-align: left;\"><strong>AREAS<\/strong><\/h5>\n<\/div>[vc_separator color=&#8221;custom&#8221; align=&#8221;align_left&#8221; border_width=&#8221;2&#8243; el_width=&#8221;10&#8243; accent_color=&#8221;#f32735&#8243;][vc_empty_space height=&#8221;30px&#8221;]<div class=\" vc_custom_1726042650278 last-paragraph-no-margin\"><h6>Expert in public interest international law, she was the leader of the Foundation during its first decade. An international pioneer in promoting social responsibility in the legal profession, the rule of law, the development of pro bono legal practice, the Legal Clinics and the role of lawyers in the implementation of the guiding principles of businesses and human rights.<\/h6>\n<\/div><div class=\"last-paragraph-no-margin\"><h5><strong>INSTITUTIONS AND ASSOCIATIONS<\/strong><\/h5>\n<\/div>[vc_separator color=&#8221;custom&#8221; align=&#8221;align_left&#8221; border_width=&#8221;2&#8243; el_width=&#8221;10&#8243; accent_color=&#8221;#f32735&#8243;][vc_empty_space height=&#8221;30px&#8221;]<div class=\" vc_custom_1720708208895 last-paragraph-no-margin\"><h6>2017 -2021: IBA Rule of Law Forum, co-chair.<\/h6>\n<h6>2017-2021: IBA Section Public &amp; Professional Division Council, Advisor.<\/h6>\n<h6>2017-2021: CEEILI Institute for the Rule of Law, International Committee Advisor.<\/h6>\n<h6>2015-present: University of Navarra School of Law, Advisory Council.<\/h6>\n<h6>2015-2018 IBA Pro Bono Committee, Vice-Chair.<\/h6>\n<h6>2014-2016: PILnet (Public Interest Law Global Network), Pro Bono Council.<\/h6>\n<h6>2014-2021: IBA Poverty and Social Development Committee, Vice-Chair to Advisory Council.<\/h6>\n<h6>2007-2008 IBA Young Lawyers Committee, Chair and creator.<\/h6>\n<\/div><div class=\"last-paragraph-no-margin\"><h5 style=\"text-align: left;\"><strong>TEACHING EXPERIENCE<\/strong><\/h5>\n<\/div>[vc_separator color=&#8221;custom&#8221; align=&#8221;align_left&#8221; border_width=&#8221;2&#8243; el_width=&#8221;10&#8243; accent_color=&#8221;#f32735&#8243;][vc_empty_space height=&#8221;30px&#8221;]<div class=\" vc_custom_1602925554151 last-paragraph-no-margin\"><h6>\u201c<em>Responsabilidad social de la abogac\u00eda\u201d<\/em> (Social responsibility of the legal profession) Master\u2019s for Access to the Bar, Univ. Carlos III de Madrid (8h) 2013 \u2013 2020<\/h6>\n<h6>\u201cBusiness Ethics: The New Role of Corporate Lawyers\u201d McGeorge School of Law, University of the Pacific, Summer Program in Salzburg, (14h) 2016.<\/h6>\n<h6>\u201c<em>Responsabilidad social de la abogac\u00eda<\/em>\u201d (Social responsibility of the legal profession) Master\u2019s for Access to the Bar, ICADE (5h) 2013 \u2013 2016<\/h6>\n<h6>\u201c<em>La abogac\u00eda solidaria. La responsabilidad social de la abogac\u00eda<\/em>\u201d (Humanitarian law. Social responsibility of the legal profession) Pompeu Fabra (8h) 2014.<\/h6>\n<h6>Multiple courses at the following universities: Universidad de Navarra, CEU, Deusto, ESADE, IE University, Univ. de Cantabria, Univ. Cat\u00f3lica de Valencia, Univ. Europea de Madrid, Univ. de Sevilla, Univ. de Valencia, Univ. de Alcal\u00e1, Univ. Aut\u00f3noma de Madrid, Univ. de Castilla la Mancha, Univ. Complutense de Madrid, Univ. Internacional de Catalu\u00f1a, UNIR, Univ. de Murcia, Georgetown Univ., Lomonosov Moscow State University.<\/h6>\n<\/div><div class=\"last-paragraph-no-margin\"><h5 style=\"text-align: left;\"><strong>PUBLICATIONS<\/strong><\/h5>\n<\/div>[vc_separator color=&#8221;custom&#8221; align=&#8221;align_left&#8221; border_width=&#8221;2&#8243; el_width=&#8221;10&#8243; accent_color=&#8221;#f32735&#8243;][vc_empty_space height=&#8221;30px&#8221;]<div class=\" vc_custom_1720520778906 last-paragraph-no-margin\"><h6><strong>&#8220;Business and human trafficking&#8221;<\/strong> chapter in Practical issues on human trafficking: an interdisciplinary vision 2022. Rafael Merino and Carmen Pombo.<\/h6>\n<h6><strong>\u201cPro Bono through blockchain\u201d<\/strong> Pro Bono Committee News, Newsletter of the International Bar Association Public (IBA) and Professional Interest Division, 2020. Alejandra Mart\u00edn and Carmen Pombo.<\/h6>\n<h6><strong>\u201cSocial entrepreneurship: a strategic growth area for law firms in the 2020s\u201d<\/strong> chapter in Modern Legal Practice, Globe Law and Business 2020. Norman Clark and Carmen Pombo.<\/h6>\n<h6><strong>Podcast: \u201cPoverty and the Rule of Law\u201d<\/strong> IBA Rule of Law Forum and IBA Poverty and Social Development Committee, Carmen Pombo and Ian McDougall.<\/h6>\n<h6><strong>\u201c<em>EL ARTE DE ABOGAR III: Abogac\u00eda Pro Bono: cambiar el mundo tambi\u00e9n es cosa de abogados<\/em>\u201d<\/strong> (THE ART OF LAW III: Pro bono law: changing the world is also a task for lawyers\u201d <em>Revista Abogac\u00eda<\/em>, of the Spanish General Law Council. January 2018. Carmen Pombo.<\/h6>\n<h6><strong>\u201cOverview of significant rule of law issues in the world: 2017. Report of the Rule of Law Forum of the International Bar Association\u201d<\/strong> 2018. Homer Moyer and Carmen Pombo.<\/h6>\n<h6><strong>\u201c<em>Publicaci\u00f3n por la Asociaci\u00f3n Internacional de la Abogac\u00eda<\/em> (IBA) <em>de la Gu\u00eda sobre DD.HH. y empresas para abogados de negocios<\/em>\u201d<\/strong> (Publication by the International Bar Association (IBA) of the Guide on Human Rights and businesses for business lawyers\u201d Carmen Pombo. <em>Revista de Derecho de Sociedades<\/em> 2017 N\u00fam. 49<\/h6>\n<h6><strong>\u201cThe legal profession, poverty and social exclusion in Spain\u201d<\/strong> Access to Justice and Legal Assistance Committee, Newsletter of the IBA, 2016. Carmen Pombo and Carolina Posse Van der Laat.<\/h6>\n<\/div><div class=\"last-paragraph-no-margin\"><h5 style=\"text-align: left;\"><strong>EDUCATION<\/strong><\/h5>\n<\/div>[vc_separator color=&#8221;custom&#8221; align=&#8221;align_left&#8221; border_width=&#8221;2&#8243; el_width=&#8221;10&#8243; accent_color=&#8221;#f32735&#8243;][vc_empty_space height=&#8221;30px&#8221;]<div class=\" vc_custom_1602926002845 last-paragraph-no-margin\"><h6><strong>Specialisation in Foundation Management<\/strong><\/h6>\n<h6>2010: CEU, Instituto Universitario de Estudios Europeos.<\/h6>\n<h6><strong>Master in Business Administration (MBA)<\/strong><\/h6>\n<h6>2005-2006: San Pablo CEU, Business School<\/h6>\n<h6><strong>Legal advisor for companies<\/strong><\/h6>\n<h6>1993-1998: Universidad Pontificia de Comillas (ICADE \u2013 E1).<\/h6>\n<h6>1996-1997: Eberhard-Karls-Universit\u00e4t T\u00fcbingen, Germany (ERASMUS).<\/h6>\n<h6>1998: McGeorge School of Law, Salzburg, Austria. Fundamental Rights in Europe and the U.S.<\/h6>\n<h6>1996: Georgetown University, Washington D.C.. Public Speaking. Improved performance.<\/h6>\n<\/div><\/div><\/div><\/div><\/section><div class=\"vc_row-full-width vc_clearfix\"><\/div>\n","protected":false},"excerpt":{"rendered":"[vc_empty_space height=\"100px\"]Carmen Pombo Morales [vc_separator color=\"custom\" align=\"align_left\" accent_color=\"#f32735\"][vc_empty_space height=\"30px\"]Board Member [vc_empty_space height=\"50px\"][vc_single_image image=\"24176\" img_size=\"full\" css=\".vc_custom_1585672125402{padding-top: 0px !important;}\"] \u201cI believe in the power of law to fight against poverty and social injustice; I chose some time ago to make this my professional project\u201d. [vc_empty_space height=\"15px\"]WHAT OTHERS SAY ABOUT CARMEN: \u201cCarmen is an international lawyer and a firm defender of human rights and the rule of law who has undertaken innovative social projects with passion, rigor and great success.\u201d [vc_empty_space height=\"50px\"]PROFESSIONAL EXPERIENCE [vc_separator color=\"custom\" align=\"align_left\" border_width=\"2\" el_width=\"10\" accent_color=\"#f32735\"][vc_empty_space height=\"30px\"]2010-present: Fundaci\u00f3n Fernando Pombo. First director. Currently Member of the Board. 2021-present: Vipeika Foundation, Board Member. 2019-present: LexisNexis Rule of Law Foundation, Board Member. 2012-2016: Save the Children Espa\u00f1a, Board Member. 2010-2012: Clarke Modet &amp; Co. Member of the Board of Directors. 2008-2010: Pr\u00edncipe Felipe Research Centre. Transfer of technology. 2005-2011: Propi. Member of the Board of Directors. 1998-2008: Clarke, Modet &amp; Co. Industrial and Intellectual Property Lawyer. Director of International Development. 2003-2008:Clarke Modet &amp; Co. Secretary of the Board of Directors. 2000: Race Relations Commissioner: Intern. Auckland, New Zealand. 1999: Data Protection Agency: Intern. Auckland, New Zealand. LANGUAGES [vc_separator color=\"custom\" align=\"align_left\" border_width=\"2\" el_width=\"10\" accent_color=\"#f32735\"][vc_empty_space height=\"30px\"]English, French and German. CONFERENCES [vc_separator color=\"custom\" align=\"align_left\" border_width=\"2\"&hellip; <a class=\"continue\" href=\"https:\/\/www.fundacionpombo.org\/en\/carmen-pombo-morales\/\">Continuar leyendo<span> CARMEN POMBO MORALES<\/span><\/a>","protected":false},"author":2,"featured_media":0,"parent":0,"menu_order":0,"comment_status":"closed","ping_status":"closed","template":"","meta":{"footnotes":""},"class_list":["post-25526","page","type-page","status-publish","hentry"],"yoast_head":"<!-- This site is optimized with the Yoast SEO plugin v27.4 - https:\/\/yoast.com\/product\/yoast-seo-wordpress\/ -->\n<title>CARMEN POMBO MORALES - Fundaci\u00f3n Fernando Pombo<\/title>\n<meta name=\"description\" content=\"Promovemos iniciativas jur\u00eddicas encaminadas a fortalecer el Estado de derecho y los derechos humanos. Trabajamos local y globalmente, combinando innovaci\u00f3n y excelencia jur\u00eddica para generar un mayor impacto social.\" \/>\n<meta name=\"robots\" content=\"index, follow, max-snippet:-1, max-image-preview:large, max-video-preview:-1\" \/>\n<link rel=\"canonical\" href=\"https:\/\/www.fundacionpombo.org\/en\/carmen-pombo-morales\/\" \/>\n<meta property=\"og:locale\" content=\"en_US\" \/>\n<meta property=\"og:type\" content=\"article\" \/>\n<meta property=\"og:title\" content=\"CARMEN POMBO MORALES - Fundaci\u00f3n Fernando Pombo\" \/>\n<meta property=\"og:description\" content=\"Promovemos iniciativas jur\u00eddicas encaminadas a fortalecer el Estado de derecho y los derechos humanos. Trabajamos local y globalmente, combinando innovaci\u00f3n y excelencia jur\u00eddica para generar un mayor impacto social.\" \/>\n<meta property=\"og:url\" content=\"https:\/\/www.fundacionpombo.org\/en\/carmen-pombo-morales\/\" \/>\n<meta property=\"og:site_name\" content=\"Fundaci\u00f3n Fernando Pombo\" \/>\n<meta property=\"article:publisher\" content=\"https:\/\/www.facebook.com\/FundacionFernandoPombo\" \/>\n<meta property=\"article:modified_time\" content=\"2024-09-11T08:17:40+00:00\" \/>\n<meta name=\"twitter:card\" content=\"summary_large_image\" \/>\n<meta name=\"twitter:site\" content=\"@FundacionFPombo\" \/>\n<script type=\"application\/ld+json\" class=\"yoast-schema-graph\">{\"@context\":\"https:\\\/\\\/schema.org\",\"@graph\":[{\"@type\":\"WebPage\",\"@id\":\"https:\\\/\\\/www.fundacionpombo.org\\\/en\\\/carmen-pombo-morales\\\/\",\"url\":\"https:\\\/\\\/www.fundacionpombo.org\\\/en\\\/carmen-pombo-morales\\\/\",\"name\":\"CARMEN POMBO MORALES - Fundaci\u00f3n Fernando Pombo\",\"isPartOf\":{\"@id\":\"https:\\\/\\\/www.fundacionpombo.org\\\/en\\\/#website\"},\"datePublished\":\"2020-03-31T09:30:39+00:00\",\"dateModified\":\"2024-09-11T08:17:40+00:00\",\"description\":\"Promovemos iniciativas jur\u00eddicas encaminadas a fortalecer el Estado de derecho y los derechos humanos. Trabajamos local y globalmente, combinando innovaci\u00f3n y excelencia jur\u00eddica para generar un mayor impacto social.\",\"breadcrumb\":{\"@id\":\"https:\\\/\\\/www.fundacionpombo.org\\\/en\\\/carmen-pombo-morales\\\/#breadcrumb\"},\"inLanguage\":\"en-US\",\"potentialAction\":[{\"@type\":\"ReadAction\",\"target\":[\"https:\\\/\\\/www.fundacionpombo.org\\\/en\\\/carmen-pombo-morales\\\/\"]}]},{\"@type\":\"BreadcrumbList\",\"@id\":\"https:\\\/\\\/www.fundacionpombo.org\\\/en\\\/carmen-pombo-morales\\\/#breadcrumb\",\"itemListElement\":[{\"@type\":\"ListItem\",\"position\":1,\"name\":\"Portada\",\"item\":\"https:\\\/\\\/www.fundacionpombo.org\\\/en\\\/\"},{\"@type\":\"ListItem\",\"position\":2,\"name\":\"CARMEN POMBO MORALES\"}]},{\"@type\":\"WebSite\",\"@id\":\"https:\\\/\\\/www.fundacionpombo.org\\\/en\\\/#website\",\"url\":\"https:\\\/\\\/www.fundacionpombo.org\\\/en\\\/\",\"name\":\"Fundaci\u00f3n Fernando Pombo\",\"description\":\"Abogac\u00eda responsable por un mundo m\u00e1s justo\",\"potentialAction\":[{\"@type\":\"SearchAction\",\"target\":{\"@type\":\"EntryPoint\",\"urlTemplate\":\"https:\\\/\\\/www.fundacionpombo.org\\\/en\\\/?s={search_term_string}\"},\"query-input\":{\"@type\":\"PropertyValueSpecification\",\"valueRequired\":true,\"valueName\":\"search_term_string\"}}],\"inLanguage\":\"en-US\"}]}<\/script>\n<!-- \/ Yoast SEO plugin. -->","yoast_head_json":{"title":"CARMEN POMBO MORALES - Fundaci\u00f3n Fernando Pombo","description":"Promovemos iniciativas jur\u00eddicas encaminadas a fortalecer el Estado de derecho y los derechos humanos. Trabajamos local y globalmente, combinando innovaci\u00f3n y excelencia jur\u00eddica para generar un mayor impacto social.","robots":{"index":"index","follow":"follow","max-snippet":"max-snippet:-1","max-image-preview":"max-image-preview:large","max-video-preview":"max-video-preview:-1"},"canonical":"https:\/\/www.fundacionpombo.org\/en\/carmen-pombo-morales\/","og_locale":"en_US","og_type":"article","og_title":"CARMEN POMBO MORALES - Fundaci\u00f3n Fernando Pombo","og_description":"Promovemos iniciativas jur\u00eddicas encaminadas a fortalecer el Estado de derecho y los derechos humanos. Trabajamos local y globalmente, combinando innovaci\u00f3n y excelencia jur\u00eddica para generar un mayor impacto social.","og_url":"https:\/\/www.fundacionpombo.org\/en\/carmen-pombo-morales\/","og_site_name":"Fundaci\u00f3n Fernando Pombo","article_publisher":"https:\/\/www.facebook.com\/FundacionFernandoPombo","article_modified_time":"2024-09-11T08:17:40+00:00","twitter_card":"summary_large_image","twitter_site":"@FundacionFPombo","schema":{"@context":"https:\/\/schema.org","@graph":[{"@type":"WebPage","@id":"https:\/\/www.fundacionpombo.org\/en\/carmen-pombo-morales\/","url":"https:\/\/www.fundacionpombo.org\/en\/carmen-pombo-morales\/","name":"CARMEN POMBO MORALES - Fundaci\u00f3n Fernando Pombo","isPartOf":{"@id":"https:\/\/www.fundacionpombo.org\/en\/#website"},"datePublished":"2020-03-31T09:30:39+00:00","dateModified":"2024-09-11T08:17:40+00:00","description":"Promovemos iniciativas jur\u00eddicas encaminadas a fortalecer el Estado de derecho y los derechos humanos. Trabajamos local y globalmente, combinando innovaci\u00f3n y excelencia jur\u00eddica para generar un mayor impacto social.","breadcrumb":{"@id":"https:\/\/www.fundacionpombo.org\/en\/carmen-pombo-morales\/#breadcrumb"},"inLanguage":"en-US","potentialAction":[{"@type":"ReadAction","target":["https:\/\/www.fundacionpombo.org\/en\/carmen-pombo-morales\/"]}]},{"@type":"BreadcrumbList","@id":"https:\/\/www.fundacionpombo.org\/en\/carmen-pombo-morales\/#breadcrumb","itemListElement":[{"@type":"ListItem","position":1,"name":"Portada","item":"https:\/\/www.fundacionpombo.org\/en\/"},{"@type":"ListItem","position":2,"name":"CARMEN POMBO MORALES"}]},{"@type":"WebSite","@id":"https:\/\/www.fundacionpombo.org\/en\/#website","url":"https:\/\/www.fundacionpombo.org\/en\/","name":"Fundaci\u00f3n Fernando Pombo","description":"Abogac\u00eda responsable por un mundo m\u00e1s justo","potentialAction":[{"@type":"SearchAction","target":{"@type":"EntryPoint","urlTemplate":"https:\/\/www.fundacionpombo.org\/en\/?s={search_term_string}"},"query-input":{"@type":"PropertyValueSpecification","valueRequired":true,"valueName":"search_term_string"}}],"inLanguage":"en-US"}]}},"_links":{"self":[{"href":"https:\/\/www.fundacionpombo.org\/en\/wp-json\/wp\/v2\/pages\/25526","targetHints":{"allow":["GET"]}}],"collection":[{"href":"https:\/\/www.fundacionpombo.org\/en\/wp-json\/wp\/v2\/pages"}],"about":[{"href":"https:\/\/www.fundacionpombo.org\/en\/wp-json\/wp\/v2\/types\/page"}],"author":[{"embeddable":true,"href":"https:\/\/www.fundacionpombo.org\/en\/wp-json\/wp\/v2\/users\/2"}],"replies":[{"embeddable":true,"href":"https:\/\/www.fundacionpombo.org\/en\/wp-json\/wp\/v2\/comments?post=25526"}],"version-history":[{"count":0,"href":"https:\/\/www.fundacionpombo.org\/en\/wp-json\/wp\/v2\/pages\/25526\/revisions"}],"wp:attachment":[{"href":"https:\/\/www.fundacionpombo.org\/en\/wp-json\/wp\/v2\/media?parent=25526"}],"curies":[{"name":"wp","href":"https:\/\/api.w.org\/{rel}","templated":true}]}}