{"id":25534,"date":"2020-09-28T12:04:44","date_gmt":"2020-09-28T10:04:44","guid":{"rendered":"https:\/\/www.fundacionpombo.org\/?page_id=25534"},"modified":"2023-08-02T14:34:51","modified_gmt":"2023-08-02T12:34:51","slug":"ana-higuera","status":"publish","type":"page","link":"https:\/\/www.fundacionpombo.org\/en\/ana-higuera\/","title":{"rendered":"ANA HIGUERA"},"content":{"rendered":"<section data-vc-full-width=\"true\" data-vc-full-width-init=\"false\" class=\"vc_row wpb_row vc_row-fluid  vc_custom_1585647883939 pofo-stretch-content pofo-stretch-row-container vc_row-o-content-middle vc_row-flex\"><div class=\"wpb_column vc_column_container vc_col-sm-12  col-xs-mobile-fullwidth text-center md-text-center sm-text-center xs-text-center\"><div class=\"vc_column-inner \"><div class=\"wpb_wrapper\">[vc_empty_space height=&#8221;100px&#8221;]<div class=\"last-paragraph-no-margin\"><h2 style=\"text-align: left;\"><span style=\"color: #333333;\"><strong>Ana Higuera\u00a0<\/strong><\/span><\/h2>\n<\/div>[vc_separator color=&#8221;custom&#8221; align=&#8221;align_left&#8221; accent_color=&#8221;#f32735&#8243;][vc_empty_space height=&#8221;30px&#8221;]<div class=\"last-paragraph-no-margin\"><h3 style=\"text-align: left;\"><span style=\"color: #999999;\">CEO, Managing Director<\/span><\/h3>\n<\/div>[vc_empty_space height=&#8221;50px&#8221;]<div class=\"vc_row wpb_row vc_inner vc_row-fluid\"><div class=\"wpb_column vc_column_container vc_col-sm-6  col-xs-mobile-fullwidth\"><div class=\"vc_column-inner \"><div class=\"wpb_wrapper\">[vc_single_image image=&#8221;21588&#8243; img_size=&#8221;full&#8221; css=&#8221;.vc_custom_1601286899948{padding-top: 0px !important;}&#8221;]<\/div><\/div><\/div><div class=\"wpb_column vc_column_container vc_col-sm-6  col-xs-mobile-fullwidth\"><div class=\"vc_column-inner \"><div class=\"wpb_wrapper\">[vc_empty_space height=&#8221;100px&#8221;]<div class=\"last-paragraph-no-margin\"><h6 style=\"text-align: left;\"><\/h6>\n<h6 style=\"text-align: left;\"><\/h6>\n<h6 style=\"text-align: left;\"><\/h6>\n<h6 style=\"text-align: left;\"><\/h6>\n<h6 style=\"text-align: left;\"><\/h6>\n<\/div>[vc_empty_space height=&#8221;15px&#8221;]<\/div><\/div><\/div><\/div>[vc_empty_space height=&#8221;50px&#8221;]<\/div><\/div><\/div><\/section><div class=\"vc_row-full-width vc_clearfix\"><\/div><section data-vc-full-width=\"true\" data-vc-full-width-init=\"false\" class=\"vc_row wpb_row vc_row-fluid  vc_custom_1585672415695 vc_row-has-fill vc_column-gap-30 pofo-stretch-content pofo-stretch-row-container\"><div class=\"wpb_column vc_column_container vc_col-sm-6  col-xs-mobile-fullwidth\"><div class=\"vc_column-inner \"><div class=\"wpb_wrapper\"><div class=\"last-paragraph-no-margin\"><h5 style=\"text-align: left;\"><strong>PROFESSIONAL EXPERIENCE<\/strong><\/h5>\n<\/div>[vc_separator color=&#8221;custom&#8221; align=&#8221;align_left&#8221; border_width=&#8221;2&#8243; el_width=&#8221;10&#8243; accent_color=&#8221;#f32735&#8243;][vc_empty_space height=&#8221;30px&#8221;]<div class=\" vc_custom_1690979075427 last-paragraph-no-margin\"><h6>Since 2022, CEO, FUNDACI\u00d3N FERNANDO POMBO<\/h6>\n<h6>Since 2014, Pro Bono Director \u2013 Lawyer , FUNDACI\u00d3N FERNANDO POMBO<\/h6>\n<h6>1997-2014\u00a0 Lawyer at the law firm UR\u00cdA &amp; MEN\u00c9NDEZ<\/h6>\n<\/div><div class=\"last-paragraph-no-margin\"><h5 style=\"text-align: left;\"><strong>SPECIALISATION AND HIGHLIGHTS<\/strong><\/h5>\n<\/div>[vc_separator color=&#8221;custom&#8221; align=&#8221;align_left&#8221; border_width=&#8221;2&#8243; el_width=&#8221;10&#8243; accent_color=&#8221;#f32735&#8243;][vc_empty_space height=&#8221;30px&#8221;]<div class=\" vc_custom_1690979178126 last-paragraph-no-margin\"><h6>Expert in international advocacy for the public interest.\u00a0 Expert in Employment and Social Security Law.<\/h6>\n<h6><strong>Lines of research include<\/strong> public interest law matters, social responsibility in the legal practice, pro bono development, legal clinics and the role of lawyers in the Implementation of the Guiding Principles for Corporations and Human Rights. With regard to studies in the fields of Employment and Social Security Law: family benefits, workplace equality, conciliation and discrimination.<\/h6>\n<h6><strong>\u00a0She was recognised amongst the best pro bono lawyers in the world by the International Bar Association in 2017. <\/strong><\/h6>\n<h6><strong>Specially remarkable is that Ana coordinated the legislative proposal that creates the Public Subsidy in Spain to protect families in case of care of children with severe ilnesses.<\/strong><\/h6>\n<\/div><div class=\"last-paragraph-no-margin\"><h5 style=\"text-align: left;\"><strong>LANGUAGES<\/strong><\/h5>\n<\/div>[vc_separator color=&#8221;custom&#8221; align=&#8221;align_left&#8221; border_width=&#8221;2&#8243; el_width=&#8221;10&#8243; accent_color=&#8221;#f32735&#8243;][vc_empty_space height=&#8221;30px&#8221;]<div class=\" vc_custom_1602926687552 last-paragraph-no-margin\"><p>&lt;h6Spanish, English and French.<\/p>\n<\/div><div class=\"last-paragraph-no-margin\"><h5 style=\"text-align: left;\"><strong>TEACHING\u00a0<\/strong><\/h5>\n<\/div>[vc_separator color=&#8221;custom&#8221; align=&#8221;align_left&#8221; border_width=&#8221;2&#8243; el_width=&#8221;10&#8243; accent_color=&#8221;#f32735&#8243;][vc_empty_space height=&#8221;30px&#8221;]<div class=\" vc_custom_1690979507486 last-paragraph-no-margin\"><ul>\n<li>1998-present, Employment Law Professor, <strong>Universidad Pontificia Comillas \u2013 ICADE.<\/strong><\/li>\n<li>2019-present, Member of the Conciliation Observatory at the Universidad Pontificia Comillas<\/li>\n<li>2014-present, Employment law Professor, ESCP, Europe<\/li>\n<li>2010-2022,\u00a0 \u00a0 Secretary of the M\u00e1sHumano Foundation<\/li>\n<li>2004-2016,\u00a0 \u00a0 Professor in the Higher Learning Programme for Employment Advice for Professionals, IE Law School<\/li>\n<\/ul>\n<\/div><div class=\"last-paragraph-no-margin\"><h5><strong>STUDIES<\/strong><\/h5>\n<\/div>[vc_separator color=&#8221;custom&#8221; align=&#8221;align_left&#8221; border_width=&#8221;2&#8243; el_width=&#8221;10&#8243; accent_color=&#8221;#f32735&#8243;][vc_empty_space height=&#8221;30px&#8221;]<div class=\" vc_custom_1602926946918 last-paragraph-no-margin\"><h6><strong>Universidad Pontificia Comillas<\/strong> \u2013ICADE \u2013 Advisory Counsel for Corporations (E-1) 1991-1996.<\/h6>\n<h6><strong>Complutense University of Madrid School of Law.<\/strong> Diploma in Employment Law. 1998<\/h6>\n<h6><strong>Additional training:<\/strong> Course on conflict management and negotiation (Instituto Superior de Negociaci\u00f3n de la Salle Graduate School, 2013); Negotiation and public speaking techniques (Escuela de Comunicaci\u00f3n 2007); Negotiation Programme for Lawyers (Instituto de Empresa 2005).<\/h6>\n<\/div><\/div><\/div><\/div><div class=\"wpb_column vc_column_container vc_col-sm-6  col-xs-mobile-fullwidth\"><div class=\"vc_column-inner \"><div class=\"wpb_wrapper\"><div class=\"last-paragraph-no-margin\"><h5 style=\"text-align: left;\"><strong>CONFERENCES<\/strong><\/h5>\n<\/div>[vc_separator color=&#8221;custom&#8221; align=&#8221;align_left&#8221; border_width=&#8221;2&#8243; el_width=&#8221;10&#8243; accent_color=&#8221;#f32735&#8243;][vc_empty_space height=&#8221;30px&#8221;]<div class=\" vc_custom_1690978565104 last-paragraph-no-margin\"><h6>She is regulary invited to participate as a lecturer in various national and international conferences, at universities and in the social sector.<\/h6>\n<\/div><div class=\"last-paragraph-no-margin\"><h5 style=\"text-align: left;\"><strong>PUBLICATIONS<\/strong><\/h5>\n<\/div>[vc_separator color=&#8221;custom&#8221; align=&#8221;align_left&#8221; border_width=&#8221;2&#8243; el_width=&#8221;10&#8243; accent_color=&#8221;#f32735&#8243;][vc_empty_space height=&#8221;30px&#8221;]<div class=\" vc_custom_1602927253854 last-paragraph-no-margin\"><h6><em>\u201cAdivina qui\u00e9n va a llevar al ni\u00f1o al dentista: propuestas para una sociedad centrada en las personas\u201d<\/em> (<em>\u201c<\/em>Guess who\u2019s taking the kids to the dentist?: A proposal for a people-centred society<em>\u201d<\/em>) as part of the collaborative work \u201c<em>Conciliaci\u00f3n y corresponsabilidad laboral y familiar<\/em>\u201d, Ed. Wolters Kluwer. 2020.<\/h6>\n<h6><em>\u201cAn\u00e1lisis de la implantaci\u00f3n de los Principios Rectores en la abogac\u00eda internacional de los negocios\u201d<\/em> (<em>\u201c<\/em>Analysis of the implementation of the Guiding Principles in international legal practice for business<em>\u201d<\/em>) as part of the collaborative work \u201c<em>DD.HH. y Empresa: balance y situaci\u00f3n actual<\/em>\u201d, Ed. Tirant lo Blanch. 2019.<\/h6>\n<h6><em>\u201cThe pro bono culture and context in Spain\u201d Pro Bono Committee News, Newsletter of the International Bar Association Public and Professional Interest Division\u201d<\/em>. Ana Higuera y Carmen Pombo. May 2015.<\/h6>\n<h6><em>\u201cEl d\u00eda despu\u00e9s del fin de la ultractividad de los convenios colectivos\u201d<\/em> <em>(\u201cThe day after ultra-activity of collective bargaining agreements\u201d<\/em>), Cinco D\u00edas.<\/h6>\n<h6><em>\u201cSuspensi\u00f3n de contrato o reducci\u00f3n de jornada de trabajo por causas econ\u00f3micas, t\u00e9cnicas, organizativas o de producci\u00f3n en virtud del art\u00edculo 47 del Estatuto de los Trabajadores\u201d<\/em> (<em>\u201c<\/em>Suspension of employment agreements or reduction in work hours due to economic, technical, organisational or production reasons by virtue of article 47 of the Workers\u2019 Statute<em>\u201d<\/em>). (AA.VV.) Revista de las Facultades de Derecho y Ciencias Econ\u00f3micas y Empresariales, ICADE, n\u00ba 88, 2013.<\/h6>\n<h6><em>\u201cEstudio sobre el cuidado de menores con enfermedad grave: una propuesta normativa\u201d<\/em> (<em>\u201c<\/em>Study on the care of minors with serious illness: a regulatory proposal<em>\u201d<\/em>) (coordinator). Fundaci\u00f3n Mujer, Familia y Trabajo (Ministry of Employment and Social Security), 2010.<\/h6>\n<h6><em>\u201cAltos directivos y administradores: estado de la cuesti\u00f3n\u201d<\/em> (<em>\u201cSenior management and directors: state of play\u201d<\/em>). Present Jur\u00eddica Ur\u00eda Men\u00e9ndez, n\u00fam. 24, 2009.<\/h6>\n<h6><em>\u00a0\u201cLas modificaciones del Estatuto de los Trabajadores (II)\u201d<\/em> (<em>\u201cAmendments to the Workers\u2019 Statute II)<\/em>, in AA.VV.: Igualdad y empresa, Madrid, Pearson Educaci\u00f3n, 2007.<\/h6>\n<h6><em>\u201cReconocimientos m\u00e9dicos en el \u00e1mbito laboral. Algunas cuestiones resueltas por la doctrina constitucional\u201d<\/em> (\u201cMedical examinations in the workplace. Questions resolved by constitutional doctrine<em>\u201d<\/em>) Present Jur\u00eddica Ur\u00eda Men\u00e9ndez, n\u00fam. 13, 2006.<\/h6>\n<h6><em>\u00a0\u201cLas indemnizaciones derivadas del contrato de trabajo\u201d<\/em> (<em>\u201c<\/em>Compensation resulting from employment agreements<em>\u201d<\/em>).\u00a0Salarios, retribuciones e indemnizaciones. Cuadernos Cinco D\u00edas, 2001, cap\u00edtulo 10.<\/h6>\n<h6><em>\u00a0\u201cComentarios a la Ley de Procedimiento Laboral\u201d<\/em> (<em>\u201c<\/em>Commentary on the Employment Procedure Act\u201d), Madrid, Ed. Mc Graw Hill, 2000. (AA.VV)<\/h6>\n<h6>Periodical collaboration on Cr\u00f3nicas de Jurisprudencia, Justicia Laboral, Ed. Lex Nova.<\/h6>\n<\/div><div class=\"last-paragraph-no-margin\"><h5 style=\"text-align: left;\"><strong>MEMBERSHIP OF PROFESSIONAL BODIES AND ASSOCIATIONS<\/strong><\/h5>\n<\/div>[vc_separator color=&#8221;custom&#8221; align=&#8221;align_left&#8221; border_width=&#8221;2&#8243; el_width=&#8221;10&#8243; accent_color=&#8221;#f32735&#8243;][vc_empty_space height=&#8221;30px&#8221;]<div class=\" vc_custom_1602927364180 last-paragraph-no-margin\"><ul>\n<li>International Bar Association \u2013IBA-<\/li>\n<li><em>Foro Espa\u00f1ol de Laboralistas<\/em> (Spanish Forum of Employment Lawyers) (FORELAB)<\/li>\n<li>European Pro Bono Alliance (PILnet)<\/li>\n<li>Ilustre Colegio de Abogados de Madrid (ICAM) (Madrid Bar Association)<\/li>\n<\/ul>\n<\/div><\/div><\/div><\/div><\/section><div class=\"vc_row-full-width vc_clearfix\"><\/div>\n","protected":false},"excerpt":{"rendered":"[vc_empty_space height=\"100px\"]Ana Higuera\u00a0 [vc_separator color=\"custom\" align=\"align_left\" accent_color=\"#f32735\"][vc_empty_space height=\"30px\"]CEO, Managing Director [vc_empty_space height=\"50px\"][vc_single_image image=\"21588\" img_size=\"full\" css=\".vc_custom_1601286899948{padding-top: 0px !important;}\"][vc_empty_space height=\"100px\"] [vc_empty_space height=\"15px\"][vc_empty_space height=\"50px\"]PROFESSIONAL EXPERIENCE [vc_separator color=\"custom\" align=\"align_left\" border_width=\"2\" el_width=\"10\" accent_color=\"#f32735\"][vc_empty_space height=\"30px\"]Since 2022, CEO, FUNDACI\u00d3N FERNANDO POMBO Since 2014, Pro Bono Director \u2013 Lawyer , FUNDACI\u00d3N FERNANDO POMBO 1997-2014\u00a0 Lawyer at the law firm UR\u00cdA &amp; MEN\u00c9NDEZ SPECIALISATION AND HIGHLIGHTS [vc_separator color=\"custom\" align=\"align_left\" border_width=\"2\" el_width=\"10\" accent_color=\"#f32735\"][vc_empty_space height=\"30px\"]Expert in international advocacy for the public interest.\u00a0 Expert in Employment and Social Security Law. Lines of research include public interest law matters, social responsibility in the legal practice, pro bono development, legal clinics and the role of lawyers in the Implementation of the Guiding Principles for Corporations and Human Rights. With regard to studies in the fields of Employment and Social Security Law: family benefits, workplace equality, conciliation and discrimination. \u00a0She was recognised amongst the best pro bono lawyers in the world by the International Bar Association in 2017. Specially remarkable is that Ana coordinated the legislative proposal that creates the Public Subsidy in Spain to protect families in case of care of children with severe ilnesses. LANGUAGES [vc_separator color=\"custom\" align=\"align_left\" border_width=\"2\" el_width=\"10\" accent_color=\"#f32735\"][vc_empty_space height=\"30px\"]&lt;h6Spanish, English and French. TEACHING\u00a0 [vc_separator color=\"custom\" align=\"align_left\" border_width=\"2\" el_width=\"10\" accent_color=\"#f32735\"][vc_empty_space height=\"30px\"]&hellip; <a class=\"continue\" href=\"https:\/\/www.fundacionpombo.org\/en\/ana-higuera\/\">Continuar leyendo<span> ANA HIGUERA<\/span><\/a>","protected":false},"author":2,"featured_media":0,"parent":0,"menu_order":0,"comment_status":"closed","ping_status":"closed","template":"","meta":{"footnotes":""},"class_list":["post-25534","page","type-page","status-publish","hentry"],"yoast_head":"<!-- This site is optimized with the Yoast SEO plugin v27.4 - https:\/\/yoast.com\/product\/yoast-seo-wordpress\/ -->\n<title>ANA HIGUERA - Fundaci\u00f3n Fernando Pombo<\/title>\n<meta name=\"description\" content=\"Promovemos iniciativas jur\u00eddicas encaminadas a fortalecer el Estado de derecho y los derechos humanos. Trabajamos local y globalmente, combinando innovaci\u00f3n y excelencia jur\u00eddica para generar un mayor impacto social.\" \/>\n<meta name=\"robots\" content=\"index, follow, max-snippet:-1, max-image-preview:large, max-video-preview:-1\" \/>\n<link rel=\"canonical\" href=\"https:\/\/www.fundacionpombo.org\/en\/ana-higuera\/\" \/>\n<meta property=\"og:locale\" content=\"en_US\" \/>\n<meta property=\"og:type\" content=\"article\" \/>\n<meta property=\"og:title\" content=\"ANA HIGUERA - Fundaci\u00f3n Fernando Pombo\" \/>\n<meta property=\"og:description\" content=\"Promovemos iniciativas jur\u00eddicas encaminadas a fortalecer el Estado de derecho y los derechos humanos. Trabajamos local y globalmente, combinando innovaci\u00f3n y excelencia jur\u00eddica para generar un mayor impacto social.\" \/>\n<meta property=\"og:url\" content=\"https:\/\/www.fundacionpombo.org\/en\/ana-higuera\/\" \/>\n<meta property=\"og:site_name\" content=\"Fundaci\u00f3n Fernando Pombo\" \/>\n<meta property=\"article:publisher\" content=\"https:\/\/www.facebook.com\/FundacionFernandoPombo\" \/>\n<meta property=\"article:modified_time\" content=\"2023-08-02T12:34:51+00:00\" \/>\n<meta name=\"twitter:card\" content=\"summary_large_image\" \/>\n<meta name=\"twitter:site\" content=\"@FundacionFPombo\" \/>\n<script type=\"application\/ld+json\" class=\"yoast-schema-graph\">{\"@context\":\"https:\\\/\\\/schema.org\",\"@graph\":[{\"@type\":\"WebPage\",\"@id\":\"https:\\\/\\\/www.fundacionpombo.org\\\/en\\\/ana-higuera\\\/\",\"url\":\"https:\\\/\\\/www.fundacionpombo.org\\\/en\\\/ana-higuera\\\/\",\"name\":\"ANA HIGUERA - Fundaci\u00f3n Fernando Pombo\",\"isPartOf\":{\"@id\":\"https:\\\/\\\/www.fundacionpombo.org\\\/en\\\/#website\"},\"datePublished\":\"2020-09-28T10:04:44+00:00\",\"dateModified\":\"2023-08-02T12:34:51+00:00\",\"description\":\"Promovemos iniciativas jur\u00eddicas encaminadas a fortalecer el Estado de derecho y los derechos humanos. Trabajamos local y globalmente, combinando innovaci\u00f3n y excelencia jur\u00eddica para generar un mayor impacto social.\",\"breadcrumb\":{\"@id\":\"https:\\\/\\\/www.fundacionpombo.org\\\/en\\\/ana-higuera\\\/#breadcrumb\"},\"inLanguage\":\"en-US\",\"potentialAction\":[{\"@type\":\"ReadAction\",\"target\":[\"https:\\\/\\\/www.fundacionpombo.org\\\/en\\\/ana-higuera\\\/\"]}]},{\"@type\":\"BreadcrumbList\",\"@id\":\"https:\\\/\\\/www.fundacionpombo.org\\\/en\\\/ana-higuera\\\/#breadcrumb\",\"itemListElement\":[{\"@type\":\"ListItem\",\"position\":1,\"name\":\"Portada\",\"item\":\"https:\\\/\\\/www.fundacionpombo.org\\\/en\\\/\"},{\"@type\":\"ListItem\",\"position\":2,\"name\":\"ANA HIGUERA\"}]},{\"@type\":\"WebSite\",\"@id\":\"https:\\\/\\\/www.fundacionpombo.org\\\/en\\\/#website\",\"url\":\"https:\\\/\\\/www.fundacionpombo.org\\\/en\\\/\",\"name\":\"Fundaci\u00f3n Fernando Pombo\",\"description\":\"Abogac\u00eda responsable por un mundo m\u00e1s justo\",\"potentialAction\":[{\"@type\":\"SearchAction\",\"target\":{\"@type\":\"EntryPoint\",\"urlTemplate\":\"https:\\\/\\\/www.fundacionpombo.org\\\/en\\\/?s={search_term_string}\"},\"query-input\":{\"@type\":\"PropertyValueSpecification\",\"valueRequired\":true,\"valueName\":\"search_term_string\"}}],\"inLanguage\":\"en-US\"}]}<\/script>\n<!-- \/ Yoast SEO plugin. -->","yoast_head_json":{"title":"ANA HIGUERA - Fundaci\u00f3n Fernando Pombo","description":"Promovemos iniciativas jur\u00eddicas encaminadas a fortalecer el Estado de derecho y los derechos humanos. Trabajamos local y globalmente, combinando innovaci\u00f3n y excelencia jur\u00eddica para generar un mayor impacto social.","robots":{"index":"index","follow":"follow","max-snippet":"max-snippet:-1","max-image-preview":"max-image-preview:large","max-video-preview":"max-video-preview:-1"},"canonical":"https:\/\/www.fundacionpombo.org\/en\/ana-higuera\/","og_locale":"en_US","og_type":"article","og_title":"ANA HIGUERA - Fundaci\u00f3n Fernando Pombo","og_description":"Promovemos iniciativas jur\u00eddicas encaminadas a fortalecer el Estado de derecho y los derechos humanos. Trabajamos local y globalmente, combinando innovaci\u00f3n y excelencia jur\u00eddica para generar un mayor impacto social.","og_url":"https:\/\/www.fundacionpombo.org\/en\/ana-higuera\/","og_site_name":"Fundaci\u00f3n Fernando Pombo","article_publisher":"https:\/\/www.facebook.com\/FundacionFernandoPombo","article_modified_time":"2023-08-02T12:34:51+00:00","twitter_card":"summary_large_image","twitter_site":"@FundacionFPombo","schema":{"@context":"https:\/\/schema.org","@graph":[{"@type":"WebPage","@id":"https:\/\/www.fundacionpombo.org\/en\/ana-higuera\/","url":"https:\/\/www.fundacionpombo.org\/en\/ana-higuera\/","name":"ANA HIGUERA - Fundaci\u00f3n Fernando Pombo","isPartOf":{"@id":"https:\/\/www.fundacionpombo.org\/en\/#website"},"datePublished":"2020-09-28T10:04:44+00:00","dateModified":"2023-08-02T12:34:51+00:00","description":"Promovemos iniciativas jur\u00eddicas encaminadas a fortalecer el Estado de derecho y los derechos humanos. Trabajamos local y globalmente, combinando innovaci\u00f3n y excelencia jur\u00eddica para generar un mayor impacto social.","breadcrumb":{"@id":"https:\/\/www.fundacionpombo.org\/en\/ana-higuera\/#breadcrumb"},"inLanguage":"en-US","potentialAction":[{"@type":"ReadAction","target":["https:\/\/www.fundacionpombo.org\/en\/ana-higuera\/"]}]},{"@type":"BreadcrumbList","@id":"https:\/\/www.fundacionpombo.org\/en\/ana-higuera\/#breadcrumb","itemListElement":[{"@type":"ListItem","position":1,"name":"Portada","item":"https:\/\/www.fundacionpombo.org\/en\/"},{"@type":"ListItem","position":2,"name":"ANA HIGUERA"}]},{"@type":"WebSite","@id":"https:\/\/www.fundacionpombo.org\/en\/#website","url":"https:\/\/www.fundacionpombo.org\/en\/","name":"Fundaci\u00f3n Fernando Pombo","description":"Abogac\u00eda responsable por un mundo m\u00e1s justo","potentialAction":[{"@type":"SearchAction","target":{"@type":"EntryPoint","urlTemplate":"https:\/\/www.fundacionpombo.org\/en\/?s={search_term_string}"},"query-input":{"@type":"PropertyValueSpecification","valueRequired":true,"valueName":"search_term_string"}}],"inLanguage":"en-US"}]}},"_links":{"self":[{"href":"https:\/\/www.fundacionpombo.org\/en\/wp-json\/wp\/v2\/pages\/25534","targetHints":{"allow":["GET"]}}],"collection":[{"href":"https:\/\/www.fundacionpombo.org\/en\/wp-json\/wp\/v2\/pages"}],"about":[{"href":"https:\/\/www.fundacionpombo.org\/en\/wp-json\/wp\/v2\/types\/page"}],"author":[{"embeddable":true,"href":"https:\/\/www.fundacionpombo.org\/en\/wp-json\/wp\/v2\/users\/2"}],"replies":[{"embeddable":true,"href":"https:\/\/www.fundacionpombo.org\/en\/wp-json\/wp\/v2\/comments?post=25534"}],"version-history":[{"count":0,"href":"https:\/\/www.fundacionpombo.org\/en\/wp-json\/wp\/v2\/pages\/25534\/revisions"}],"wp:attachment":[{"href":"https:\/\/www.fundacionpombo.org\/en\/wp-json\/wp\/v2\/media?parent=25534"}],"curies":[{"name":"wp","href":"https:\/\/api.w.org\/{rel}","templated":true}]}}