{"id":25548,"date":"2020-04-17T17:32:48","date_gmt":"2020-04-17T15:32:48","guid":{"rendered":"https:\/\/www.fundacionpombo.org\/?page_id=25548"},"modified":"2020-10-17T13:05:28","modified_gmt":"2020-10-17T11:05:28","slug":"rafael-merino-rus","status":"publish","type":"page","link":"https:\/\/www.fundacionpombo.org\/en\/rafael-merino-rus\/","title":{"rendered":"Rafael Merino"},"content":{"rendered":"<section data-vc-full-width=\"true\" data-vc-full-width-init=\"false\" class=\"vc_row wpb_row vc_row-fluid  vc_custom_1585647883939 pofo-stretch-content pofo-stretch-row-container vc_row-o-content-middle vc_row-flex\"><div class=\"wpb_column vc_column_container vc_col-sm-12  col-xs-mobile-fullwidth text-center md-text-center sm-text-center xs-text-center\"><div class=\"vc_column-inner \"><div class=\"wpb_wrapper\">[vc_empty_space height=&#8221;100px&#8221;]<div class=\"last-paragraph-no-margin\"><h2 style=\"text-align: left;\"><span style=\"color: #333333;\"><strong>Rafael Merino Rus<\/strong><\/span><\/h2>\n<\/div>[vc_separator color=&#8221;custom&#8221; align=&#8221;align_left&#8221; accent_color=&#8221;#f32735&#8243;][vc_empty_space height=&#8221;30px&#8221;]<div class=\"last-paragraph-no-margin\"><h3 style=\"text-align: left;\"><span style=\"color: #999999;\">Project Manager<\/span><\/h3>\n<\/div>[vc_empty_space height=&#8221;50px&#8221;]<div class=\"vc_row wpb_row vc_inner vc_row-fluid\"><div class=\"wpb_column vc_column_container vc_col-sm-6  col-xs-mobile-fullwidth\"><div class=\"vc_column-inner \"><div class=\"wpb_wrapper\">[vc_single_image image=&#8221;24348&#8243; img_size=&#8221;full&#8221; css=&#8221;.vc_custom_1587143523527{padding-top: 0px !important;}&#8221;]<\/div><\/div><\/div><div class=\"wpb_column vc_column_container vc_col-sm-6  col-xs-mobile-fullwidth\"><div class=\"vc_column-inner \"><div class=\"wpb_wrapper\"><div class=\"last-paragraph-no-margin\"><h4><\/h4>\n<h4 style=\"text-align: left;\">\u201cMy constant concern for justice has served as a guiding light in both my personal life and my career; for me it is the only sensible and coherent way to live\u201d.<\/h4>\n<h4 style=\"text-align: left;\"><\/h4>\n<\/div>[vc_empty_space height=&#8221;15px&#8221;]<div class=\"last-paragraph-no-margin\"><h6 style=\"text-align: left;\">WHAT OTHERS SAY ABOUT RAFAEL:<\/h6>\n<h6 style=\"text-align: left;\">\u201cHe is executive, charismatic, studious and an excellent team member. He is an inspiring example of what it means to have a vital commitment to human rights.\u201d<\/h6>\n<\/div><\/div><\/div><\/div><\/div>[vc_empty_space height=&#8221;50px&#8221;]<\/div><\/div><\/div><\/section><div class=\"vc_row-full-width vc_clearfix\"><\/div><section data-vc-full-width=\"true\" data-vc-full-width-init=\"false\" class=\"vc_row wpb_row vc_row-fluid  vc_custom_1585672415695 vc_row-has-fill vc_column-gap-30 pofo-stretch-content pofo-stretch-row-container\"><div class=\"wpb_column vc_column_container vc_col-sm-6  col-xs-mobile-fullwidth\"><div class=\"vc_column-inner \"><div class=\"wpb_wrapper\"><div class=\"last-paragraph-no-margin\"><h5 style=\"text-align: left;\"><strong>PROFESSIONAL EXPERIENCE<\/strong><\/h5>\n<\/div>[vc_separator color=&#8221;custom&#8221; align=&#8221;align_left&#8221; border_width=&#8221;2&#8243; el_width=&#8221;10&#8243; accent_color=&#8221;#f32735&#8243;][vc_empty_space height=&#8221;30px&#8221;]<div class=\" vc_custom_1602927659543 last-paragraph-no-margin\"><h6>2011 to present: Fundaci\u00f3n Fernando Pombo. Project Manager.<\/h6>\n<h6>Prior to 2011- <em>Coordinadora Andaluza de ONG al Desarrollo<\/em>. Project technician.<\/h6>\n<\/div><div class=\"last-paragraph-no-margin\"><h5 style=\"text-align: left;\"><strong>SPECIALISATIONS<\/strong><\/h5>\n<\/div>[vc_separator color=&#8221;custom&#8221; align=&#8221;align_left&#8221; border_width=&#8221;2&#8243; el_width=&#8221;10&#8243; accent_color=&#8221;#f32735&#8243;][vc_empty_space height=&#8221;30px&#8221;]<div class=\" vc_custom_1602927699345 last-paragraph-no-margin\"><h6>Human rights expert with over 15 years of experience in social action programmes, research, training, public advocacy and awareness.<\/h6>\n<h6><\/h6>\n<h6><strong>Noteworthy specialties:<\/strong> strategic planning, comprehensive project management, institutional relations, promotion of work networks, fundraising and communication. Rafa has a profound knowledge of all areas inherent to the Foundation\u2019s work (pro bono, legal clinics, technology and human rights, etc.).<\/h6>\n<\/div><div class=\"last-paragraph-no-margin\"><h5 style=\"text-align: left;\"><strong>LANGUAGES<\/strong><\/h5>\n<\/div>[vc_separator color=&#8221;custom&#8221; align=&#8221;align_left&#8221; border_width=&#8221;2&#8243; el_width=&#8221;10&#8243; accent_color=&#8221;#f32735&#8243;][vc_empty_space height=&#8221;30px&#8221;]<div class=\" vc_custom_1602927722776 last-paragraph-no-margin\"><h6>Spanish and English.<\/h6>\n<\/div><div class=\"last-paragraph-no-margin\"><h5 style=\"text-align: left;\"><strong>TEACHING<\/strong><\/h5>\n<\/div>[vc_separator color=&#8221;custom&#8221; align=&#8221;align_left&#8221; border_width=&#8221;2&#8243; el_width=&#8221;10&#8243; accent_color=&#8221;#f32735&#8243;][vc_empty_space height=&#8221;30px&#8221;]<div class=\" vc_custom_1602928956554 last-paragraph-no-margin\"><h6><strong>Training for NGOs<\/strong><\/h6>\n<ul>\n<li style=\"list-style-type: none;\">\n<ul>\n<li>\n<h6>Course on \u201cGender and Human Rights\u201d aimed at social entities in Tangier, Morocco, in collaboration with<em> Fundaci\u00f3n CIDEAL<\/em> and AECID (2018 and 2019)<\/h6>\n<\/li>\n<li>\n<h6>Course on \u201cHuman Rights and Development\u201d, aimed at volunteers for <em>Asociaci\u00f3n Solidaridad<\/em><\/h6>\n<\/li>\n<li>\n<h6>Course on \u201cManagement of social projects\u201d aimed at employees of the Spanish Confederation for People with Physical and Organic Disabilities (<em>Confederaci\u00f3n Espa\u00f1ola de Personas con Discapacidad F\u00edsica y Org\u00e1nica<\/em>), 40 hours<\/h6>\n<\/li>\n<\/ul>\n<\/li>\n<\/ul>\n<h6><strong>University lecturing:<\/strong><\/h6>\n<h6>Since 2011 he has taught a course on \u201cPoverty, human rights and social responsibility\u201d to students pursuing Law Degrees, Masters for the Access to the Legal Profession and Masters in Human Rights at various universities, including Universidad Carlos III de Madrid, Universidad Aut\u00f3noma de Madrid, Universidad Compultense de Madrid, Universidad de Navarra, Universidad Pontificia Comillas, Universidad Pompeu Fabra and Universidad Internacional de La Rioja<\/h6>\n<h6><\/h6>\n<\/div><div class=\"last-paragraph-no-margin\"><h5>TRAINING<\/h5>\n<\/div>[vc_separator color=&#8221;custom&#8221; align=&#8221;align_left&#8221; border_width=&#8221;2&#8243; el_width=&#8221;10&#8243; accent_color=&#8221;#f32735&#8243;][vc_empty_space height=&#8221;30px&#8221;]<div class=\" vc_custom_1602929062473 last-paragraph-no-margin\"><h6><strong>Masters in Management of Foundations and Non-profit Entities<\/strong><\/h6>\n<h6><em>Confederaci\u00f3n de Empresarios de Andaluc\u00eda<\/em> \u2013 CEA (2010-2011).<\/h6>\n<h6><strong>B.A. in Economics<\/strong><\/h6>\n<h6>Universidad de Sevilla (2003-2008).<\/h6>\n<h6><strong>Various specialisation courses on human rights, international cooperation, communication, advocacy, teaching and project management<\/strong><\/h6>\n<\/div><\/div><\/div><\/div><div class=\"wpb_column vc_column_container vc_col-sm-6  col-xs-mobile-fullwidth\"><div class=\"vc_column-inner \"><div class=\"wpb_wrapper\"><div class=\"last-paragraph-no-margin\"><h5 style=\"text-align: left;\"><strong>CONFERENCES<\/strong><\/h5>\n<\/div>[vc_separator color=&#8221;custom&#8221; align=&#8221;align_left&#8221; border_width=&#8221;2&#8243; el_width=&#8221;10&#8243; accent_color=&#8221;#f32735&#8243;][vc_empty_space height=&#8221;30px&#8221;]<div class=\" vc_custom_1602929111781 last-paragraph-no-margin\"><h6><strong>\u201cNew technologies and human rights\u201d,<\/strong> Lab from Fundaci\u00f3n Seres, 2019<\/h6>\n<h6><strong>\u00ab<em>Desdemocracia, los \u201cismos\u201d y el abismo. Universales ante las pol\u00edticas segregatorias<\/em>\u00bb<\/strong> (\u201cDe-democracy, \u2018isms\u2019 and the abyss. Facing segregation policies\u201d), summer course at UPV\/EHU, 2019<\/h6>\n<h6><strong>\u00ab<em>II Congreso internacional \u00abDerechos Humanos y Empresa: balance y situaci\u00f3n actual<\/em>\u00bb<\/strong> (II International Congress on Human Rights and Business: current status), Madrid, 2018 (co-coordinator)<\/h6>\n<h6><strong>\u00ab<em>IV Congreso Europeo de Cl\u00ednicas Jur\u00eddicas<\/em>\u00bb<\/strong> (IV European Congress on Legal Clinics), Valencia, 2016.<\/h6>\n<\/div><div class=\"last-paragraph-no-margin\"><h5>PUBLICATIONS<\/h5>\n<\/div>[vc_separator color=&#8221;custom&#8221; align=&#8221;align_left&#8221; border_width=&#8221;2&#8243; el_width=&#8221;10&#8243; accent_color=&#8221;#f32735&#8243;][vc_empty_space height=&#8221;30px&#8221;]<div class=\" vc_custom_1602929195416 last-paragraph-no-margin\"><h6><em>\u201cDesdemocracia, los \u201cismos\u201d y el abismo. Universales ante las pol\u00edticas segregatorias\u201d<\/em> (\u201cUndemocracy, the \u2018isms\u2019 and the abyss. Facing segregation policies\u201d), pending publication, 2020. Co-author of the chapter \u00abLos derechos humanos, la democracia y la igualdad en la era de los algoritmos y la inteligencia artificial\u00bb (Human rights, democracy and equality in the era of algorithms and artificial intelligence)<\/h6>\n<h6><em>Derechos Humanos y Empresa: balance y situaci\u00f3n actual<\/em> (Human Rights and Corporations: current status), Tirant Lo Blanc, 2020. Co-author of the chapter \u00abLa industria del textil y de la confecci\u00f3n\u00bb (The textile and clothing industry)<\/h6>\n<h6><em>La trata de seres humanos en Espa\u00f1a: estudio comparado sobre la detecci\u00f3n e identificaci\u00f3n de las v\u00edctimas <\/em>(Human trafficking in Spain: comparative study on the detection and identification of victims), Legal Clinic with Javier Roma\u00f1ach, Universidad Carlos III de Madrid, 2019. Co-coordination of report.<\/h6>\n<h6><em>Gu\u00eda pr\u00e1ctica de asistencia jur\u00eddica en Centros de Internamiento de Extranjeros<\/em> (Practical Guide for legal aid to Alient Internment Centres). EXEQUO III Project, Fundaci\u00f3n Fernando Pombo, 2018. (Finalist in the Global Pro Bono Awards 2018). Technical coordination of Project.<\/h6>\n<h6><em>Gu\u00eda pr\u00e1ctica para la asistencia jur\u00eddica a v\u00edctimas de violencia de g\u00e9nero<\/em> (Practical gfor legal aid for victims of domestic violence). EXEQUO II Project, Fundaci\u00f3n Fernando Pombo, 2015. (Finalist in the Global Pro Bono Awards 2015). Technical coordination of Project.<\/h6>\n<h6><em>Gu\u00eda pr\u00e1ctica sobre la casu\u00edstica legal habitual de personas en situaci\u00f3n de calle<\/em> (Practical guide on the legal case studies concerning homeless persons). EXEQUO I Project, Fundaci\u00f3n Fernando Pombo, 2014. (Finalist: VI Premios Corresponsables and honourable mention in the Financial Times Innovative Lawyers Report \u2013 Europe 2014). Technical coordination of Project.<\/h6>\n<h6><em>Gu\u00eda Voluntariado Profesional y Pro Bono:<\/em> diferencias, ventajas y buenas pr\u00e1cticas (Guide to Professional and Pro Bono Volunteerism: differences, advantages and good practices) (2018) and Gu\u00eda de Voluntariado Corporativo (Guide to Corporate Volunteerism) (2013), Voluntare. Co-author.<\/h6>\n<\/div><div class=\"last-paragraph-no-margin\"><h5>ARTICLES AND INTERVIEWS<\/h5>\n<\/div>[vc_separator color=&#8221;custom&#8221; align=&#8221;align_left&#8221; border_width=&#8221;2&#8243; el_width=&#8221;10&#8243; accent_color=&#8221;#f32735&#8243;][vc_empty_space height=&#8221;30px&#8221;]<div class=\" vc_custom_1602929248503 last-paragraph-no-margin\"><ul>\n<li>\u00ab<em>Necesitamos humanizar la tecnolog\u00eda para poner los derechos humanos en el centro de todos los avances tecnol\u00f3gicos<\/em>\u00bb (We must humanise technology in order to place human rights at the centre of technological advances), interview with Fundaci\u00f3n SERES, 2019.<\/li>\n<li>\u00ab<em>Marruecos da un paso en la protecci\u00f3n a las mujeres<\/em>\u00bb (Morocco takes a step in the protection of women) , Blog 3500 Millones, El Pa\u00eds, 2019.<\/li>\n<li>\u00ab<em>Al otro lado de Black Mirror: algoritmos, democracia e igualdad<\/em>\u00bb (The other side of Black Mirror: algorithms, democracy and equality), Revista Contexto, 2019.<\/li>\n<li><em>\u00ab\u00bfControlamos los algoritmos que nos controlan?\u00bb<\/em> (Do we control algorithms that control us?), Blog 3500 Millones, El Pa\u00eds, 2018.<\/li>\n<li>\u00ab\u00bf<em>C\u00f3mo afronta Espa\u00f1a su nueva etapa en el Consejo de DD.HH<\/em>.?\u00bb (How is Spain handling its new era in the Human Rights Council?), Diarioresponsable, 2018.<\/li>\n<li>\u00ab<em>Posverdad, empresas y derechos humanos<\/em>\u00bb (Post-truth, businesses and human rights), Diarioresponsable, 2017.<\/li>\n<li>\u201c\u00bf<em>Es suficiente la actual justicia internacional en derechos humanos y empresas?\u201d<\/em> (Is there currently sufficient legal justice concerning human rights and corporations?) Article co-author, Revista Tiempo de Paz, MPDL, 2016.<\/li>\n<\/ul>\n<\/div><\/div><\/div><\/div><\/section><div class=\"vc_row-full-width vc_clearfix\"><\/div>\n","protected":false},"excerpt":{"rendered":"[vc_empty_space height=\"100px\"]Rafael Merino Rus [vc_separator color=\"custom\" align=\"align_left\" accent_color=\"#f32735\"][vc_empty_space height=\"30px\"]Project Manager [vc_empty_space height=\"50px\"][vc_single_image image=\"24348\" img_size=\"full\" css=\".vc_custom_1587143523527{padding-top: 0px !important;}\"] \u201cMy constant concern for justice has served as a guiding light in both my personal life and my career; for me it is the only sensible and coherent way to live\u201d. [vc_empty_space height=\"15px\"]WHAT OTHERS SAY ABOUT RAFAEL: \u201cHe is executive, charismatic, studious and an excellent team member. He is an inspiring example of what it means to have a vital commitment to human rights.\u201d [vc_empty_space height=\"50px\"]PROFESSIONAL EXPERIENCE [vc_separator color=\"custom\" align=\"align_left\" border_width=\"2\" el_width=\"10\" accent_color=\"#f32735\"][vc_empty_space height=\"30px\"]2011 to present: Fundaci\u00f3n Fernando Pombo. Project Manager. Prior to 2011- Coordinadora Andaluza de ONG al Desarrollo. Project technician. SPECIALISATIONS [vc_separator color=\"custom\" align=\"align_left\" border_width=\"2\" el_width=\"10\" accent_color=\"#f32735\"][vc_empty_space height=\"30px\"]Human rights expert with over 15 years of experience in social action programmes, research, training, public advocacy and awareness. Noteworthy specialties: strategic planning, comprehensive project management, institutional relations, promotion of work networks, fundraising and communication. Rafa has a profound knowledge of all areas inherent to the Foundation\u2019s work (pro bono, legal clinics, technology and human rights, etc.). LANGUAGES [vc_separator color=\"custom\" align=\"align_left\" border_width=\"2\" el_width=\"10\" accent_color=\"#f32735\"][vc_empty_space height=\"30px\"]Spanish and English. TEACHING [vc_separator color=\"custom\" align=\"align_left\" border_width=\"2\" el_width=\"10\" accent_color=\"#f32735\"][vc_empty_space height=\"30px\"]Training for NGOs Course on \u201cGender and Human Rights\u201d aimed&hellip; <a class=\"continue\" href=\"https:\/\/www.fundacionpombo.org\/en\/rafael-merino-rus\/\">Continuar leyendo<span> Rafael Merino<\/span><\/a>","protected":false},"author":2,"featured_media":0,"parent":0,"menu_order":0,"comment_status":"closed","ping_status":"closed","template":"","meta":{"footnotes":""},"class_list":["post-25548","page","type-page","status-publish","hentry"],"yoast_head":"<!-- This site is optimized with the Yoast SEO plugin v27.4 - https:\/\/yoast.com\/product\/yoast-seo-wordpress\/ -->\n<title>Rafael Merino - Fundaci\u00f3n Fernando Pombo<\/title>\n<meta name=\"description\" content=\"Promovemos iniciativas jur\u00eddicas encaminadas a fortalecer el Estado de derecho y los derechos humanos. Trabajamos local y globalmente, combinando innovaci\u00f3n y excelencia jur\u00eddica para generar un mayor impacto social.\" \/>\n<meta name=\"robots\" content=\"index, follow, max-snippet:-1, max-image-preview:large, max-video-preview:-1\" \/>\n<link rel=\"canonical\" href=\"https:\/\/www.fundacionpombo.org\/en\/rafael-merino-rus\/\" \/>\n<meta property=\"og:locale\" content=\"en_US\" \/>\n<meta property=\"og:type\" content=\"article\" \/>\n<meta property=\"og:title\" content=\"Rafael Merino - Fundaci\u00f3n Fernando Pombo\" \/>\n<meta property=\"og:description\" content=\"Promovemos iniciativas jur\u00eddicas encaminadas a fortalecer el Estado de derecho y los derechos humanos. Trabajamos local y globalmente, combinando innovaci\u00f3n y excelencia jur\u00eddica para generar un mayor impacto social.\" \/>\n<meta property=\"og:url\" content=\"https:\/\/www.fundacionpombo.org\/en\/rafael-merino-rus\/\" \/>\n<meta property=\"og:site_name\" content=\"Fundaci\u00f3n Fernando Pombo\" \/>\n<meta property=\"article:publisher\" content=\"https:\/\/www.facebook.com\/FundacionFernandoPombo\" \/>\n<meta property=\"article:modified_time\" content=\"2020-10-17T11:05:28+00:00\" \/>\n<meta name=\"twitter:card\" content=\"summary_large_image\" \/>\n<meta name=\"twitter:site\" content=\"@FundacionFPombo\" \/>\n<script type=\"application\/ld+json\" class=\"yoast-schema-graph\">{\"@context\":\"https:\\\/\\\/schema.org\",\"@graph\":[{\"@type\":\"WebPage\",\"@id\":\"https:\\\/\\\/www.fundacionpombo.org\\\/en\\\/rafael-merino-rus\\\/\",\"url\":\"https:\\\/\\\/www.fundacionpombo.org\\\/en\\\/rafael-merino-rus\\\/\",\"name\":\"Rafael Merino - Fundaci\u00f3n Fernando Pombo\",\"isPartOf\":{\"@id\":\"https:\\\/\\\/www.fundacionpombo.org\\\/en\\\/#website\"},\"datePublished\":\"2020-04-17T15:32:48+00:00\",\"dateModified\":\"2020-10-17T11:05:28+00:00\",\"description\":\"Promovemos iniciativas jur\u00eddicas encaminadas a fortalecer el Estado de derecho y los derechos humanos. Trabajamos local y globalmente, combinando innovaci\u00f3n y excelencia jur\u00eddica para generar un mayor impacto social.\",\"breadcrumb\":{\"@id\":\"https:\\\/\\\/www.fundacionpombo.org\\\/en\\\/rafael-merino-rus\\\/#breadcrumb\"},\"inLanguage\":\"en-US\",\"potentialAction\":[{\"@type\":\"ReadAction\",\"target\":[\"https:\\\/\\\/www.fundacionpombo.org\\\/en\\\/rafael-merino-rus\\\/\"]}]},{\"@type\":\"BreadcrumbList\",\"@id\":\"https:\\\/\\\/www.fundacionpombo.org\\\/en\\\/rafael-merino-rus\\\/#breadcrumb\",\"itemListElement\":[{\"@type\":\"ListItem\",\"position\":1,\"name\":\"Portada\",\"item\":\"https:\\\/\\\/www.fundacionpombo.org\\\/en\\\/\"},{\"@type\":\"ListItem\",\"position\":2,\"name\":\"Rafael Merino\"}]},{\"@type\":\"WebSite\",\"@id\":\"https:\\\/\\\/www.fundacionpombo.org\\\/en\\\/#website\",\"url\":\"https:\\\/\\\/www.fundacionpombo.org\\\/en\\\/\",\"name\":\"Fundaci\u00f3n Fernando Pombo\",\"description\":\"Abogac\u00eda responsable por un mundo m\u00e1s justo\",\"potentialAction\":[{\"@type\":\"SearchAction\",\"target\":{\"@type\":\"EntryPoint\",\"urlTemplate\":\"https:\\\/\\\/www.fundacionpombo.org\\\/en\\\/?s={search_term_string}\"},\"query-input\":{\"@type\":\"PropertyValueSpecification\",\"valueRequired\":true,\"valueName\":\"search_term_string\"}}],\"inLanguage\":\"en-US\"}]}<\/script>\n<!-- \/ Yoast SEO plugin. -->","yoast_head_json":{"title":"Rafael Merino - Fundaci\u00f3n Fernando Pombo","description":"Promovemos iniciativas jur\u00eddicas encaminadas a fortalecer el Estado de derecho y los derechos humanos. Trabajamos local y globalmente, combinando innovaci\u00f3n y excelencia jur\u00eddica para generar un mayor impacto social.","robots":{"index":"index","follow":"follow","max-snippet":"max-snippet:-1","max-image-preview":"max-image-preview:large","max-video-preview":"max-video-preview:-1"},"canonical":"https:\/\/www.fundacionpombo.org\/en\/rafael-merino-rus\/","og_locale":"en_US","og_type":"article","og_title":"Rafael Merino - Fundaci\u00f3n Fernando Pombo","og_description":"Promovemos iniciativas jur\u00eddicas encaminadas a fortalecer el Estado de derecho y los derechos humanos. Trabajamos local y globalmente, combinando innovaci\u00f3n y excelencia jur\u00eddica para generar un mayor impacto social.","og_url":"https:\/\/www.fundacionpombo.org\/en\/rafael-merino-rus\/","og_site_name":"Fundaci\u00f3n Fernando Pombo","article_publisher":"https:\/\/www.facebook.com\/FundacionFernandoPombo","article_modified_time":"2020-10-17T11:05:28+00:00","twitter_card":"summary_large_image","twitter_site":"@FundacionFPombo","schema":{"@context":"https:\/\/schema.org","@graph":[{"@type":"WebPage","@id":"https:\/\/www.fundacionpombo.org\/en\/rafael-merino-rus\/","url":"https:\/\/www.fundacionpombo.org\/en\/rafael-merino-rus\/","name":"Rafael Merino - Fundaci\u00f3n Fernando Pombo","isPartOf":{"@id":"https:\/\/www.fundacionpombo.org\/en\/#website"},"datePublished":"2020-04-17T15:32:48+00:00","dateModified":"2020-10-17T11:05:28+00:00","description":"Promovemos iniciativas jur\u00eddicas encaminadas a fortalecer el Estado de derecho y los derechos humanos. Trabajamos local y globalmente, combinando innovaci\u00f3n y excelencia jur\u00eddica para generar un mayor impacto social.","breadcrumb":{"@id":"https:\/\/www.fundacionpombo.org\/en\/rafael-merino-rus\/#breadcrumb"},"inLanguage":"en-US","potentialAction":[{"@type":"ReadAction","target":["https:\/\/www.fundacionpombo.org\/en\/rafael-merino-rus\/"]}]},{"@type":"BreadcrumbList","@id":"https:\/\/www.fundacionpombo.org\/en\/rafael-merino-rus\/#breadcrumb","itemListElement":[{"@type":"ListItem","position":1,"name":"Portada","item":"https:\/\/www.fundacionpombo.org\/en\/"},{"@type":"ListItem","position":2,"name":"Rafael Merino"}]},{"@type":"WebSite","@id":"https:\/\/www.fundacionpombo.org\/en\/#website","url":"https:\/\/www.fundacionpombo.org\/en\/","name":"Fundaci\u00f3n Fernando Pombo","description":"Abogac\u00eda responsable por un mundo m\u00e1s justo","potentialAction":[{"@type":"SearchAction","target":{"@type":"EntryPoint","urlTemplate":"https:\/\/www.fundacionpombo.org\/en\/?s={search_term_string}"},"query-input":{"@type":"PropertyValueSpecification","valueRequired":true,"valueName":"search_term_string"}}],"inLanguage":"en-US"}]}},"_links":{"self":[{"href":"https:\/\/www.fundacionpombo.org\/en\/wp-json\/wp\/v2\/pages\/25548","targetHints":{"allow":["GET"]}}],"collection":[{"href":"https:\/\/www.fundacionpombo.org\/en\/wp-json\/wp\/v2\/pages"}],"about":[{"href":"https:\/\/www.fundacionpombo.org\/en\/wp-json\/wp\/v2\/types\/page"}],"author":[{"embeddable":true,"href":"https:\/\/www.fundacionpombo.org\/en\/wp-json\/wp\/v2\/users\/2"}],"replies":[{"embeddable":true,"href":"https:\/\/www.fundacionpombo.org\/en\/wp-json\/wp\/v2\/comments?post=25548"}],"version-history":[{"count":0,"href":"https:\/\/www.fundacionpombo.org\/en\/wp-json\/wp\/v2\/pages\/25548\/revisions"}],"wp:attachment":[{"href":"https:\/\/www.fundacionpombo.org\/en\/wp-json\/wp\/v2\/media?parent=25548"}],"curies":[{"name":"wp","href":"https:\/\/api.w.org\/{rel}","templated":true}]}}