{"id":25558,"date":"2020-04-29T12:52:30","date_gmt":"2020-04-29T10:52:30","guid":{"rendered":"https:\/\/www.fundacionpombo.org\/?page_id=25558"},"modified":"2020-11-08T13:26:40","modified_gmt":"2020-11-08T12:26:40","slug":"victoria-aravaca-rey","status":"publish","type":"page","link":"https:\/\/www.fundacionpombo.org\/en\/victoria-aravaca-rey\/","title":{"rendered":"Victoria Aravaca"},"content":{"rendered":"<section data-vc-full-width=\"true\" data-vc-full-width-init=\"false\" class=\"vc_row wpb_row vc_row-fluid  vc_custom_1585647883939 pofo-stretch-content pofo-stretch-row-container vc_row-o-content-middle vc_row-flex\"><div class=\"wpb_column vc_column_container vc_col-sm-12  col-xs-mobile-fullwidth text-center md-text-center sm-text-center xs-text-center\"><div class=\"vc_column-inner \"><div class=\"wpb_wrapper\">[vc_empty_space height=&#8221;100px&#8221;]<div class=\"last-paragraph-no-margin\"><h2 style=\"text-align: left;\"><strong>Victoria Aravaca Rey<\/strong><\/h2>\n<\/div>[vc_separator color=&#8221;custom&#8221; align=&#8221;align_left&#8221; accent_color=&#8221;#f32735&#8243;][vc_empty_space height=&#8221;30px&#8221;]<div class=\"last-paragraph-no-margin\"><h3 style=\"text-align: left;\"><span style=\"color: #999999;\">Head of Administration<\/span><\/h3>\n<\/div>[vc_empty_space height=&#8221;50px&#8221;]<div class=\"vc_row wpb_row vc_inner vc_row-fluid\"><div class=\"wpb_column vc_column_container vc_col-sm-6  col-xs-mobile-fullwidth\"><div class=\"vc_column-inner \"><div class=\"wpb_wrapper\">[vc_single_image image=&#8221;24583&#8243; img_size=&#8221;full&#8221; css=&#8221;.vc_custom_1588158197542{padding-top: 0px !important;}&#8221;]<\/div><\/div><\/div><div class=\"wpb_column vc_column_container vc_col-sm-6  col-xs-mobile-fullwidth\"><div class=\"vc_column-inner \"><div class=\"wpb_wrapper\"><div class=\"last-paragraph-no-margin\"><h4><\/h4>\n<h4 style=\"text-align: left;\">\u201cIt is personally satisfying to be surrounded by great professionals with deeply held beliefs in human values and to see how each day we take steps towards helping those who are most vulnerable.\u201d<\/h4>\n<h4 style=\"text-align: left;\"><\/h4>\n<\/div><\/div><\/div><\/div><\/div>[vc_empty_space height=&#8221;50px&#8221;]<\/div><\/div><\/div><\/section><div class=\"vc_row-full-width vc_clearfix\"><\/div><section data-vc-full-width=\"true\" data-vc-full-width-init=\"false\" class=\"vc_row wpb_row vc_row-fluid  vc_custom_1585672415695 vc_row-has-fill vc_column-gap-30 pofo-stretch-content pofo-stretch-row-container\"><div class=\"wpb_column vc_column_container vc_col-sm-6  col-xs-mobile-fullwidth\"><div class=\"vc_column-inner \"><div class=\"wpb_wrapper\"><div class=\"last-paragraph-no-margin\"><h5 style=\"text-align: left;\"><strong>PROFESSIONAL EXPERIENCE<\/strong><\/h5>\n<\/div>[vc_separator color=&#8221;custom&#8221; align=&#8221;align_left&#8221; border_width=&#8221;2&#8243; el_width=&#8221;10&#8243; accent_color=&#8221;#f32735&#8243;][vc_empty_space height=&#8221;30px&#8221;]<div class=\" vc_custom_1604838253447 last-paragraph-no-margin\"><h6>2011-present: Fundaci\u00f3n Fernando Pombo. Head of Administration.<\/h6>\n<h6>2001-2009: Gesti\u00f3n Integrada Hispana, S.L., Administrator in the Finance Department.<\/h6>\n<\/div><div class=\"last-paragraph-no-margin\"><h5 style=\"text-align: left;\"><strong>SPECIALISATION<\/strong><\/h5>\n<\/div>[vc_separator color=&#8221;custom&#8221; align=&#8221;align_left&#8221; border_width=&#8221;2&#8243; el_width=&#8221;10&#8243; accent_color=&#8221;#f32735&#8243;][vc_empty_space height=&#8221;30px&#8221;]<div class=\" vc_custom_1604838290239 last-paragraph-no-margin\"><h6>Social degree with nearly 20 years of professional activity in administrative management.<\/h6>\n<h6>Specialisation: institutional relations and human resources<\/h6>\n<\/div><\/div><\/div><\/div><div class=\"wpb_column vc_column_container vc_col-sm-6  col-xs-mobile-fullwidth\"><div class=\"vc_column-inner \"><div class=\"wpb_wrapper\"><div class=\"last-paragraph-no-margin\"><h5 style=\"text-align: left;\"><strong>TRAINING<\/strong><\/h5>\n<\/div>[vc_separator color=&#8221;custom&#8221; align=&#8221;align_left&#8221; border_width=&#8221;2&#8243; el_width=&#8221;10&#8243; accent_color=&#8221;#f32735&#8243;][vc_empty_space height=&#8221;30px&#8221;]<div class=\" vc_custom_1604838330992 last-paragraph-no-margin\"><h6>Master\u2019s degree, specialisation in Employment Law and Human resources.<\/h6>\n<h6>CEIJ, Centro de estudios e investigaciones jur\u00eddicas. (2008 \u2013 2009).<\/h6>\n<h6>Diploma in Employment Relations<\/h6>\n<h6>Universidad Rey Juan Carlos, Madrid (2001 \u2013 2006).<\/h6>\n<h6>Various courses in computer applications for Integrated Commercial Management, Personnel Management, Finance and Accounting Management and corporate Remuneration Policies<\/h6>\n<\/div><div class=\"last-paragraph-no-margin\"><h5 style=\"text-align: left;\"><strong>LANGUAGES<\/strong><\/h5>\n<\/div>[vc_separator color=&#8221;custom&#8221; align=&#8221;align_left&#8221; border_width=&#8221;2&#8243; el_width=&#8221;10&#8243; accent_color=&#8221;#f32735&#8243;][vc_empty_space height=&#8221;30px&#8221;]<div class=\" vc_custom_1604838348050 last-paragraph-no-margin\"><h6>Spanish and English.<\/h6>\n<\/div><\/div><\/div><\/div><\/section><div class=\"vc_row-full-width vc_clearfix\"><\/div>\n","protected":false},"excerpt":{"rendered":"[vc_empty_space height=\"100px\"]Victoria Aravaca Rey [vc_separator color=\"custom\" align=\"align_left\" accent_color=\"#f32735\"][vc_empty_space height=\"30px\"]Head of Administration [vc_empty_space height=\"50px\"][vc_single_image image=\"24583\" img_size=\"full\" css=\".vc_custom_1588158197542{padding-top: 0px !important;}\"] \u201cIt is personally satisfying to be surrounded by great professionals with deeply held beliefs in human values and to see how each day we take steps towards helping those who are most vulnerable.\u201d [vc_empty_space height=\"50px\"]PROFESSIONAL EXPERIENCE [vc_separator color=\"custom\" align=\"align_left\" border_width=\"2\" el_width=\"10\" accent_color=\"#f32735\"][vc_empty_space height=\"30px\"]2011-present: Fundaci\u00f3n Fernando Pombo. Head of Administration. 2001-2009: Gesti\u00f3n Integrada Hispana, S.L., Administrator in the Finance Department. SPECIALISATION [vc_separator color=\"custom\" align=\"align_left\" border_width=\"2\" el_width=\"10\" accent_color=\"#f32735\"][vc_empty_space height=\"30px\"]Social degree with nearly 20 years of professional activity in administrative management. Specialisation: institutional relations and human resources TRAINING [vc_separator color=\"custom\" align=\"align_left\" border_width=\"2\" el_width=\"10\" accent_color=\"#f32735\"][vc_empty_space height=\"30px\"]Master\u2019s degree, specialisation in Employment Law and Human resources. CEIJ, Centro de estudios e investigaciones jur\u00eddicas. (2008 \u2013 2009). Diploma in Employment Relations Universidad Rey Juan Carlos, Madrid (2001 \u2013 2006). Various courses in computer applications for Integrated Commercial Management, Personnel Management, Finance and Accounting Management and corporate Remuneration Policies LANGUAGES [vc_separator color=\"custom\" align=\"align_left\" border_width=\"2\" el_width=\"10\" accent_color=\"#f32735\"][vc_empty_space height=\"30px\"]Spanish and English.","protected":false},"author":2,"featured_media":0,"parent":0,"menu_order":0,"comment_status":"closed","ping_status":"closed","template":"","meta":{"footnotes":""},"class_list":["post-25558","page","type-page","status-publish","hentry"],"yoast_head":"<!-- This site is optimized with the Yoast SEO plugin v27.5 - https:\/\/yoast.com\/product\/yoast-seo-wordpress\/ -->\n<title>Victoria Aravaca - Fundaci\u00f3n Fernando Pombo<\/title>\n<meta name=\"description\" content=\"Promovemos iniciativas jur\u00eddicas encaminadas a fortalecer el Estado de derecho y los derechos humanos. Trabajamos local y globalmente, combinando innovaci\u00f3n y excelencia jur\u00eddica para generar un mayor impacto social.\" \/>\n<meta name=\"robots\" content=\"index, follow, max-snippet:-1, max-image-preview:large, max-video-preview:-1\" \/>\n<link rel=\"canonical\" href=\"https:\/\/www.fundacionpombo.org\/en\/victoria-aravaca-rey\/\" \/>\n<meta property=\"og:locale\" content=\"en_US\" \/>\n<meta property=\"og:type\" content=\"article\" \/>\n<meta property=\"og:title\" content=\"Victoria Aravaca - Fundaci\u00f3n Fernando Pombo\" \/>\n<meta property=\"og:description\" content=\"Promovemos iniciativas jur\u00eddicas encaminadas a fortalecer el Estado de derecho y los derechos humanos. Trabajamos local y globalmente, combinando innovaci\u00f3n y excelencia jur\u00eddica para generar un mayor impacto social.\" \/>\n<meta property=\"og:url\" content=\"https:\/\/www.fundacionpombo.org\/en\/victoria-aravaca-rey\/\" \/>\n<meta property=\"og:site_name\" content=\"Fundaci\u00f3n Fernando Pombo\" \/>\n<meta property=\"article:publisher\" content=\"https:\/\/www.facebook.com\/FundacionFernandoPombo\" \/>\n<meta property=\"article:modified_time\" content=\"2020-11-08T12:26:40+00:00\" \/>\n<meta name=\"twitter:card\" content=\"summary_large_image\" \/>\n<meta name=\"twitter:site\" content=\"@FundacionFPombo\" \/>\n<script type=\"application\/ld+json\" class=\"yoast-schema-graph\">{\"@context\":\"https:\\\/\\\/schema.org\",\"@graph\":[{\"@type\":\"WebPage\",\"@id\":\"https:\\\/\\\/www.fundacionpombo.org\\\/en\\\/victoria-aravaca-rey\\\/\",\"url\":\"https:\\\/\\\/www.fundacionpombo.org\\\/en\\\/victoria-aravaca-rey\\\/\",\"name\":\"Victoria Aravaca - Fundaci\u00f3n Fernando Pombo\",\"isPartOf\":{\"@id\":\"https:\\\/\\\/www.fundacionpombo.org\\\/en\\\/#website\"},\"datePublished\":\"2020-04-29T10:52:30+00:00\",\"dateModified\":\"2020-11-08T12:26:40+00:00\",\"description\":\"Promovemos iniciativas jur\u00eddicas encaminadas a fortalecer el Estado de derecho y los derechos humanos. Trabajamos local y globalmente, combinando innovaci\u00f3n y excelencia jur\u00eddica para generar un mayor impacto social.\",\"breadcrumb\":{\"@id\":\"https:\\\/\\\/www.fundacionpombo.org\\\/en\\\/victoria-aravaca-rey\\\/#breadcrumb\"},\"inLanguage\":\"en-US\",\"potentialAction\":[{\"@type\":\"ReadAction\",\"target\":[\"https:\\\/\\\/www.fundacionpombo.org\\\/en\\\/victoria-aravaca-rey\\\/\"]}]},{\"@type\":\"BreadcrumbList\",\"@id\":\"https:\\\/\\\/www.fundacionpombo.org\\\/en\\\/victoria-aravaca-rey\\\/#breadcrumb\",\"itemListElement\":[{\"@type\":\"ListItem\",\"position\":1,\"name\":\"Portada\",\"item\":\"https:\\\/\\\/www.fundacionpombo.org\\\/en\\\/\"},{\"@type\":\"ListItem\",\"position\":2,\"name\":\"Victoria Aravaca\"}]},{\"@type\":\"WebSite\",\"@id\":\"https:\\\/\\\/www.fundacionpombo.org\\\/en\\\/#website\",\"url\":\"https:\\\/\\\/www.fundacionpombo.org\\\/en\\\/\",\"name\":\"Fundaci\u00f3n Fernando Pombo\",\"description\":\"Abogac\u00eda responsable por un mundo m\u00e1s justo\",\"potentialAction\":[{\"@type\":\"SearchAction\",\"target\":{\"@type\":\"EntryPoint\",\"urlTemplate\":\"https:\\\/\\\/www.fundacionpombo.org\\\/en\\\/?s={search_term_string}\"},\"query-input\":{\"@type\":\"PropertyValueSpecification\",\"valueRequired\":true,\"valueName\":\"search_term_string\"}}],\"inLanguage\":\"en-US\"}]}<\/script>\n<!-- \/ Yoast SEO plugin. -->","yoast_head_json":{"title":"Victoria Aravaca - Fundaci\u00f3n Fernando Pombo","description":"Promovemos iniciativas jur\u00eddicas encaminadas a fortalecer el Estado de derecho y los derechos humanos. Trabajamos local y globalmente, combinando innovaci\u00f3n y excelencia jur\u00eddica para generar un mayor impacto social.","robots":{"index":"index","follow":"follow","max-snippet":"max-snippet:-1","max-image-preview":"max-image-preview:large","max-video-preview":"max-video-preview:-1"},"canonical":"https:\/\/www.fundacionpombo.org\/en\/victoria-aravaca-rey\/","og_locale":"en_US","og_type":"article","og_title":"Victoria Aravaca - Fundaci\u00f3n Fernando Pombo","og_description":"Promovemos iniciativas jur\u00eddicas encaminadas a fortalecer el Estado de derecho y los derechos humanos. Trabajamos local y globalmente, combinando innovaci\u00f3n y excelencia jur\u00eddica para generar un mayor impacto social.","og_url":"https:\/\/www.fundacionpombo.org\/en\/victoria-aravaca-rey\/","og_site_name":"Fundaci\u00f3n Fernando Pombo","article_publisher":"https:\/\/www.facebook.com\/FundacionFernandoPombo","article_modified_time":"2020-11-08T12:26:40+00:00","twitter_card":"summary_large_image","twitter_site":"@FundacionFPombo","schema":{"@context":"https:\/\/schema.org","@graph":[{"@type":"WebPage","@id":"https:\/\/www.fundacionpombo.org\/en\/victoria-aravaca-rey\/","url":"https:\/\/www.fundacionpombo.org\/en\/victoria-aravaca-rey\/","name":"Victoria Aravaca - Fundaci\u00f3n Fernando Pombo","isPartOf":{"@id":"https:\/\/www.fundacionpombo.org\/en\/#website"},"datePublished":"2020-04-29T10:52:30+00:00","dateModified":"2020-11-08T12:26:40+00:00","description":"Promovemos iniciativas jur\u00eddicas encaminadas a fortalecer el Estado de derecho y los derechos humanos. Trabajamos local y globalmente, combinando innovaci\u00f3n y excelencia jur\u00eddica para generar un mayor impacto social.","breadcrumb":{"@id":"https:\/\/www.fundacionpombo.org\/en\/victoria-aravaca-rey\/#breadcrumb"},"inLanguage":"en-US","potentialAction":[{"@type":"ReadAction","target":["https:\/\/www.fundacionpombo.org\/en\/victoria-aravaca-rey\/"]}]},{"@type":"BreadcrumbList","@id":"https:\/\/www.fundacionpombo.org\/en\/victoria-aravaca-rey\/#breadcrumb","itemListElement":[{"@type":"ListItem","position":1,"name":"Portada","item":"https:\/\/www.fundacionpombo.org\/en\/"},{"@type":"ListItem","position":2,"name":"Victoria Aravaca"}]},{"@type":"WebSite","@id":"https:\/\/www.fundacionpombo.org\/en\/#website","url":"https:\/\/www.fundacionpombo.org\/en\/","name":"Fundaci\u00f3n Fernando Pombo","description":"Abogac\u00eda responsable por un mundo m\u00e1s justo","potentialAction":[{"@type":"SearchAction","target":{"@type":"EntryPoint","urlTemplate":"https:\/\/www.fundacionpombo.org\/en\/?s={search_term_string}"},"query-input":{"@type":"PropertyValueSpecification","valueRequired":true,"valueName":"search_term_string"}}],"inLanguage":"en-US"}]}},"_links":{"self":[{"href":"https:\/\/www.fundacionpombo.org\/en\/wp-json\/wp\/v2\/pages\/25558","targetHints":{"allow":["GET"]}}],"collection":[{"href":"https:\/\/www.fundacionpombo.org\/en\/wp-json\/wp\/v2\/pages"}],"about":[{"href":"https:\/\/www.fundacionpombo.org\/en\/wp-json\/wp\/v2\/types\/page"}],"author":[{"embeddable":true,"href":"https:\/\/www.fundacionpombo.org\/en\/wp-json\/wp\/v2\/users\/2"}],"replies":[{"embeddable":true,"href":"https:\/\/www.fundacionpombo.org\/en\/wp-json\/wp\/v2\/comments?post=25558"}],"version-history":[{"count":0,"href":"https:\/\/www.fundacionpombo.org\/en\/wp-json\/wp\/v2\/pages\/25558\/revisions"}],"wp:attachment":[{"href":"https:\/\/www.fundacionpombo.org\/en\/wp-json\/wp\/v2\/media?parent=25558"}],"curies":[{"name":"wp","href":"https:\/\/api.w.org\/{rel}","templated":true}]}}