{"id":25663,"date":"2020-02-04T12:27:58","date_gmt":"2020-02-04T11:27:58","guid":{"rendered":"https:\/\/www.fundacionpombo.org\/?page_id=25663"},"modified":"2021-03-16T19:09:16","modified_gmt":"2021-03-16T18:09:16","slug":"vulnerable-women","status":"publish","type":"page","link":"https:\/\/www.fundacionpombo.org\/en\/vulnerable-women\/","title":{"rendered":"Vulnerable women"},"content":{"rendered":"<section data-vc-full-width=\"true\" data-vc-full-width-init=\"false\" class=\"vc_row wpb_row vc_row-fluid  vc_custom_1582572334545 vc_row-has-fill pofo-stretch-content pofo-stretch-row-container vc_row-o-content-middle vc_row-flex\"><div class=\"wpb_column vc_column_container vc_col-sm-12  col-xs-mobile-fullwidth text-center md-text-center sm-text-center xs-text-center\"><div class=\"vc_column-inner \"><div class=\"wpb_wrapper\">[vc_empty_space height=&#8221;50px&#8221;]<div class=\"last-paragraph-no-margin\"><h2 style=\"text-align: left;\"><span style=\"color: #ffffff;\"><strong>Vulnerable womens<\/strong><\/span><\/h2>\n<h5 style=\"text-align: left;\">We work to improve the defence of women in vulnerable situations and specifically of victims of gender-based violence and human trafficking for sexual exploitation, and we analyse the effectiveness of the legal system to give a comprehensive response.<\/h5>\n<\/div><\/div><\/div><\/div><\/section><div class=\"vc_row-full-width vc_clearfix\"><\/div><section id=\"sticky-menu\" data-vc-full-width=\"true\" data-vc-full-width-init=\"false\" class=\"vc_row wpb_row vc_row-fluid  vc_custom_1582571523458 vc_row-has-fill pofo-stretch-content pofo-stretch-row-container\"><div class=\"wpb_column vc_column_container vc_col-sm-12  col-xs-mobile-fullwidth\"><div class=\"vc_column-inner \"><div class=\"wpb_wrapper\">[vc_wp_custommenu nav_menu=&#8221;164&#8243; el_id=&#8221;second-menu&#8221; el_class=&#8221;menu-horizontal&#8221;]<\/div><\/div><\/div><\/section><div class=\"vc_row-full-width vc_clearfix\"><\/div><section data-vc-full-width=\"true\" data-vc-full-width-init=\"false\" class=\"vc_row wpb_row vc_row-fluid  vc_custom_1588154760598 pofo-stretch-content pofo-stretch-row-container vc_row-o-content-middle vc_row-flex\"><div class=\"wpb_column vc_column_container vc_col-sm-3  col-xs-mobile-fullwidth text-center md-text-center sm-text-center xs-text-center\"><div class=\"vc_column-inner \"><div class=\"wpb_wrapper\"><\/div><\/div><\/div><div class=\"wpb_column vc_column_container vc_col-sm-6  col-xs-mobile-fullwidth\"><div class=\"vc_column-inner \"><div class=\"wpb_wrapper\">[vc_video link=&#8221;https:\/\/youtu.be\/0YROzZVdsuc&#8221; align=&#8221;center&#8221; css=&#8221;.vc_custom_1580814105996{background-image: url(http:\/\/www.fundacionpombo.org\/web\/wp-content\/uploads\/2019\/11\/Abogac\u00eda-Objetivos-de-Desarrollo-Sostenible-y-Rule-of-Law.png?id=21612) !important;}&#8221;]<\/div><\/div><\/div><div class=\"wpb_column vc_column_container vc_col-sm-3  col-xs-mobile-fullwidth\"><div class=\"vc_column-inner \"><div class=\"wpb_wrapper\"><\/div><\/div><\/div><\/section><div class=\"vc_row-full-width vc_clearfix\"><\/div><section data-vc-full-width=\"true\" data-vc-full-width-init=\"false\" class=\"vc_row wpb_row vc_row-fluid  vc_custom_1582572785958 vc_row-has-fill pofo-stretch-content pofo-stretch-row-container vc_row-o-content-top vc_row-flex\"><div class=\"wpb_column vc_column_container vc_col-has-fill vc_col-sm-12  col-xs-mobile-fullwidth\"><div class=\"vc_column-inner vc_custom_1581180445066\"><div class=\"wpb_wrapper\"><div class=\" vc_custom_1604835760621 last-paragraph-no-margin\"><h5><span style=\"color: #f32735;\"><strong>Recognitions<\/strong><\/span><\/h5>\n<h6><span style=\"color: #f32735;\">* <\/span>Finalists in the Global Pro Bono Awards 2015<br \/>\n<span style=\"color: #f32735;\">* <\/span>Special Mention in the Financial Times Innovative Lawyers Report \u2013 Europe 2018<\/h6>\n<h4><\/h4>\n<\/div><\/div><\/div><\/div><\/section><div class=\"vc_row-full-width vc_clearfix\"><\/div><section data-vc-full-width=\"true\" data-vc-full-width-init=\"false\" class=\"vc_row wpb_row vc_row-fluid  vc_custom_1582625452314 pofo-stretch-content pofo-stretch-row-container\"><div class=\"wpb_column vc_column_container  col-xs-mobile-fullwidth\"><div class=\"vc_column-inner \"><div class=\"wpb_wrapper\"><div class=\"last-paragraph-no-margin\"><h3><strong><span style=\"color: #000000;\">Publications<\/span><\/strong><\/h3>\n<hr \/>\n<\/div><div class=\"vc_row wpb_row vc_inner vc_row-fluid  vc_custom_1582119134884\"><div class=\"wpb_column vc_column_container vc_col-sm-4  col-xs-mobile-fullwidth\"><div class=\"vc_column-inner \"><div class=\"wpb_wrapper\">[vc_single_image image=&#8221;22074&#8243; img_size=&#8221;medium&#8221; onclick=&#8221;custom_link&#8221; img_link_target=&#8221;_blank&#8221; link=&#8221;http:\/\/www.fundacionpombo.org\/web\/wp-content\/uploads\/2020\/02\/Guia_practica_asesoramiento_victimas_violencia_-genero_FFPombo.pdf&#8221;]<\/div><\/div><\/div><div class=\"wpb_column vc_column_container vc_col-sm-4  col-xs-mobile-fullwidth\"><div class=\"vc_column-inner \"><div class=\"wpb_wrapper\">[vc_single_image image=&#8221;22573&#8243; img_size=&#8221;medium&#8221; onclick=&#8221;custom_link&#8221; img_link_target=&#8221;_blank&#8221; link=&#8221;http:\/\/www.fundacionpombo.org\/web\/wp-content\/uploads\/2020\/02\/GUIA-SEGUNDA-OPORTUNIDAD-PERSONAS-SITUACION-VULNERABLE.pdf&#8221;]<\/div><\/div><\/div><div class=\"wpb_column vc_column_container vc_col-sm-4  col-xs-mobile-fullwidth\"><div class=\"vc_column-inner \"><div class=\"wpb_wrapper\"><\/div><\/div><\/div><\/div><\/div><\/div><\/div><\/section><div class=\"vc_row-full-width vc_clearfix\"><\/div><section id=\"violencia-de-genero\" data-vc-full-width=\"true\" data-vc-full-width-init=\"false\" class=\"vc_row wpb_row vc_row-fluid  vc_custom_1582625461786 wow fadeIn pofo-stretch-content pofo-stretch-row-container\"><div class=\"wpb_column vc_column_container vc_col-sm-12  col-xs-mobile-fullwidth\"><div class=\"vc_column-inner \"><div class=\"wpb_wrapper\"><div class=\"last-paragraph-no-margin\"><h3><strong><span style=\"color: #000000;\">Projects<\/span><\/strong><\/h3>\n<hr \/>\n<\/div><div class=\"last-paragraph-no-margin\"><h4 style=\"text-align: left;\"><span style=\"color: #f32735;\"><strong>GENDER-BASED VIOLENCE<\/strong><\/span><\/h4>\n<p>Violence against women constitutes one of the worst blights on our society, which not only undermines the dignity and fundamental rights of those that suffer from it, but causes irreversible personal, social and economic effects to the victims and their environment.<\/p>\n<p>For more than five years, we have attempted to provide effective legal solutions to advance towards an effective prevention, protection and comprehensive defence for victims, analysing beyond legal aspects related to the moment of reporting or the legal procedure.<\/p>\n<\/div>[vc_empty_space height=&#8221;50px&#8221;][vc_text_separator title=&#8221;LATEST NEWS&#8221; title_align=&#8221;separator_align_left&#8221; align=&#8221;align_left&#8221; color=&#8221;custom&#8221; el_width=&#8221;20&#8243; accent_color=&#8221;#f51955&#8243;][vc_empty_space]<div id=\"entries-block-1\" class=\"pofo-blog-masonry\"><ul class=\"blog-grid blog-3col gutter-large blog-post-gutter\"><li class=\"grid-sizer\"><\/li><\/ul><\/div>[vc_btn title=&#8221;More about our work in this area&#8221; style=&#8221;gradient-custom&#8221; gradient_custom_color_1=&#8221;#f32735&#8243; gradient_custom_color_2=&#8221;&#8221; shape=&#8221;square&#8221; size=&#8221;lg&#8221; align=&#8221;center&#8221; link=&#8221;url:http%3A%2F%2Fwww.fundacionpombo.org%2Fweb%2Fviolencia-de-genero%2F||target:%20_blank|&#8221;]<\/div><\/div><\/div><\/section><div class=\"vc_row-full-width vc_clearfix\"><\/div><section id=\"trata-de-personas\" data-vc-full-width=\"true\" data-vc-full-width-init=\"false\" class=\"vc_row wpb_row vc_row-fluid  vc_custom_1582118498608 vc_row-has-fill pofo-stretch-content pofo-stretch-row-container vc_row-o-content-middle vc_row-flex\"><div class=\"wpb_column vc_column_container vc_col-sm-12  col-xs-mobile-fullwidth\"><div class=\"vc_column-inner \"><div class=\"wpb_wrapper\"><div class=\"last-paragraph-no-margin\"><h4 style=\"text-align: left;\"><span style=\"color: #f32735;\"><strong>HUMAN TRAFFICKING<\/strong><\/span><\/h4>\n<p>Human trafficking is one of the cruellest phenomena we currently face, both due to its prevalence on a global scale as well as due to the terrible violation of rights it entails.<\/p>\n<p>Through the <a href=\"https:\/\/r4ctratadepersonas.org\/\">\u201cRights for Change\u201d<\/a> Project, we work to identify the main social and legal barriers that limit the exercise of rights of victims and\/or survivors of human trafficking for sexual exploitation, and we propose solutions aimed at improving prevention, protection and comprehensive recovery.<\/p>\n<\/div>[vc_empty_space height=&#8221;50px&#8221;][vc_text_separator title=&#8221;LATEST NEWS&#8221; title_align=&#8221;separator_align_left&#8221; align=&#8221;align_left&#8221; color=&#8221;custom&#8221; el_width=&#8221;20&#8243; accent_color=&#8221;#f51955&#8243;][vc_empty_space]<div id=\"entries-block-2\" class=\"pofo-blog-masonry\"><ul class=\"blog-grid blog-3col gutter-large blog-post-gutter\"><li class=\"grid-sizer\"><\/li><\/ul><\/div>[vc_btn title=&#8221;More about our work in this area&#8221; style=&#8221;gradient-custom&#8221; gradient_custom_color_1=&#8221;#f32735&#8243; gradient_custom_color_2=&#8221;&#8221; shape=&#8221;square&#8221; size=&#8221;lg&#8221; align=&#8221;center&#8221; link=&#8221;url:https%3A%2F%2Fr4ctratadepersonas.org%2F||target:%20_blank|&#8221; css=&#8221;.vc_custom_1604836128718{margin-top: 40px !important;}&#8221;]<\/div><\/div><\/div><\/section><div class=\"vc_row-full-width vc_clearfix\"><\/div><section id=\"segunda-oportunidad\" data-vc-full-width=\"true\" data-vc-full-width-init=\"false\" class=\"vc_row wpb_row vc_row-fluid   wow fadeIn pofo-stretch-content pofo-stretch-row-container\"><div class=\"wpb_column vc_column_container vc_col-sm-12  col-xs-mobile-fullwidth\"><div class=\"vc_column-inner \"><div class=\"wpb_wrapper\"><div class=\"last-paragraph-no-margin\"><h4 style=\"text-align: left;\"><span style=\"color: #f32735;\"><strong>SECOND CHANCE<\/strong><\/span><\/h4>\n<p>Excess debt is an ever-increasing phenomenon, especially in the poorest and most vulnerable sectors of the population, who seek out in this financial instrument a boost that allows them to survive or aspire to a better life.<\/p>\n<p>In the case of women victims of gender-based violence and\/or human trafficking, the risk and exposure to excess debt is even greater, especially debt they have with their aggressors and\/or traffickers derived from loans and credit taken out on many occasions to meet their daily basic expenses, such as food and shelter.<\/p>\n<p>Through the <a href=\"https:\/\/www.guia2oportunidad.org\/\">\u201cSecond Chance\u201d<\/a> Project, we carry out research to reduce barriers to access rights for individuals in a vulnerable situation due to excess debt in order to improve their access to rights to escape from the cycle of exclusion.<\/p>\n<\/div>[vc_empty_space height=&#8221;50px&#8221;][vc_text_separator title=&#8221;LATEST NEWS&#8221; title_align=&#8221;separator_align_left&#8221; align=&#8221;align_left&#8221; color=&#8221;custom&#8221; el_width=&#8221;20&#8243; accent_color=&#8221;#f51955&#8243;][vc_empty_space]<div id=\"entries-block-3\" class=\"pofo-blog-masonry\"><ul class=\"blog-grid blog-3col gutter-large blog-post-gutter\"><li class=\"grid-sizer\"><\/li><\/ul><\/div>[vc_btn title=&#8221;More about our work in this area&#8221; style=&#8221;gradient-custom&#8221; gradient_custom_color_1=&#8221;#f32735&#8243; gradient_custom_color_2=&#8221;&#8221; shape=&#8221;square&#8221; size=&#8221;lg&#8221; align=&#8221;center&#8221; link=&#8221;url:https%3A%2F%2Fwww.guia2oportunidad.org%2F|title:Segunda%20Oportunidad|target:%20_blank|&#8221;]<\/div><\/div><\/div><\/section><div class=\"vc_row-full-width vc_clearfix\"><\/div>\n","protected":false},"excerpt":{"rendered":"[vc_empty_space height=\"50px\"]Vulnerable womens We work to improve the defence of women in vulnerable situations and specifically of victims of gender-based violence and human trafficking for sexual exploitation, and we analyse the effectiveness of the legal system to give a comprehensive response. [vc_wp_custommenu nav_menu=\"164\" el_id=\"second-menu\" el_class=\"menu-horizontal\"][vc_video link=\"https:\/\/youtu.be\/0YROzZVdsuc\" align=\"center\" css=\".vc_custom_1580814105996{background-image: url(http:\/\/www.fundacionpombo.org\/web\/wp-content\/uploads\/2019\/11\/Abogac\u00eda-Objetivos-de-Desarrollo-Sostenible-y-Rule-of-Law.png?id=21612) !important;}\"]Recognitions * Finalists in the Global Pro Bono Awards 2015 * Special Mention in the Financial Times Innovative Lawyers Report \u2013 Europe 2018 Publications [vc_single_image image=\"22074\" img_size=\"medium\" onclick=\"custom_link\" img_link_target=\"_blank\" link=\"http:\/\/www.fundacionpombo.org\/web\/wp-content\/uploads\/2020\/02\/Guia_practica_asesoramiento_victimas_violencia_-genero_FFPombo.pdf\"][vc_single_image image=\"22573\" img_size=\"medium\" onclick=\"custom_link\" img_link_target=\"_blank\" link=\"http:\/\/www.fundacionpombo.org\/web\/wp-content\/uploads\/2020\/02\/GUIA-SEGUNDA-OPORTUNIDAD-PERSONAS-SITUACION-VULNERABLE.pdf\"]Projects GENDER-BASED VIOLENCE Violence against women constitutes one of the worst blights on our society, which not only undermines the dignity and fundamental rights of those that suffer from it, but causes irreversible personal, social and economic effects to the victims and their environment. For more than five years, we have attempted to provide effective legal solutions to advance towards an effective prevention, protection and comprehensive defence for victims, analysing beyond legal aspects related to the moment of reporting or the legal procedure. [vc_empty_space height=\"50px\"][vc_text_separator title=\"LATEST NEWS\" title_align=\"separator_align_left\" align=\"align_left\" color=\"custom\" el_width=\"20\" accent_color=\"#f51955\"][vc_empty_space][vc_btn title=\"More about our work in this area\" style=\"gradient-custom\" gradient_custom_color_1=\"#f32735\" gradient_custom_color_2=\"\" shape=\"square\" size=\"lg\" align=\"center\" link=\"url:http%3A%2F%2Fwww.fundacionpombo.org%2Fweb%2Fviolencia-de-genero%2F||target:%20_blank|\"]HUMAN TRAFFICKING Human trafficking is one of the cruellest phenomena we currently&hellip; <a class=\"continue\" href=\"https:\/\/www.fundacionpombo.org\/en\/vulnerable-women\/\">Continuar leyendo<span> Vulnerable women<\/span><\/a>","protected":false},"author":2,"featured_media":0,"parent":0,"menu_order":0,"comment_status":"closed","ping_status":"closed","template":"","meta":{"footnotes":""},"class_list":["post-25663","page","type-page","status-publish","hentry"],"yoast_head":"<!-- This site is optimized with the Yoast SEO plugin v27.4 - https:\/\/yoast.com\/product\/yoast-seo-wordpress\/ -->\n<title>Vulnerable women - Fundaci\u00f3n Fernando Pombo<\/title>\n<meta name=\"description\" content=\"Promovemos iniciativas jur\u00eddicas encaminadas a fortalecer el Estado de derecho y los derechos humanos. Trabajamos local y globalmente, combinando innovaci\u00f3n y excelencia jur\u00eddica para generar un mayor impacto social.\" \/>\n<meta name=\"robots\" content=\"index, follow, max-snippet:-1, max-image-preview:large, max-video-preview:-1\" \/>\n<link rel=\"canonical\" href=\"https:\/\/www.fundacionpombo.org\/en\/vulnerable-women\/\" \/>\n<meta property=\"og:locale\" content=\"en_US\" \/>\n<meta property=\"og:type\" content=\"article\" \/>\n<meta property=\"og:title\" content=\"Vulnerable women - Fundaci\u00f3n Fernando Pombo\" \/>\n<meta property=\"og:description\" content=\"Promovemos iniciativas jur\u00eddicas encaminadas a fortalecer el Estado de derecho y los derechos humanos. Trabajamos local y globalmente, combinando innovaci\u00f3n y excelencia jur\u00eddica para generar un mayor impacto social.\" \/>\n<meta property=\"og:url\" content=\"https:\/\/www.fundacionpombo.org\/en\/vulnerable-women\/\" \/>\n<meta property=\"og:site_name\" content=\"Fundaci\u00f3n Fernando Pombo\" \/>\n<meta property=\"article:publisher\" content=\"https:\/\/www.facebook.com\/FundacionFernandoPombo\" \/>\n<meta property=\"article:modified_time\" content=\"2021-03-16T18:09:16+00:00\" \/>\n<meta name=\"twitter:card\" content=\"summary_large_image\" \/>\n<meta name=\"twitter:site\" content=\"@FundacionFPombo\" \/>\n<script type=\"application\/ld+json\" class=\"yoast-schema-graph\">{\"@context\":\"https:\\\/\\\/schema.org\",\"@graph\":[{\"@type\":\"WebPage\",\"@id\":\"https:\\\/\\\/www.fundacionpombo.org\\\/en\\\/vulnerable-women\\\/\",\"url\":\"https:\\\/\\\/www.fundacionpombo.org\\\/en\\\/vulnerable-women\\\/\",\"name\":\"Vulnerable women - Fundaci\u00f3n Fernando Pombo\",\"isPartOf\":{\"@id\":\"https:\\\/\\\/www.fundacionpombo.org\\\/en\\\/#website\"},\"datePublished\":\"2020-02-04T11:27:58+00:00\",\"dateModified\":\"2021-03-16T18:09:16+00:00\",\"description\":\"Promovemos iniciativas jur\u00eddicas encaminadas a fortalecer el Estado de derecho y los derechos humanos. Trabajamos local y globalmente, combinando innovaci\u00f3n y excelencia jur\u00eddica para generar un mayor impacto social.\",\"breadcrumb\":{\"@id\":\"https:\\\/\\\/www.fundacionpombo.org\\\/en\\\/vulnerable-women\\\/#breadcrumb\"},\"inLanguage\":\"en-US\",\"potentialAction\":[{\"@type\":\"ReadAction\",\"target\":[\"https:\\\/\\\/www.fundacionpombo.org\\\/en\\\/vulnerable-women\\\/\"]}]},{\"@type\":\"BreadcrumbList\",\"@id\":\"https:\\\/\\\/www.fundacionpombo.org\\\/en\\\/vulnerable-women\\\/#breadcrumb\",\"itemListElement\":[{\"@type\":\"ListItem\",\"position\":1,\"name\":\"Portada\",\"item\":\"https:\\\/\\\/www.fundacionpombo.org\\\/en\\\/\"},{\"@type\":\"ListItem\",\"position\":2,\"name\":\"Vulnerable women\"}]},{\"@type\":\"WebSite\",\"@id\":\"https:\\\/\\\/www.fundacionpombo.org\\\/en\\\/#website\",\"url\":\"https:\\\/\\\/www.fundacionpombo.org\\\/en\\\/\",\"name\":\"Fundaci\u00f3n Fernando Pombo\",\"description\":\"Abogac\u00eda responsable por un mundo m\u00e1s justo\",\"potentialAction\":[{\"@type\":\"SearchAction\",\"target\":{\"@type\":\"EntryPoint\",\"urlTemplate\":\"https:\\\/\\\/www.fundacionpombo.org\\\/en\\\/?s={search_term_string}\"},\"query-input\":{\"@type\":\"PropertyValueSpecification\",\"valueRequired\":true,\"valueName\":\"search_term_string\"}}],\"inLanguage\":\"en-US\"}]}<\/script>\n<!-- \/ Yoast SEO plugin. -->","yoast_head_json":{"title":"Vulnerable women - Fundaci\u00f3n Fernando Pombo","description":"Promovemos iniciativas jur\u00eddicas encaminadas a fortalecer el Estado de derecho y los derechos humanos. Trabajamos local y globalmente, combinando innovaci\u00f3n y excelencia jur\u00eddica para generar un mayor impacto social.","robots":{"index":"index","follow":"follow","max-snippet":"max-snippet:-1","max-image-preview":"max-image-preview:large","max-video-preview":"max-video-preview:-1"},"canonical":"https:\/\/www.fundacionpombo.org\/en\/vulnerable-women\/","og_locale":"en_US","og_type":"article","og_title":"Vulnerable women - Fundaci\u00f3n Fernando Pombo","og_description":"Promovemos iniciativas jur\u00eddicas encaminadas a fortalecer el Estado de derecho y los derechos humanos. Trabajamos local y globalmente, combinando innovaci\u00f3n y excelencia jur\u00eddica para generar un mayor impacto social.","og_url":"https:\/\/www.fundacionpombo.org\/en\/vulnerable-women\/","og_site_name":"Fundaci\u00f3n Fernando Pombo","article_publisher":"https:\/\/www.facebook.com\/FundacionFernandoPombo","article_modified_time":"2021-03-16T18:09:16+00:00","twitter_card":"summary_large_image","twitter_site":"@FundacionFPombo","schema":{"@context":"https:\/\/schema.org","@graph":[{"@type":"WebPage","@id":"https:\/\/www.fundacionpombo.org\/en\/vulnerable-women\/","url":"https:\/\/www.fundacionpombo.org\/en\/vulnerable-women\/","name":"Vulnerable women - Fundaci\u00f3n Fernando Pombo","isPartOf":{"@id":"https:\/\/www.fundacionpombo.org\/en\/#website"},"datePublished":"2020-02-04T11:27:58+00:00","dateModified":"2021-03-16T18:09:16+00:00","description":"Promovemos iniciativas jur\u00eddicas encaminadas a fortalecer el Estado de derecho y los derechos humanos. Trabajamos local y globalmente, combinando innovaci\u00f3n y excelencia jur\u00eddica para generar un mayor impacto social.","breadcrumb":{"@id":"https:\/\/www.fundacionpombo.org\/en\/vulnerable-women\/#breadcrumb"},"inLanguage":"en-US","potentialAction":[{"@type":"ReadAction","target":["https:\/\/www.fundacionpombo.org\/en\/vulnerable-women\/"]}]},{"@type":"BreadcrumbList","@id":"https:\/\/www.fundacionpombo.org\/en\/vulnerable-women\/#breadcrumb","itemListElement":[{"@type":"ListItem","position":1,"name":"Portada","item":"https:\/\/www.fundacionpombo.org\/en\/"},{"@type":"ListItem","position":2,"name":"Vulnerable women"}]},{"@type":"WebSite","@id":"https:\/\/www.fundacionpombo.org\/en\/#website","url":"https:\/\/www.fundacionpombo.org\/en\/","name":"Fundaci\u00f3n Fernando Pombo","description":"Abogac\u00eda responsable por un mundo m\u00e1s justo","potentialAction":[{"@type":"SearchAction","target":{"@type":"EntryPoint","urlTemplate":"https:\/\/www.fundacionpombo.org\/en\/?s={search_term_string}"},"query-input":{"@type":"PropertyValueSpecification","valueRequired":true,"valueName":"search_term_string"}}],"inLanguage":"en-US"}]}},"_links":{"self":[{"href":"https:\/\/www.fundacionpombo.org\/en\/wp-json\/wp\/v2\/pages\/25663","targetHints":{"allow":["GET"]}}],"collection":[{"href":"https:\/\/www.fundacionpombo.org\/en\/wp-json\/wp\/v2\/pages"}],"about":[{"href":"https:\/\/www.fundacionpombo.org\/en\/wp-json\/wp\/v2\/types\/page"}],"author":[{"embeddable":true,"href":"https:\/\/www.fundacionpombo.org\/en\/wp-json\/wp\/v2\/users\/2"}],"replies":[{"embeddable":true,"href":"https:\/\/www.fundacionpombo.org\/en\/wp-json\/wp\/v2\/comments?post=25663"}],"version-history":[{"count":0,"href":"https:\/\/www.fundacionpombo.org\/en\/wp-json\/wp\/v2\/pages\/25663\/revisions"}],"wp:attachment":[{"href":"https:\/\/www.fundacionpombo.org\/en\/wp-json\/wp\/v2\/media?parent=25663"}],"curies":[{"name":"wp","href":"https:\/\/api.w.org\/{rel}","templated":true}]}}