{"id":25821,"date":"2020-02-13T11:26:36","date_gmt":"2020-02-13T10:26:36","guid":{"rendered":"https:\/\/www.fundacionpombo.org\/?page_id=25821"},"modified":"2021-03-14T17:34:56","modified_gmt":"2021-03-14T16:34:56","slug":"pro-bono-culture","status":"publish","type":"page","link":"https:\/\/www.fundacionpombo.org\/en\/pro-bono-culture\/","title":{"rendered":"PRO BONO CULTURE"},"content":{"rendered":"<section data-vc-full-width=\"true\" data-vc-full-width-init=\"false\" class=\"vc_row wpb_row vc_row-fluid  vc_custom_1582653435364 vc_row-has-fill pofo-stretch-content pofo-stretch-row-container vc_row-o-content-middle vc_row-flex\"><div class=\"wpb_column vc_column_container vc_col-sm-12  col-xs-mobile-fullwidth text-center md-text-center sm-text-center xs-text-center\"><div class=\"vc_column-inner \"><div class=\"wpb_wrapper\">[vc_empty_space height=&#8221;30px&#8221;]<div class=\"last-paragraph-no-margin\"><h3><\/h3>\n<h3 style=\"text-align: left;\"><strong><span lang=\"EN-GB\" style=\"color: #ffffff;\">Pro Bono culture <\/span><\/strong><\/h3>\n<h5 style=\"text-align: left;\">Pro Bono is free legal advice for underprivileged groups that may not be attended by public defenders. We are the first pro bono coordination centre (clearinghouse) in Spain, and since its creation, we have optimised our work method and innovation capacity to make a greater impact in all that we do.<\/h5>\n<h5 style=\"text-align: left;\">Our leadership and prestige in the pro bono practice and outside of the country has led us to take up executive positions on the Pro Bono Committee of the International Bar Association and the Global Forum of Pro Bono PILnet since 2014. Additionally, we have teamed up with the General Council of Spanish Law to promote pro bono practice in its 2015-2020 strategic plan.<\/h5>\n<\/div><\/div><\/div><\/div><\/section><div class=\"vc_row-full-width vc_clearfix\"><\/div><section id=\"sticky-menu\" data-vc-full-width=\"true\" data-vc-full-width-init=\"false\" class=\"vc_row wpb_row vc_row-fluid  vc_custom_1582653463612 vc_row-has-fill pofo-stretch-content pofo-stretch-row-container\"><div class=\"wpb_column vc_column_container vc_col-sm-12  col-xs-mobile-fullwidth\"><div class=\"vc_column-inner \"><div class=\"wpb_wrapper\">[vc_wp_custommenu nav_menu=&#8221;87&#8243; el_id=&#8221;second-menu&#8221; el_class=&#8221;menu-horizontal&#8221;]<\/div><\/div><\/div><\/section><div class=\"vc_row-full-width vc_clearfix\"><\/div><section data-vc-full-width=\"true\" data-vc-full-width-init=\"false\" class=\"vc_row wpb_row vc_row-fluid  vc_custom_1582653975638 vc_row-has-fill pofo-stretch-content pofo-stretch-row-container vc_row-o-content-middle vc_row-flex\"><div class=\"wpb_column vc_column_container vc_col-has-fill vc_col-sm-12  col-xs-mobile-fullwidth\"><div class=\"vc_column-inner vc_custom_1581180445066\"><div class=\"wpb_wrapper\"><div class=\"last-paragraph-no-margin\"><h5><span style=\"color: #f32735;\"><strong>Reconocimientos<\/strong><\/span><\/h5>\n<h6><span style=\"color: #f32735;\">*<\/span> Finalistas dos a\u00f1os consecutivos en el premio a mejor abogado del mundo de la International Bar Association (2016 y 2017).<br \/>\n<span style=\"color: #f32735;\">*<\/span> Seleccionados en 2014 en el programa Talento Solidario y en 2019 como una de las 10 mejores pr\u00e1cticas de este programa de la Fundaci\u00f3n Bot\u00edn.<\/h6>\n<h4><\/h4>\n<\/div><\/div><\/div><\/div><\/section><div class=\"vc_row-full-width vc_clearfix\"><\/div><section id=\"in-spain\" data-vc-full-width=\"true\" data-vc-full-width-init=\"false\" class=\"vc_row wpb_row vc_row-fluid  vc_custom_1582653950427 wow fadeIn pofo-stretch-content pofo-stretch-row-container\"><div class=\"wpb_column vc_column_container vc_col-sm-12  col-xs-mobile-fullwidth\"><div class=\"vc_column-inner \"><div class=\"wpb_wrapper\">[vc_empty_space height=&#8221;30px&#8221;]<div class=\" vc_custom_1615487895205 last-paragraph-no-margin\"><h3 class=\"font-weight-300 text-extra-dark-gray no-margin\" style=\"text-align: left;\"><strong>Projects<\/strong><\/h3>\n<hr \/>\n<p>&nbsp;<\/p>\n<h4><span style=\"color: #f24b56;\"><strong>PROMOTION OF PRO BONO CULTURE IN SPAIN <\/strong><\/span><\/h4>\n<h6>In 2013, Professor John Ruggie attended the IBA conference where he lectured international legal practitioners on their role in ensuring that businesses comply with human rights. Since then, we have been actively researching how we could take specific action and have taken steps towards this end by publishing relevant material and carrying out various research projects.<\/h6>\n<\/div>[vc_text_separator title=&#8221;LATEST NEWS&#8221; title_align=&#8221;separator_align_left&#8221; align=&#8221;align_left&#8221; color=&#8221;custom&#8221; el_width=&#8221;20&#8243; accent_color=&#8221;#f32735&#8243; css=&#8221;.vc_custom_1615488131007{padding-top: 30px !important;padding-bottom: 30px !important;}&#8221;]<div id=\"entries-block-1\" class=\"pofo-blog-masonry\"><ul class=\"blog-grid blog-3col gutter-large blog-post-gutter\"><li class=\"grid-sizer\"><\/li><\/ul><\/div><\/div><\/div><\/div><\/section><div class=\"vc_row-full-width vc_clearfix\"><\/div><section id=\"international\" data-vc-full-width=\"true\" data-vc-full-width-init=\"false\" class=\"vc_row wpb_row vc_row-fluid  vc_custom_1582212957815 vc_row-has-fill pofo-stretch-content pofo-stretch-row-container vc_row-o-content-middle vc_row-flex\"><div class=\"wpb_column vc_column_container vc_col-sm-12  col-xs-mobile-fullwidth\"><div class=\"vc_column-inner \"><div class=\"wpb_wrapper\"><div class=\"vc_row wpb_row vc_inner vc_row-fluid\"><div class=\"wpb_column vc_column_container vc_col-has-fill vc_col-sm-12  col-xs-mobile-fullwidth\"><div class=\"vc_column-inner vc_custom_1580817479167\"><div class=\"wpb_wrapper\"><div class=\"last-paragraph-no-margin\"><h4><span style=\"color: #f24b56;\"><strong>INTERNATIONAL PROMOTION OF PRO BONO CULTURE<\/strong><\/span><\/h4>\n<\/div><div class=\"last-paragraph-no-margin\"><h6>We actively participate in international law forums as lecturers in order to communicate the importance of pro bono work as a form of responsible legal practice.<\/h6>\n<\/div>[vc_text_separator title=&#8221;LATEST NEWS&#8221; title_align=&#8221;separator_align_left&#8221; align=&#8221;align_left&#8221; color=&#8221;custom&#8221; el_width=&#8221;20&#8243; accent_color=&#8221;#f32735&#8243; css=&#8221;.vc_custom_1615488146396{padding-top: 30px !important;padding-bottom: 30px !important;}&#8221;]<div id=\"entries-block-2\" class=\"pofo-blog-masonry\"><ul class=\"blog-grid blog-3col gutter-large blog-post-gutter\"><li class=\"grid-sizer\"><\/li><\/ul><\/div><\/div><\/div><\/div><\/div><\/div><\/div><\/div><\/section><div class=\"vc_row-full-width vc_clearfix\"><\/div><section id=\"university\" data-vc-full-width=\"true\" data-vc-full-width-init=\"false\" class=\"vc_row wpb_row vc_row-fluid  vc_custom_1582212970260 wow fadeIn pofo-stretch-content pofo-stretch-row-container\"><div class=\"wpb_column vc_column_container vc_col-sm-12  col-xs-mobile-fullwidth\"><div class=\"vc_column-inner \"><div class=\"wpb_wrapper\"><div class=\"last-paragraph-no-margin\"><h4><span style=\"color: #f32735;\"><strong>PROMOTION OF PRO BON CULTURE IN UNIVERSITIES<\/strong><\/span><\/h4>\n<h6>Systemic changes require changes in education and call for involvement by the university. In order to involve the legal profession in ensuring that companies comply with human rights, since 2013 we have been imparting courses on this matter at various law schools. Our objective is to achieve a hybrid model of the legal profession where corporate experts are familiar with human rights and where human rights experts are versed in corporate matters. The future calls for this blended specialisation, for corporate sustainability, in order to promote responsible business and uphold human rights.<\/h6>\n<\/div>[vc_text_separator title=&#8221;LATEST NEWS&#8221; title_align=&#8221;separator_align_left&#8221; align=&#8221;align_left&#8221; color=&#8221;custom&#8221; el_width=&#8221;20&#8243; accent_color=&#8221;#f32735&#8243; css=&#8221;.vc_custom_1615488270665{padding-top: 30px !important;padding-bottom: 30px !important;}&#8221;]<div id=\"entries-block-3\" class=\"pofo-blog-masonry\"><ul class=\"blog-grid blog-3col gutter-large blog-post-gutter\"><li class=\"grid-sizer\"><\/li><\/ul><\/div>[vc_empty_space]<\/div><\/div><\/div><\/section><div class=\"vc_row-full-width vc_clearfix\"><\/div>\n","protected":false},"excerpt":{"rendered":"[vc_empty_space height=\"30px\"] Pro Bono culture Pro Bono is free legal advice for underprivileged groups that may not be attended by public defenders. We are the first pro bono coordination centre (clearinghouse) in Spain, and since its creation, we have optimised our work method and innovation capacity to make a greater impact in all that we do. Our leadership and prestige in the pro bono practice and outside of the country has led us to take up executive positions on the Pro Bono Committee of the International Bar Association and the Global Forum of Pro Bono PILnet since 2014. Additionally, we have teamed up with the General Council of Spanish Law to promote pro bono practice in its 2015-2020 strategic plan. [vc_wp_custommenu nav_menu=\"87\" el_id=\"second-menu\" el_class=\"menu-horizontal\"]Reconocimientos * Finalistas dos a\u00f1os consecutivos en el premio a mejor abogado del mundo de la International Bar Association (2016 y 2017). * Seleccionados en 2014 en el programa Talento Solidario y en 2019 como una de las 10 mejores pr\u00e1cticas de este programa de la Fundaci\u00f3n Bot\u00edn. [vc_empty_space height=\"30px\"]Projects &nbsp; PROMOTION OF PRO BONO CULTURE IN SPAIN In 2013, Professor John Ruggie attended the IBA conference where he lectured international legal practitioners on their role in&hellip; <a class=\"continue\" href=\"https:\/\/www.fundacionpombo.org\/en\/pro-bono-culture\/\">Continuar leyendo<span> PRO BONO CULTURE<\/span><\/a>","protected":false},"author":2,"featured_media":0,"parent":0,"menu_order":0,"comment_status":"closed","ping_status":"closed","template":"","meta":{"footnotes":""},"class_list":["post-25821","page","type-page","status-publish","hentry"],"yoast_head":"<!-- This site is optimized with the Yoast SEO plugin v27.3 - https:\/\/yoast.com\/product\/yoast-seo-wordpress\/ -->\n<title>PRO BONO CULTURE - Fundaci\u00f3n Fernando Pombo<\/title>\n<meta name=\"description\" content=\"Promovemos iniciativas jur\u00eddicas encaminadas a fortalecer el Estado de derecho y los derechos humanos. Trabajamos local y globalmente, combinando innovaci\u00f3n y excelencia jur\u00eddica para generar un mayor impacto social.\" \/>\n<meta name=\"robots\" content=\"index, follow, max-snippet:-1, max-image-preview:large, max-video-preview:-1\" \/>\n<link rel=\"canonical\" href=\"https:\/\/www.fundacionpombo.org\/en\/pro-bono-culture\/\" \/>\n<meta property=\"og:locale\" content=\"en_US\" \/>\n<meta property=\"og:type\" content=\"article\" \/>\n<meta property=\"og:title\" content=\"PRO BONO CULTURE - Fundaci\u00f3n Fernando Pombo\" \/>\n<meta property=\"og:description\" content=\"Promovemos iniciativas jur\u00eddicas encaminadas a fortalecer el Estado de derecho y los derechos humanos. Trabajamos local y globalmente, combinando innovaci\u00f3n y excelencia jur\u00eddica para generar un mayor impacto social.\" \/>\n<meta property=\"og:url\" content=\"https:\/\/www.fundacionpombo.org\/en\/pro-bono-culture\/\" \/>\n<meta property=\"og:site_name\" content=\"Fundaci\u00f3n Fernando Pombo\" \/>\n<meta property=\"article:publisher\" content=\"https:\/\/www.facebook.com\/FundacionFernandoPombo\" \/>\n<meta property=\"article:modified_time\" content=\"2021-03-14T16:34:56+00:00\" \/>\n<meta name=\"twitter:card\" content=\"summary_large_image\" \/>\n<meta name=\"twitter:site\" content=\"@FundacionFPombo\" \/>\n<script type=\"application\/ld+json\" class=\"yoast-schema-graph\">{\"@context\":\"https:\\\/\\\/schema.org\",\"@graph\":[{\"@type\":\"WebPage\",\"@id\":\"https:\\\/\\\/www.fundacionpombo.org\\\/en\\\/pro-bono-culture\\\/\",\"url\":\"https:\\\/\\\/www.fundacionpombo.org\\\/en\\\/pro-bono-culture\\\/\",\"name\":\"PRO BONO CULTURE - Fundaci\u00f3n Fernando Pombo\",\"isPartOf\":{\"@id\":\"https:\\\/\\\/www.fundacionpombo.org\\\/en\\\/#website\"},\"datePublished\":\"2020-02-13T10:26:36+00:00\",\"dateModified\":\"2021-03-14T16:34:56+00:00\",\"description\":\"Promovemos iniciativas jur\u00eddicas encaminadas a fortalecer el Estado de derecho y los derechos humanos. Trabajamos local y globalmente, combinando innovaci\u00f3n y excelencia jur\u00eddica para generar un mayor impacto social.\",\"breadcrumb\":{\"@id\":\"https:\\\/\\\/www.fundacionpombo.org\\\/en\\\/pro-bono-culture\\\/#breadcrumb\"},\"inLanguage\":\"en-US\",\"potentialAction\":[{\"@type\":\"ReadAction\",\"target\":[\"https:\\\/\\\/www.fundacionpombo.org\\\/en\\\/pro-bono-culture\\\/\"]}]},{\"@type\":\"BreadcrumbList\",\"@id\":\"https:\\\/\\\/www.fundacionpombo.org\\\/en\\\/pro-bono-culture\\\/#breadcrumb\",\"itemListElement\":[{\"@type\":\"ListItem\",\"position\":1,\"name\":\"Portada\",\"item\":\"https:\\\/\\\/www.fundacionpombo.org\\\/en\\\/\"},{\"@type\":\"ListItem\",\"position\":2,\"name\":\"PRO BONO CULTURE\"}]},{\"@type\":\"WebSite\",\"@id\":\"https:\\\/\\\/www.fundacionpombo.org\\\/en\\\/#website\",\"url\":\"https:\\\/\\\/www.fundacionpombo.org\\\/en\\\/\",\"name\":\"Fundaci\u00f3n Fernando Pombo\",\"description\":\"Abogac\u00eda responsable por un mundo m\u00e1s justo\",\"potentialAction\":[{\"@type\":\"SearchAction\",\"target\":{\"@type\":\"EntryPoint\",\"urlTemplate\":\"https:\\\/\\\/www.fundacionpombo.org\\\/en\\\/?s={search_term_string}\"},\"query-input\":{\"@type\":\"PropertyValueSpecification\",\"valueRequired\":true,\"valueName\":\"search_term_string\"}}],\"inLanguage\":\"en-US\"}]}<\/script>\n<!-- \/ Yoast SEO plugin. -->","yoast_head_json":{"title":"PRO BONO CULTURE - Fundaci\u00f3n Fernando Pombo","description":"Promovemos iniciativas jur\u00eddicas encaminadas a fortalecer el Estado de derecho y los derechos humanos. Trabajamos local y globalmente, combinando innovaci\u00f3n y excelencia jur\u00eddica para generar un mayor impacto social.","robots":{"index":"index","follow":"follow","max-snippet":"max-snippet:-1","max-image-preview":"max-image-preview:large","max-video-preview":"max-video-preview:-1"},"canonical":"https:\/\/www.fundacionpombo.org\/en\/pro-bono-culture\/","og_locale":"en_US","og_type":"article","og_title":"PRO BONO CULTURE - Fundaci\u00f3n Fernando Pombo","og_description":"Promovemos iniciativas jur\u00eddicas encaminadas a fortalecer el Estado de derecho y los derechos humanos. Trabajamos local y globalmente, combinando innovaci\u00f3n y excelencia jur\u00eddica para generar un mayor impacto social.","og_url":"https:\/\/www.fundacionpombo.org\/en\/pro-bono-culture\/","og_site_name":"Fundaci\u00f3n Fernando Pombo","article_publisher":"https:\/\/www.facebook.com\/FundacionFernandoPombo","article_modified_time":"2021-03-14T16:34:56+00:00","twitter_card":"summary_large_image","twitter_site":"@FundacionFPombo","schema":{"@context":"https:\/\/schema.org","@graph":[{"@type":"WebPage","@id":"https:\/\/www.fundacionpombo.org\/en\/pro-bono-culture\/","url":"https:\/\/www.fundacionpombo.org\/en\/pro-bono-culture\/","name":"PRO BONO CULTURE - Fundaci\u00f3n Fernando Pombo","isPartOf":{"@id":"https:\/\/www.fundacionpombo.org\/en\/#website"},"datePublished":"2020-02-13T10:26:36+00:00","dateModified":"2021-03-14T16:34:56+00:00","description":"Promovemos iniciativas jur\u00eddicas encaminadas a fortalecer el Estado de derecho y los derechos humanos. Trabajamos local y globalmente, combinando innovaci\u00f3n y excelencia jur\u00eddica para generar un mayor impacto social.","breadcrumb":{"@id":"https:\/\/www.fundacionpombo.org\/en\/pro-bono-culture\/#breadcrumb"},"inLanguage":"en-US","potentialAction":[{"@type":"ReadAction","target":["https:\/\/www.fundacionpombo.org\/en\/pro-bono-culture\/"]}]},{"@type":"BreadcrumbList","@id":"https:\/\/www.fundacionpombo.org\/en\/pro-bono-culture\/#breadcrumb","itemListElement":[{"@type":"ListItem","position":1,"name":"Portada","item":"https:\/\/www.fundacionpombo.org\/en\/"},{"@type":"ListItem","position":2,"name":"PRO BONO CULTURE"}]},{"@type":"WebSite","@id":"https:\/\/www.fundacionpombo.org\/en\/#website","url":"https:\/\/www.fundacionpombo.org\/en\/","name":"Fundaci\u00f3n Fernando Pombo","description":"Abogac\u00eda responsable por un mundo m\u00e1s justo","potentialAction":[{"@type":"SearchAction","target":{"@type":"EntryPoint","urlTemplate":"https:\/\/www.fundacionpombo.org\/en\/?s={search_term_string}"},"query-input":{"@type":"PropertyValueSpecification","valueRequired":true,"valueName":"search_term_string"}}],"inLanguage":"en-US"}]}},"_links":{"self":[{"href":"https:\/\/www.fundacionpombo.org\/en\/wp-json\/wp\/v2\/pages\/25821","targetHints":{"allow":["GET"]}}],"collection":[{"href":"https:\/\/www.fundacionpombo.org\/en\/wp-json\/wp\/v2\/pages"}],"about":[{"href":"https:\/\/www.fundacionpombo.org\/en\/wp-json\/wp\/v2\/types\/page"}],"author":[{"embeddable":true,"href":"https:\/\/www.fundacionpombo.org\/en\/wp-json\/wp\/v2\/users\/2"}],"replies":[{"embeddable":true,"href":"https:\/\/www.fundacionpombo.org\/en\/wp-json\/wp\/v2\/comments?post=25821"}],"version-history":[{"count":0,"href":"https:\/\/www.fundacionpombo.org\/en\/wp-json\/wp\/v2\/pages\/25821\/revisions"}],"wp:attachment":[{"href":"https:\/\/www.fundacionpombo.org\/en\/wp-json\/wp\/v2\/media?parent=25821"}],"curies":[{"name":"wp","href":"https:\/\/api.w.org\/{rel}","templated":true}]}}