{"id":25837,"date":"2020-02-11T11:54:32","date_gmt":"2020-02-11T10:54:32","guid":{"rendered":"https:\/\/www.fundacionpombo.org\/?page_id=25837"},"modified":"2021-03-14T16:52:03","modified_gmt":"2021-03-14T15:52:03","slug":"companies-and-human-rights","status":"publish","type":"page","link":"https:\/\/www.fundacionpombo.org\/en\/companies-and-human-rights\/","title":{"rendered":"COMPANIES AND HUMAN RIGHTS"},"content":{"rendered":"<section data-vc-full-width=\"true\" data-vc-full-width-init=\"false\" class=\"vc_row wpb_row vc_row-fluid  vc_custom_1582654467761 vc_row-has-fill pofo-stretch-content pofo-stretch-row-container vc_row-o-content-middle vc_row-flex\"><div class=\"wpb_column vc_column_container vc_col-sm-12  col-xs-mobile-fullwidth text-center md-text-center sm-text-center xs-text-center\"><div class=\"vc_column-inner \"><div class=\"wpb_wrapper\"><div class=\" vc_custom_1615489590351 last-paragraph-no-margin\"><h2 style=\"text-align: left;\"><span style=\"color: #ffffff;\"><strong>Companies and human rights<\/strong><\/span><\/h2>\n<h5 style=\"text-align: left;\">We carry out research and work with business advocacy in its role in preventing, protecting and remedying the impact that companies have on human rights.<\/h5>\n<\/div><\/div><\/div><\/div><\/section><div class=\"vc_row-full-width vc_clearfix\"><\/div><section id=\"sticky-menu\" data-vc-full-width=\"true\" data-vc-full-width-init=\"false\" class=\"vc_row wpb_row vc_row-fluid  vc_custom_1582654425080 vc_row-has-fill pofo-stretch-content pofo-stretch-row-container\"><div class=\"wpb_column vc_column_container vc_col-sm-12  col-xs-mobile-fullwidth\"><div class=\"vc_column-inner \"><div class=\"wpb_wrapper\">[vc_wp_custommenu nav_menu=&#8221;88&#8243; el_id=&#8221;second-menu&#8221; el_class=&#8221;menu-horizontal&#8221;]<\/div><\/div><\/div><\/section><div class=\"vc_row-full-width vc_clearfix\"><\/div><section data-vc-full-width=\"true\" data-vc-full-width-init=\"false\" class=\"vc_row wpb_row vc_row-fluid  vc_custom_1582656925625 vc_column-gap-25 pofo-stretch-content pofo-stretch-row-container vc_row-o-content-middle vc_row-flex\"><div class=\"wpb_column vc_column_container vc_col-sm-3  col-xs-mobile-fullwidth\"><div class=\"vc_column-inner \"><div class=\"wpb_wrapper\"><\/div><\/div><\/div><div class=\"wpb_column vc_column_container vc_col-sm-6  col-xs-mobile-fullwidth\"><div class=\"vc_column-inner \"><div class=\"wpb_wrapper\">[vc_empty_space height=&#8221;80px&#8221;][vc_video link=&#8221;https:\/\/youtu.be\/ZW9EV05mqwI&#8221; align=&#8221;center&#8221; css=&#8221;.vc_custom_1581594262324{background-image: url(http:\/\/www.fundacionpombo.org\/web\/wp-content\/uploads\/2019\/11\/Abogac\u00eda-Objetivos-de-Desarrollo-Sostenible-y-Rule-of-Law.png?id=21612) !important;}&#8221;]<\/div><\/div><\/div><div class=\"wpb_column vc_column_container vc_col-sm-3  col-xs-mobile-fullwidth\"><div class=\"vc_column-inner \"><div class=\"wpb_wrapper\"><\/div><\/div><\/div><\/section><div class=\"vc_row-full-width vc_clearfix\"><\/div><section data-vc-full-width=\"true\" data-vc-full-width-init=\"false\" class=\"vc_row wpb_row vc_row-fluid  vc_custom_1582654583968 cover-background bg-position-center-center vc_row-has-fill pofo-stretch-content pofo-stretch-row-container vc_row-o-content-middle vc_row-flex\"><div class=\"wpb_column vc_column_container vc_col-has-fill vc_col-sm-12  col-xs-mobile-fullwidth\"><div class=\"vc_column-inner bg-position-center-center vc_custom_1581422040058\"><div class=\"wpb_wrapper\"><div class=\" vc_custom_1615489980933 last-paragraph-no-margin\"><h5><span style=\"color: #f32735;\">Acknowledgements<\/span><\/h5>\n<h6><span style=\"color: #f32735;\">*\u00a0<\/span><span lang=\"EN-GB\">Award: Premio Memorial Deg\u00e0 i Ventura from the Barcelona Bar Association for the best legal monograph of 2016 for our book \u201cEl papel del abogado en la implantaci\u00f3n de los principios Ruggie: 8 buenas pr\u00e1cticas para abogados de negocio\u201d (The lawyer\u2019s role in implementing the Ruggie principles: 8 good practices for corporate lawyers).<\/span><\/h6>\n<h6><span style=\"color: #f32735;\">*\u00a0<\/span><span lang=\"EN-GB\">Honourable mention in the Financial Times Innovative Lawyers Report \u2013 Europe 2015.<\/span><\/h6>\n<h4><\/h4>\n<\/div><\/div><\/div><\/div><\/section><div class=\"vc_row-full-width vc_clearfix\"><\/div><section class=\"vc_row wpb_row vc_row-fluid  vc_custom_1583233408546\"><div class=\"wpb_column vc_column_container vc_col-sm-12  col-xs-mobile-fullwidth\"><div class=\"vc_column-inner \"><div class=\"wpb_wrapper\"><div class=\" vc_custom_1615490001273 last-paragraph-no-margin\"><h3><strong>Publications<\/strong><\/h3>\n<hr \/>\n<h6><\/h6>\n<\/div>[vc_empty_space height=&#8221;30px&#8221;]<div class=\"vc_row wpb_row vc_inner vc_row-fluid\"><div class=\"wpb_column vc_column_container vc_col-sm-4  col-xs-mobile-fullwidth\"><div class=\"vc_column-inner \"><div class=\"wpb_wrapper\">[vc_single_image image=&#8221;23134&#8243; img_size=&#8221;&#8221; onclick=&#8221;custom_link&#8221; link=&#8221;https:\/\/www.fundacionpombo.org\/web\/wp-content\/uploads\/2020\/03\/DDHH-Y-EMPRESAS_EL-ROL-DEL-ABOGADO-DE-EMPRESA.pdf&#8221;]<\/div><\/div><\/div><div class=\"wpb_column vc_column_container vc_col-sm-4  col-xs-mobile-fullwidth\"><div class=\"vc_column-inner \"><div class=\"wpb_wrapper\">[vc_single_image image=&#8221;22134&#8243; img_size=&#8221;&#8221; onclick=&#8221;custom_link&#8221; link=&#8221;https:\/\/store.lexisnexis.com\/products\/the-role-of-the-lawyer-in-implementing-the-ruggie-principles-8-good-practices-for-corporate-lawyers-skuSKU02912&#8243;]<\/div><\/div><\/div><div class=\"wpb_column vc_column_container vc_col-sm-4  col-xs-mobile-fullwidth\"><div class=\"vc_column-inner \"><div class=\"wpb_wrapper\">[vc_single_image image=&#8221;24164&#8243; img_size=&#8221;&#8221; onclick=&#8221;custom_link&#8221; link=&#8221;https:\/\/www.fundacionpombo.org\/derechos-humanos-y-empresa-balance-y-situacion-actual-sobre-el-cumplimiento-de-los-tres-pilares\/&#8221;]<\/div><\/div><\/div><\/div><\/div><\/div><\/div><\/section><section id=\"investigacion\" class=\"vc_row wpb_row vc_row-fluid  vc_custom_1583233396183\"><div class=\"wpb_column vc_column_container vc_col-sm-12  col-xs-mobile-fullwidth\"><div class=\"vc_column-inner \"><div class=\"wpb_wrapper\"><div class=\" vc_custom_1615490069978 last-paragraph-no-margin\"><h3><strong>Projects<\/strong><\/h3>\n<hr \/>\n<p>&nbsp;<\/p>\n<h4><span style=\"color: #f32735;\"><strong>RESEARCH AND PUBLICATIONS<\/strong><\/span><\/h4>\n<h6>In 2013, Professor John Ruggie attended the IBA conference where he lectured international legal practitioners on their role in ensuring that businesses comply with human rights. Since then, we have been actively researching how we could take specific action and have taken steps towards this end by publishing relevant material and carrying out various research projects.<\/h6>\n<\/div>[vc_text_separator title=&#8221;LATEST NEWS&#8221; title_align=&#8221;separator_align_left&#8221; align=&#8221;align_left&#8221; color=&#8221;custom&#8221; el_width=&#8221;20&#8243; accent_color=&#8221;#f32735&#8243; css=&#8221;.vc_custom_1615490097608{padding-top: 0px !important;padding-bottom: 0px !important;}&#8221;][vc_empty_space height=&#8221;30px&#8221;]<div id=\"entries-block-1\" class=\"pofo-blog-masonry\"><ul class=\"blog-grid blog-3col gutter-medium blog-post-gutter\"><li class=\"grid-sizer\"><\/li><li class=\"grid-item blog-post-style5 blog-style5-1 padding-7px-all wow fadeInUp\"><div class=\"post-25962 post type-post status-publish format-standard has-post-thumbnail hentry category-empresas-y-derechos-humanos-en category-investigacion-empresas-y-derechos-humanos-en category-publications\"><div class=\"blog-post\"><div class=\"blog-post-images overflow-hidden position-relative text-center\"><a href=\"https:\/\/www.fundacionpombo.org\/en\/business-and-human-rights-assessment-and-current-situation-on-the-fulfilment-of-the-three-pillars\/\"><img fetchpriority=\"high\" decoding=\"async\" width=\"360\" height=\"257\" src=\"https:\/\/www.fundacionpombo.org\/web\/wp-content\/uploads\/2020\/03\/Portada-volumen-II-Balance-situacion-actual-Empresas-y-Derechos-Humanos-360x257.png\" class=\"attachment-pofo-related-post-thumb size-pofo-related-post-thumb wp-post-image\" alt=\"\" title=\"\" \/><\/a><\/div><div class=\"post-details padding-ten-all bg-white sm-padding-20px-all\"><div class=\"blog-hover-color\"><\/div><a class=\"alt-font post-title text-medium text-extra-dark-gray display-block margin-10px-bottom entry-title\" href=\"https:\/\/www.fundacionpombo.org\/en\/business-and-human-rights-assessment-and-current-situation-on-the-fulfilment-of-the-three-pillars\/\">Business and Human Rights: Assessment and Current Situation on the Fulfilment of the Three Pillars<\/a><div class=\"author text-extra-small text-medium-gray display-block\"><span class=\"text-medium-gray text-extra-small display-inline-block vertical-align-middle text-uppercase\"><span class=\"pofo-blog-post-meta text-extra-small text-medium-gray display-inline-block published vertical-align-middle\">26 February 2020<\/span><time class=\"updated display-none\" datetime=\"2021-03-16T16:48:08+01:00\">16 March 2021<\/time><\/span><\/div><div class=\"entry-content margin-20px-top sm-margin-15px-top no-margin-bottom\">The Ruggie Principles support the self-regulation of businesses as the most efficient method to make...<\/div><a href=\"https:\/\/www.fundacionpombo.org\/en\/business-and-human-rights-assessment-and-current-situation-on-the-fulfilment-of-the-three-pillars\/\" class=\"btn-black btn no-margin-bottom margin-20px-top sm-margin-15px-top white-space-normal btn-very-small\">Leer m\u00e1s<\/a><\/div><\/div><\/div><\/li><\/ul><\/div>[vc_empty_space height=&#8221;30px&#8221;][vc_btn title=&#8221;See publications&#8221; style=&#8221;gradient-custom&#8221; gradient_custom_color_1=&#8221;#f32735&#8243; gradient_custom_color_2=&#8221;&#8221; shape=&#8221;square&#8221; align=&#8221;center&#8221; link=&#8221;url:https%3A%2F%2Fwww.fundacionpombo.org%2Fpublicaciones%2F|title:PUBLICACIONES||&#8221;]<\/div><\/div><\/div><\/section><section id=\"sensibilizacion\" data-vc-full-width=\"true\" data-vc-full-width-init=\"false\" class=\"vc_row wpb_row vc_row-fluid  vc_custom_1583233465810 vc_row-has-fill pofo-stretch-content pofo-stretch-row-container vc_row-o-content-middle vc_row-flex\"><div class=\"wpb_column vc_column_container vc_col-sm-12  col-xs-mobile-fullwidth\"><div class=\"vc_column-inner \"><div class=\"wpb_wrapper\"><div class=\"last-paragraph-no-margin\"><h4><span style=\"color: #f32735;\"><strong>AWARENESS IN THE LEGAL PRACTICE<\/strong><\/span><\/h4>\n<h6>The role of the legal profession as a guarantor of justice and promoter of human rights has led us to champion the cause of human rights and business as a matter of the legal profession. As such, since 2013 we have provided training and awareness to company legal affairs departments and law firms that advise companies on the involvement that companies can have in respect of human rights. Knowledge is power. Prevention can avoid catastrophes, costs and violations of human rights. Moreover, it promotes business sustainability and responsible business.<\/h6>\n<\/div>[vc_text_separator title=&#8221;LATEST NEWS&#8221; title_align=&#8221;separator_align_left&#8221; align=&#8221;align_left&#8221; color=&#8221;custom&#8221; el_width=&#8221;20&#8243; accent_color=&#8221;#f32735&#8243; css=&#8221;.vc_custom_1615490223372{padding-top: 30px !important;padding-bottom: 30px !important;}&#8221;]<div id=\"entries-block-2\" class=\"pofo-blog-masonry\"><ul class=\"blog-grid blog-3col gutter-medium blog-post-gutter\"><li class=\"grid-sizer\"><\/li><\/ul><\/div><\/div><\/div><\/div><\/section><div class=\"vc_row-full-width vc_clearfix\"><\/div><section id=\"formacion\" data-vc-full-width=\"true\" data-vc-full-width-init=\"false\" class=\"vc_row wpb_row vc_row-fluid   wow fadeIn pofo-stretch-content pofo-stretch-row-container\"><div class=\"wpb_column vc_column_container vc_col-sm-12  col-xs-mobile-fullwidth\"><div class=\"vc_column-inner \"><div class=\"wpb_wrapper\"><div class=\"last-paragraph-no-margin\"><h4><span style=\"color: #f32735;\"><strong>UNIVERSITY TRAINING<\/strong><\/span><\/h4>\n<h6>Systemic changes require changes in education and call for involvement by the university. In order to involve the legal profession in ensuring that companies comply with human rights, since 2013 we have been imparting courses on this matter at various law schools. Our objective is to achieve a hybrid model of the legal profession where corporate experts are familiar with human rights and where human rights experts are versed in corporate matters. The future calls for this blended specialisation, for corporate sustainability, in order to promote responsible business and uphold human rights.<\/h6>\n<\/div>[vc_text_separator title=&#8221;LATEST NEWS&#8221; title_align=&#8221;separator_align_left&#8221; align=&#8221;align_left&#8221; color=&#8221;custom&#8221; el_width=&#8221;20&#8243; accent_color=&#8221;#f32735&#8243; css=&#8221;.vc_custom_1615490317096{padding-top: 30px !important;padding-bottom: 30px !important;}&#8221;]<div id=\"entries-block-3\" class=\"pofo-blog-masonry\"><ul class=\"blog-grid blog-3col gutter-medium blog-post-gutter\"><li class=\"grid-sizer\"><\/li><\/ul><\/div><\/div><\/div><\/div><\/section><div class=\"vc_row-full-width vc_clearfix\"><\/div>\n","protected":false},"excerpt":{"rendered":"The Ruggie Principles support the self-regulation of businesses as the most efficient method to make business respect human rights when they have a global business presence, thereby complementing traditional protection systems. The volume Business and Human Rights: Assessment and Current Situation on Fulfilment of the Three Pillars, analyses examples such as companies performing this type of respectful and responsible action regarding human rights in different industry sectors. These business \u201cplans\u201d, which are soft law, have shown their usefulness and capacity of producing legal obligations for companies not part of traditional, constitutional and democratic law processes. The current assessment on the level of compliance with the Ruggie Principles by multinational companies is positive, as significant change has been made in the manner of conducting international business, thanks to the introduction of elements of business ethics. The Ruggie Principles have fostered a new way of multinationals interacting with citizens (be they employees, clients, consumers, etc.) and with powers from the state, in which human rights have become the centre and objective of any and all debate. This volume includes all the talks from the II \u201cBusiness and Human Rights: assessment and current situation\u201d International Conference held in December 2018, as well as&hellip; <a class=\"continue\" href=\"https:\/\/www.fundacionpombo.org\/en\/business-and-human-rights-assessment-and-current-situation-on-the-fulfilment-of-the-three-pillars\/\">Continuar leyendo<span> Business and Human Rights: Assessment and Current Situation on the Fulfilment of the Three Pillars<\/span><\/a>","protected":false},"author":2,"featured_media":0,"parent":0,"menu_order":0,"comment_status":"closed","ping_status":"closed","template":"","meta":{"footnotes":""},"class_list":["post-25837","page","type-page","status-publish","hentry"],"yoast_head":"<!-- This site is optimized with the Yoast SEO plugin v27.4 - https:\/\/yoast.com\/product\/yoast-seo-wordpress\/ -->\n<title>COMPANIES AND HUMAN RIGHTS - Fundaci\u00f3n Fernando Pombo<\/title>\n<meta name=\"description\" content=\"Promovemos iniciativas jur\u00eddicas encaminadas a fortalecer el Estado de derecho y los derechos humanos. Trabajamos local y globalmente, combinando innovaci\u00f3n y excelencia jur\u00eddica para generar un mayor impacto social.\" \/>\n<meta name=\"robots\" content=\"index, follow, max-snippet:-1, max-image-preview:large, max-video-preview:-1\" \/>\n<link rel=\"canonical\" href=\"https:\/\/www.fundacionpombo.org\/en\/companies-and-human-rights\/\" \/>\n<meta property=\"og:locale\" content=\"en_US\" \/>\n<meta property=\"og:type\" content=\"article\" \/>\n<meta property=\"og:title\" content=\"COMPANIES AND HUMAN RIGHTS - Fundaci\u00f3n Fernando Pombo\" \/>\n<meta property=\"og:description\" content=\"Promovemos iniciativas jur\u00eddicas encaminadas a fortalecer el Estado de derecho y los derechos humanos. Trabajamos local y globalmente, combinando innovaci\u00f3n y excelencia jur\u00eddica para generar un mayor impacto social.\" \/>\n<meta property=\"og:url\" content=\"https:\/\/www.fundacionpombo.org\/en\/companies-and-human-rights\/\" \/>\n<meta property=\"og:site_name\" content=\"Fundaci\u00f3n Fernando Pombo\" \/>\n<meta property=\"article:publisher\" content=\"https:\/\/www.facebook.com\/FundacionFernandoPombo\" \/>\n<meta property=\"article:modified_time\" content=\"2021-03-14T15:52:03+00:00\" \/>\n<meta name=\"twitter:card\" content=\"summary_large_image\" \/>\n<meta name=\"twitter:site\" content=\"@FundacionFPombo\" \/>\n<script type=\"application\/ld+json\" class=\"yoast-schema-graph\">{\"@context\":\"https:\\\/\\\/schema.org\",\"@graph\":[{\"@type\":\"WebPage\",\"@id\":\"https:\\\/\\\/www.fundacionpombo.org\\\/en\\\/companies-and-human-rights\\\/\",\"url\":\"https:\\\/\\\/www.fundacionpombo.org\\\/en\\\/companies-and-human-rights\\\/\",\"name\":\"COMPANIES AND HUMAN RIGHTS - Fundaci\u00f3n Fernando Pombo\",\"isPartOf\":{\"@id\":\"https:\\\/\\\/www.fundacionpombo.org\\\/en\\\/#website\"},\"datePublished\":\"2020-02-11T10:54:32+00:00\",\"dateModified\":\"2021-03-14T15:52:03+00:00\",\"description\":\"Promovemos iniciativas jur\u00eddicas encaminadas a fortalecer el Estado de derecho y los derechos humanos. Trabajamos local y globalmente, combinando innovaci\u00f3n y excelencia jur\u00eddica para generar un mayor impacto social.\",\"breadcrumb\":{\"@id\":\"https:\\\/\\\/www.fundacionpombo.org\\\/en\\\/companies-and-human-rights\\\/#breadcrumb\"},\"inLanguage\":\"en-US\",\"potentialAction\":[{\"@type\":\"ReadAction\",\"target\":[\"https:\\\/\\\/www.fundacionpombo.org\\\/en\\\/companies-and-human-rights\\\/\"]}]},{\"@type\":\"BreadcrumbList\",\"@id\":\"https:\\\/\\\/www.fundacionpombo.org\\\/en\\\/companies-and-human-rights\\\/#breadcrumb\",\"itemListElement\":[{\"@type\":\"ListItem\",\"position\":1,\"name\":\"Portada\",\"item\":\"https:\\\/\\\/www.fundacionpombo.org\\\/en\\\/\"},{\"@type\":\"ListItem\",\"position\":2,\"name\":\"COMPANIES AND HUMAN RIGHTS\"}]},{\"@type\":\"WebSite\",\"@id\":\"https:\\\/\\\/www.fundacionpombo.org\\\/en\\\/#website\",\"url\":\"https:\\\/\\\/www.fundacionpombo.org\\\/en\\\/\",\"name\":\"Fundaci\u00f3n Fernando Pombo\",\"description\":\"Abogac\u00eda responsable por un mundo m\u00e1s justo\",\"potentialAction\":[{\"@type\":\"SearchAction\",\"target\":{\"@type\":\"EntryPoint\",\"urlTemplate\":\"https:\\\/\\\/www.fundacionpombo.org\\\/en\\\/?s={search_term_string}\"},\"query-input\":{\"@type\":\"PropertyValueSpecification\",\"valueRequired\":true,\"valueName\":\"search_term_string\"}}],\"inLanguage\":\"en-US\"}]}<\/script>\n<!-- \/ Yoast SEO plugin. -->","yoast_head_json":{"title":"COMPANIES AND HUMAN RIGHTS - Fundaci\u00f3n Fernando Pombo","description":"Promovemos iniciativas jur\u00eddicas encaminadas a fortalecer el Estado de derecho y los derechos humanos. Trabajamos local y globalmente, combinando innovaci\u00f3n y excelencia jur\u00eddica para generar un mayor impacto social.","robots":{"index":"index","follow":"follow","max-snippet":"max-snippet:-1","max-image-preview":"max-image-preview:large","max-video-preview":"max-video-preview:-1"},"canonical":"https:\/\/www.fundacionpombo.org\/en\/companies-and-human-rights\/","og_locale":"en_US","og_type":"article","og_title":"COMPANIES AND HUMAN RIGHTS - Fundaci\u00f3n Fernando Pombo","og_description":"Promovemos iniciativas jur\u00eddicas encaminadas a fortalecer el Estado de derecho y los derechos humanos. Trabajamos local y globalmente, combinando innovaci\u00f3n y excelencia jur\u00eddica para generar un mayor impacto social.","og_url":"https:\/\/www.fundacionpombo.org\/en\/companies-and-human-rights\/","og_site_name":"Fundaci\u00f3n Fernando Pombo","article_publisher":"https:\/\/www.facebook.com\/FundacionFernandoPombo","article_modified_time":"2021-03-14T15:52:03+00:00","twitter_card":"summary_large_image","twitter_site":"@FundacionFPombo","schema":{"@context":"https:\/\/schema.org","@graph":[{"@type":"WebPage","@id":"https:\/\/www.fundacionpombo.org\/en\/companies-and-human-rights\/","url":"https:\/\/www.fundacionpombo.org\/en\/companies-and-human-rights\/","name":"COMPANIES AND HUMAN RIGHTS - Fundaci\u00f3n Fernando Pombo","isPartOf":{"@id":"https:\/\/www.fundacionpombo.org\/en\/#website"},"datePublished":"2020-02-11T10:54:32+00:00","dateModified":"2021-03-14T15:52:03+00:00","description":"Promovemos iniciativas jur\u00eddicas encaminadas a fortalecer el Estado de derecho y los derechos humanos. Trabajamos local y globalmente, combinando innovaci\u00f3n y excelencia jur\u00eddica para generar un mayor impacto social.","breadcrumb":{"@id":"https:\/\/www.fundacionpombo.org\/en\/companies-and-human-rights\/#breadcrumb"},"inLanguage":"en-US","potentialAction":[{"@type":"ReadAction","target":["https:\/\/www.fundacionpombo.org\/en\/companies-and-human-rights\/"]}]},{"@type":"BreadcrumbList","@id":"https:\/\/www.fundacionpombo.org\/en\/companies-and-human-rights\/#breadcrumb","itemListElement":[{"@type":"ListItem","position":1,"name":"Portada","item":"https:\/\/www.fundacionpombo.org\/en\/"},{"@type":"ListItem","position":2,"name":"COMPANIES AND HUMAN RIGHTS"}]},{"@type":"WebSite","@id":"https:\/\/www.fundacionpombo.org\/en\/#website","url":"https:\/\/www.fundacionpombo.org\/en\/","name":"Fundaci\u00f3n Fernando Pombo","description":"Abogac\u00eda responsable por un mundo m\u00e1s justo","potentialAction":[{"@type":"SearchAction","target":{"@type":"EntryPoint","urlTemplate":"https:\/\/www.fundacionpombo.org\/en\/?s={search_term_string}"},"query-input":{"@type":"PropertyValueSpecification","valueRequired":true,"valueName":"search_term_string"}}],"inLanguage":"en-US"}]}},"_links":{"self":[{"href":"https:\/\/www.fundacionpombo.org\/en\/wp-json\/wp\/v2\/pages\/25837","targetHints":{"allow":["GET"]}}],"collection":[{"href":"https:\/\/www.fundacionpombo.org\/en\/wp-json\/wp\/v2\/pages"}],"about":[{"href":"https:\/\/www.fundacionpombo.org\/en\/wp-json\/wp\/v2\/types\/page"}],"author":[{"embeddable":true,"href":"https:\/\/www.fundacionpombo.org\/en\/wp-json\/wp\/v2\/users\/2"}],"replies":[{"embeddable":true,"href":"https:\/\/www.fundacionpombo.org\/en\/wp-json\/wp\/v2\/comments?post=25837"}],"version-history":[{"count":0,"href":"https:\/\/www.fundacionpombo.org\/en\/wp-json\/wp\/v2\/pages\/25837\/revisions"}],"wp:attachment":[{"href":"https:\/\/www.fundacionpombo.org\/en\/wp-json\/wp\/v2\/media?parent=25837"}],"curies":[{"name":"wp","href":"https:\/\/api.w.org\/{rel}","templated":true}]}}