{"id":25845,"date":"2020-02-14T09:11:03","date_gmt":"2020-02-14T08:11:03","guid":{"rendered":"https:\/\/www.fundacionpombo.org\/?page_id=25845"},"modified":"2021-03-14T16:53:50","modified_gmt":"2021-03-14T15:53:50","slug":"rule-of-law-y-ods","status":"publish","type":"page","link":"https:\/\/www.fundacionpombo.org\/en\/rule-of-law-y-ods\/","title":{"rendered":"RULE OF LAW Y ODS"},"content":{"rendered":"<section data-vc-full-width=\"true\" data-vc-full-width-init=\"false\" class=\"vc_row wpb_row vc_row-fluid  vc_custom_1582706880756 vc_row-has-fill pofo-stretch-content pofo-stretch-row-container vc_row-o-content-middle vc_row-flex\"><div class=\"wpb_column vc_column_container vc_col-sm-12  col-xs-mobile-fullwidth text-center md-text-center sm-text-center xs-text-center\"><div class=\"vc_column-inner \"><div class=\"wpb_wrapper\">[vc_empty_space height=&#8221;50px&#8221;]<div class=\"last-paragraph-no-margin\"><h2 style=\"text-align: left;\"><span style=\"color: #ffffff;\"><strong>Rule of Law and ODS<\/strong><\/span><\/h2>\n<h6 style=\"text-align: left;\">We begin with the premise that the legal profession plays an essential role as a guarantor of the Rule of law and as a fundamental actor of Justice. The purpose of this line of work is to promote the involvement of the legal profession in the attainment of Sustainable Development Goals (SDG), as part of its social function. Fundamentally, we work on SDG 16 \u201cPeace, Justice and Strong Institutions\u201d, whereby we specifically promote the Rule of Law and access to rights, whilst being aware that in this manner we shall also contribute to the attainment of other SDGs related to poverty and inequality.<\/h6>\n<\/div><\/div><\/div><\/div><\/section><div class=\"vc_row-full-width vc_clearfix\"><\/div><section id=\"sticky-menu\" data-vc-full-width=\"true\" data-vc-full-width-init=\"false\" class=\"vc_row wpb_row vc_row-fluid  vc_custom_1587229628132 vc_row-has-fill pofo-stretch-content pofo-stretch-row-container\"><div class=\"wpb_column vc_column_container vc_col-sm-12  col-xs-mobile-fullwidth\"><div class=\"vc_column-inner \"><div class=\"wpb_wrapper\">[vc_wp_custommenu nav_menu=&#8221;89&#8243; el_id=&#8221;second-menu&#8221; el_class=&#8221;menu-horizontal&#8221;]<\/div><\/div><\/div><\/section><div class=\"vc_row-full-width vc_clearfix\"><\/div><section data-vc-full-width=\"true\" data-vc-full-width-init=\"false\" class=\"vc_row wpb_row vc_row-fluid  vc_custom_1587229655954 vc_column-gap-25 pofo-stretch-content pofo-stretch-row-container vc_row-o-content-middle vc_row-flex\"><div class=\"wpb_column vc_column_container vc_col-sm-3  col-xs-mobile-fullwidth\"><div class=\"vc_column-inner \"><div class=\"wpb_wrapper\"><\/div><\/div><\/div><div class=\"wpb_column vc_column_container vc_col-sm-6  col-xs-mobile-fullwidth\"><div class=\"vc_column-inner \"><div class=\"wpb_wrapper\">[vc_empty_space height=&#8221;80px&#8221;][vc_video link=&#8221;https:\/\/youtu.be\/da_PXJ10c3Q&#8221; align=&#8221;center&#8221; css=&#8221;.vc_custom_1581668015867{background-image: url(http:\/\/www.fundacionpombo.org\/web\/wp-content\/uploads\/2019\/11\/Abogac\u00eda-Objetivos-de-Desarrollo-Sostenible-y-Rule-of-Law.png?id=21612) !important;}&#8221;]<\/div><\/div><\/div><div class=\"wpb_column vc_column_container vc_col-sm-3  col-xs-mobile-fullwidth\"><div class=\"vc_column-inner \"><div class=\"wpb_wrapper\"><\/div><\/div><\/div><\/section><div class=\"vc_row-full-width vc_clearfix\"><\/div><section data-vc-full-width=\"true\" data-vc-full-width-init=\"false\" class=\"vc_row wpb_row vc_row-fluid  vc_custom_1587229521683 vc_row-has-fill pofo-stretch-content pofo-stretch-row-container\"><div class=\"wpb_column vc_column_container  col-xs-mobile-fullwidth\"><div class=\"vc_column-inner \"><div class=\"wpb_wrapper\">[vc_empty_space height=&#8221;80px&#8221;]<\/div><\/div><\/div><div class=\"wpb_column vc_column_container vc_col-sm-6  col-xs-mobile-fullwidth\"><div class=\"vc_column-inner \"><div class=\"wpb_wrapper\"><h3 class=\"text-extra-dark-gray margin-20px-bottom font-weight-600 text-uppercase display-inline-block alt-font text-uppercase heading-style2  vc_custom_1615491029352 pofo-button-responsive-69d0765a015fa  heading-1\"  style=\"width: 75%; font-weight: 700;\">CARMEN POMBO PROMOTES THE RULE OF LAW AT THE UNITED NATIONS<\/h3>[vc_empty_space height=&#8221;80px&#8221;][vc_single_image image=&#8221;23949&#8243; img_size=&#8221;full&#8221; alignment=&#8221;right&#8221; css=&#8221;.vc_custom_1587229194331{padding-right: 5% !important;}&#8221;]<\/div><\/div><\/div><div class=\"wpb_column vc_column_container vc_col-sm-6  col-xs-mobile-fullwidth\"><div class=\"vc_column-inner \"><div class=\"wpb_wrapper\"><div class=\"last-paragraph-no-margin\"><h5><strong>During the \u201cWe the Peoples\u201d Award Dinner, the General Director of Fundaci\u00f3n Pombo stated that \u201cThe Rule of Law is essential for legal certainty, for business, for society, for peace and prosperity\u201d.<\/strong><\/h5>\n<\/div><div class=\" vc_custom_1615491116541 last-paragraph-no-margin pofo-text-block-responsive-69d0765a0169f\"><p>While in New York, Carmen Pombo delivered the award to the CEO of LexisNexis (FTSE Top 20 \u2013 RELX) for leadership exhibited in strengthening the Rule of Law. This award, bestowed by the UN Foundation, recognises people and organisations that carry out extraordinary work for the global community and work to advance the goals of the United Nations. Many distinguished people attended the act, including Amina Mohammed, Deputy Secretary-General of the UN, and Mary Robinson, former President of Ireland.<\/p>\n<p>The relationship between the Fundaci\u00f3n Fernando Pombo and LexisNexis goes back to its inception and includes significant and ongoing collaboration through the International Bar Association.<\/p>\n<p>The LexisNexis Rule of Law Foundation was recently created. \u201cI trust that we shall continue to collaborate with LexisNexis in projects that strengthen the Rule of Law and prove to be significant in changing the lives of those who are most vulnerable\u201d, added Carmen Pombo in her address.<\/p>\n<p>The Rule of Law is the basis for the development of peaceful, just and prosperous societies. Specifically, it encompasses the following four concepts, based on the separation of executive, legislative and judicial powers: equality under the law; public and transparent laws; independence of the Judiciary and access to means for redress.<\/p>\n<\/div><\/div><\/div><\/div><\/section><div class=\"vc_row-full-width vc_clearfix\"><\/div><section id=\"iba\" data-vc-full-width=\"true\" data-vc-full-width-init=\"false\" class=\"vc_row wpb_row vc_row-fluid  vc_custom_1587229765080 wow fadeIn pofo-stretch-content pofo-stretch-row-container\"><div class=\"wpb_column vc_column_container vc_col-sm-12  col-xs-mobile-fullwidth\"><div class=\"vc_column-inner \"><div class=\"wpb_wrapper\"><div class=\" vc_custom_1615491158368 last-paragraph-no-margin\"><h4><strong>Activities<\/strong><\/h4>\n<hr \/>\n<\/div>[vc_empty_space]<div class=\"last-paragraph-no-margin\"><h4 style=\"text-align: left;\"><span style=\"color: #f32735;\"><strong><b>IBA RULE OF LAW FORUM<\/b><\/strong><\/span><\/h4>\n<h6>We develop various initiatives aimed at strengthening the Rule of Law with the International Bar Association (IBA), the premier global organisation for the legal profession, which Fernando Pombo presided over in 2007 and 2008.<\/h6>\n<h6>We are committed to the future of the profession, with the global path of the legal profession and with its position and impact. This is why we have opted to invest our efforts and resources in this global association that promotes responsible advocacy.<\/h6>\n<\/div>[vc_empty_space][vc_text_separator title=&#8221;LATEST NEWS&#8221; title_align=&#8221;separator_align_left&#8221; align=&#8221;align_left&#8221; color=&#8221;custom&#8221; el_width=&#8221;20&#8243; accent_color=&#8221;#f32735&#8243;][vc_empty_space]<div id=\"entries-block-1\" class=\"pofo-blog-masonry\"><ul class=\"blog-grid blog-3col gutter-medium blog-post-gutter\"><li class=\"grid-sizer\"><\/li><\/ul><\/div><\/div><\/div><\/div><\/section><div class=\"vc_row-full-width vc_clearfix\"><\/div><section id=\"objetivos\" data-vc-full-width=\"true\" data-vc-full-width-init=\"false\" class=\"vc_row wpb_row vc_row-fluid  vc_custom_1587229829724 vc_row-has-fill pofo-stretch-content pofo-stretch-row-container vc_row-o-content-middle vc_row-flex\"><div class=\"wpb_column vc_column_container vc_col-sm-12  col-xs-mobile-fullwidth\"><div class=\"vc_column-inner \"><div class=\"wpb_wrapper\"><div class=\"last-paragraph-no-margin\"><h4><span style=\"color: #f32735;\"><strong>SUSTAINABLE DEVELOPMENT GOALS<\/strong><\/span><\/h4>\n<h6>Sustainable Development Goals (SDG) are the new international agenda for 2015-2030 from the United Nations aimed at eradicating poverty, protecting the planet and ensuring prosperity for all as part of a new agenda for sustainable development. At the Foundation, we develop various initiatives in order to further all SDGs in the legal profession, with special emphasis on Goal 16 Peace, Justice and Strong Institutions, SDG 1 End poverty in all its forms and SDG 17 Partnerships for the goals.<\/h6>\n<\/div>[vc_empty_space][vc_text_separator title=&#8221;LATEST NEWS&#8221; title_align=&#8221;separator_align_left&#8221; align=&#8221;align_left&#8221; color=&#8221;custom&#8221; el_width=&#8221;20&#8243; accent_color=&#8221;#f32735&#8243;][vc_empty_space]<div id=\"entries-block-2\" class=\"pofo-blog-masonry\"><ul class=\"blog-grid blog-3col gutter-large blog-post-gutter\"><li class=\"grid-sizer\"><\/li><\/ul><\/div><\/div><\/div><\/div><\/section><div class=\"vc_row-full-width vc_clearfix\"><\/div><section id=\"observatorio\" data-vc-full-width=\"true\" data-vc-full-width-init=\"false\" class=\"vc_row wpb_row vc_row-fluid  vc_custom_1587229872486 wow fadeIn pofo-stretch-content pofo-stretch-row-container\"><div class=\"wpb_column vc_column_container vc_col-sm-12  col-xs-mobile-fullwidth\"><div class=\"vc_column-inner \"><div class=\"wpb_wrapper\"><div class=\"last-paragraph-no-margin\"><h4><span style=\"color: #f32735;\"><strong>OBSERVATORY FOR THE PRESUMPTION OF INNOCENCE AND PARALLEL TRIALS<\/strong><\/span><\/h4>\n<h6>The Observatory is an academic and professional space for gathering, exchanging experiences and holding debates between professionals, students, researchers, judges, prosecutors and other justice professionals, such as journalists and media professionals.<\/h6>\n<h6>The Observatory is the result of a Collaboration Agreement between Fundaci\u00f3n Fernando Pombo, the Instituto de Derecho P\u00fablico Comparado (Comparative Public Law Institute) at Universidad Carlos III of Madrid and Fundaci\u00f3n Wolters Kluwer.<\/h6>\n<\/div>[vc_empty_space][vc_text_separator title=&#8221;LATEST NEWS&#8221; title_align=&#8221;separator_align_left&#8221; align=&#8221;align_left&#8221; color=&#8221;custom&#8221; el_width=&#8221;20&#8243; accent_color=&#8221;#f32735&#8243;][vc_empty_space]<div id=\"entries-block-3\" class=\"pofo-blog-masonry\"><ul class=\"blog-grid blog-3col gutter-medium blog-post-gutter\"><li class=\"grid-sizer\"><\/li><\/ul><\/div><\/div><\/div><\/div><\/section><div class=\"vc_row-full-width vc_clearfix\"><\/div>\n","protected":false},"excerpt":{"rendered":"[vc_empty_space height=\"50px\"]Rule of Law and ODS We begin with the premise that the legal profession plays an essential role as a guarantor of the Rule of law and as a fundamental actor of Justice. The purpose of this line of work is to promote the involvement of the legal profession in the attainment of Sustainable Development Goals (SDG), as part of its social function. Fundamentally, we work on SDG 16 \u201cPeace, Justice and Strong Institutions\u201d, whereby we specifically promote the Rule of Law and access to rights, whilst being aware that in this manner we shall also contribute to the attainment of other SDGs related to poverty and inequality. [vc_wp_custommenu nav_menu=\"89\" el_id=\"second-menu\" el_class=\"menu-horizontal\"][vc_empty_space height=\"80px\"][vc_video link=\"https:\/\/youtu.be\/da_PXJ10c3Q\" align=\"center\" css=\".vc_custom_1581668015867{background-image: url(http:\/\/www.fundacionpombo.org\/web\/wp-content\/uploads\/2019\/11\/Abogac\u00eda-Objetivos-de-Desarrollo-Sostenible-y-Rule-of-Law.png?id=21612) !important;}\"][vc_empty_space height=\"80px\"]CARMEN POMBO PROMOTES THE RULE OF LAW AT THE UNITED NATIONS[vc_empty_space height=\"80px\"][vc_single_image image=\"23949\" img_size=\"full\" alignment=\"right\" css=\".vc_custom_1587229194331{padding-right: 5% !important;}\"]During the \u201cWe the Peoples\u201d Award Dinner, the General Director of Fundaci\u00f3n Pombo stated that \u201cThe Rule of Law is essential for legal certainty, for business, for society, for peace and prosperity\u201d. While in New York, Carmen Pombo delivered the award to the CEO of LexisNexis (FTSE Top 20 \u2013 RELX) for leadership exhibited in strengthening the Rule of Law. This award, bestowed by&hellip; <a class=\"continue\" href=\"https:\/\/www.fundacionpombo.org\/en\/rule-of-law-y-ods\/\">Continuar leyendo<span> RULE OF LAW Y ODS<\/span><\/a>","protected":false},"author":2,"featured_media":0,"parent":0,"menu_order":0,"comment_status":"closed","ping_status":"closed","template":"","meta":{"footnotes":""},"class_list":["post-25845","page","type-page","status-publish","hentry"],"yoast_head":"<!-- This site is optimized with the Yoast SEO plugin v27.3 - https:\/\/yoast.com\/product\/yoast-seo-wordpress\/ -->\n<title>RULE OF LAW Y ODS - Fundaci\u00f3n Fernando Pombo<\/title>\n<meta name=\"description\" content=\"Promovemos iniciativas jur\u00eddicas encaminadas a fortalecer el Estado de derecho y los derechos humanos. Trabajamos local y globalmente, combinando innovaci\u00f3n y excelencia jur\u00eddica para generar un mayor impacto social.\" \/>\n<meta name=\"robots\" content=\"index, follow, max-snippet:-1, max-image-preview:large, max-video-preview:-1\" \/>\n<link rel=\"canonical\" href=\"https:\/\/www.fundacionpombo.org\/en\/rule-of-law-y-ods\/\" \/>\n<meta property=\"og:locale\" content=\"en_US\" \/>\n<meta property=\"og:type\" content=\"article\" \/>\n<meta property=\"og:title\" content=\"RULE OF LAW Y ODS - Fundaci\u00f3n Fernando Pombo\" \/>\n<meta property=\"og:description\" content=\"Promovemos iniciativas jur\u00eddicas encaminadas a fortalecer el Estado de derecho y los derechos humanos. Trabajamos local y globalmente, combinando innovaci\u00f3n y excelencia jur\u00eddica para generar un mayor impacto social.\" \/>\n<meta property=\"og:url\" content=\"https:\/\/www.fundacionpombo.org\/en\/rule-of-law-y-ods\/\" \/>\n<meta property=\"og:site_name\" content=\"Fundaci\u00f3n Fernando Pombo\" \/>\n<meta property=\"article:publisher\" content=\"https:\/\/www.facebook.com\/FundacionFernandoPombo\" \/>\n<meta property=\"article:modified_time\" content=\"2021-03-14T15:53:50+00:00\" \/>\n<meta name=\"twitter:card\" content=\"summary_large_image\" \/>\n<meta name=\"twitter:site\" content=\"@FundacionFPombo\" \/>\n<script type=\"application\/ld+json\" class=\"yoast-schema-graph\">{\"@context\":\"https:\\\/\\\/schema.org\",\"@graph\":[{\"@type\":\"WebPage\",\"@id\":\"https:\\\/\\\/www.fundacionpombo.org\\\/en\\\/rule-of-law-y-ods\\\/\",\"url\":\"https:\\\/\\\/www.fundacionpombo.org\\\/en\\\/rule-of-law-y-ods\\\/\",\"name\":\"RULE OF LAW Y ODS - Fundaci\u00f3n Fernando Pombo\",\"isPartOf\":{\"@id\":\"https:\\\/\\\/www.fundacionpombo.org\\\/en\\\/#website\"},\"datePublished\":\"2020-02-14T08:11:03+00:00\",\"dateModified\":\"2021-03-14T15:53:50+00:00\",\"description\":\"Promovemos iniciativas jur\u00eddicas encaminadas a fortalecer el Estado de derecho y los derechos humanos. Trabajamos local y globalmente, combinando innovaci\u00f3n y excelencia jur\u00eddica para generar un mayor impacto social.\",\"breadcrumb\":{\"@id\":\"https:\\\/\\\/www.fundacionpombo.org\\\/en\\\/rule-of-law-y-ods\\\/#breadcrumb\"},\"inLanguage\":\"en-US\",\"potentialAction\":[{\"@type\":\"ReadAction\",\"target\":[\"https:\\\/\\\/www.fundacionpombo.org\\\/en\\\/rule-of-law-y-ods\\\/\"]}]},{\"@type\":\"BreadcrumbList\",\"@id\":\"https:\\\/\\\/www.fundacionpombo.org\\\/en\\\/rule-of-law-y-ods\\\/#breadcrumb\",\"itemListElement\":[{\"@type\":\"ListItem\",\"position\":1,\"name\":\"Portada\",\"item\":\"https:\\\/\\\/www.fundacionpombo.org\\\/en\\\/\"},{\"@type\":\"ListItem\",\"position\":2,\"name\":\"RULE OF LAW Y ODS\"}]},{\"@type\":\"WebSite\",\"@id\":\"https:\\\/\\\/www.fundacionpombo.org\\\/en\\\/#website\",\"url\":\"https:\\\/\\\/www.fundacionpombo.org\\\/en\\\/\",\"name\":\"Fundaci\u00f3n Fernando Pombo\",\"description\":\"Abogac\u00eda responsable por un mundo m\u00e1s justo\",\"potentialAction\":[{\"@type\":\"SearchAction\",\"target\":{\"@type\":\"EntryPoint\",\"urlTemplate\":\"https:\\\/\\\/www.fundacionpombo.org\\\/en\\\/?s={search_term_string}\"},\"query-input\":{\"@type\":\"PropertyValueSpecification\",\"valueRequired\":true,\"valueName\":\"search_term_string\"}}],\"inLanguage\":\"en-US\"}]}<\/script>\n<!-- \/ Yoast SEO plugin. -->","yoast_head_json":{"title":"RULE OF LAW Y ODS - Fundaci\u00f3n Fernando Pombo","description":"Promovemos iniciativas jur\u00eddicas encaminadas a fortalecer el Estado de derecho y los derechos humanos. Trabajamos local y globalmente, combinando innovaci\u00f3n y excelencia jur\u00eddica para generar un mayor impacto social.","robots":{"index":"index","follow":"follow","max-snippet":"max-snippet:-1","max-image-preview":"max-image-preview:large","max-video-preview":"max-video-preview:-1"},"canonical":"https:\/\/www.fundacionpombo.org\/en\/rule-of-law-y-ods\/","og_locale":"en_US","og_type":"article","og_title":"RULE OF LAW Y ODS - Fundaci\u00f3n Fernando Pombo","og_description":"Promovemos iniciativas jur\u00eddicas encaminadas a fortalecer el Estado de derecho y los derechos humanos. Trabajamos local y globalmente, combinando innovaci\u00f3n y excelencia jur\u00eddica para generar un mayor impacto social.","og_url":"https:\/\/www.fundacionpombo.org\/en\/rule-of-law-y-ods\/","og_site_name":"Fundaci\u00f3n Fernando Pombo","article_publisher":"https:\/\/www.facebook.com\/FundacionFernandoPombo","article_modified_time":"2021-03-14T15:53:50+00:00","twitter_card":"summary_large_image","twitter_site":"@FundacionFPombo","schema":{"@context":"https:\/\/schema.org","@graph":[{"@type":"WebPage","@id":"https:\/\/www.fundacionpombo.org\/en\/rule-of-law-y-ods\/","url":"https:\/\/www.fundacionpombo.org\/en\/rule-of-law-y-ods\/","name":"RULE OF LAW Y ODS - Fundaci\u00f3n Fernando Pombo","isPartOf":{"@id":"https:\/\/www.fundacionpombo.org\/en\/#website"},"datePublished":"2020-02-14T08:11:03+00:00","dateModified":"2021-03-14T15:53:50+00:00","description":"Promovemos iniciativas jur\u00eddicas encaminadas a fortalecer el Estado de derecho y los derechos humanos. Trabajamos local y globalmente, combinando innovaci\u00f3n y excelencia jur\u00eddica para generar un mayor impacto social.","breadcrumb":{"@id":"https:\/\/www.fundacionpombo.org\/en\/rule-of-law-y-ods\/#breadcrumb"},"inLanguage":"en-US","potentialAction":[{"@type":"ReadAction","target":["https:\/\/www.fundacionpombo.org\/en\/rule-of-law-y-ods\/"]}]},{"@type":"BreadcrumbList","@id":"https:\/\/www.fundacionpombo.org\/en\/rule-of-law-y-ods\/#breadcrumb","itemListElement":[{"@type":"ListItem","position":1,"name":"Portada","item":"https:\/\/www.fundacionpombo.org\/en\/"},{"@type":"ListItem","position":2,"name":"RULE OF LAW Y ODS"}]},{"@type":"WebSite","@id":"https:\/\/www.fundacionpombo.org\/en\/#website","url":"https:\/\/www.fundacionpombo.org\/en\/","name":"Fundaci\u00f3n Fernando Pombo","description":"Abogac\u00eda responsable por un mundo m\u00e1s justo","potentialAction":[{"@type":"SearchAction","target":{"@type":"EntryPoint","urlTemplate":"https:\/\/www.fundacionpombo.org\/en\/?s={search_term_string}"},"query-input":{"@type":"PropertyValueSpecification","valueRequired":true,"valueName":"search_term_string"}}],"inLanguage":"en-US"}]}},"_links":{"self":[{"href":"https:\/\/www.fundacionpombo.org\/en\/wp-json\/wp\/v2\/pages\/25845","targetHints":{"allow":["GET"]}}],"collection":[{"href":"https:\/\/www.fundacionpombo.org\/en\/wp-json\/wp\/v2\/pages"}],"about":[{"href":"https:\/\/www.fundacionpombo.org\/en\/wp-json\/wp\/v2\/types\/page"}],"author":[{"embeddable":true,"href":"https:\/\/www.fundacionpombo.org\/en\/wp-json\/wp\/v2\/users\/2"}],"replies":[{"embeddable":true,"href":"https:\/\/www.fundacionpombo.org\/en\/wp-json\/wp\/v2\/comments?post=25845"}],"version-history":[{"count":0,"href":"https:\/\/www.fundacionpombo.org\/en\/wp-json\/wp\/v2\/pages\/25845\/revisions"}],"wp:attachment":[{"href":"https:\/\/www.fundacionpombo.org\/en\/wp-json\/wp\/v2\/media?parent=25845"}],"curies":[{"name":"wp","href":"https:\/\/api.w.org\/{rel}","templated":true}]}}