{"id":25854,"date":"2020-02-14T10:38:23","date_gmt":"2020-02-14T09:38:23","guid":{"rendered":"https:\/\/www.fundacionpombo.org\/?page_id=25854"},"modified":"2021-03-14T17:26:56","modified_gmt":"2021-03-14T16:26:56","slug":"university-training","status":"publish","type":"page","link":"https:\/\/www.fundacionpombo.org\/en\/university-training\/","title":{"rendered":"UNIVERSITY TRAINING"},"content":{"rendered":"<section data-vc-full-width=\"true\" data-vc-full-width-init=\"false\" class=\"vc_row wpb_row vc_row-fluid  vc_custom_1582709892383 vc_row-has-fill pofo-stretch-content pofo-stretch-row-container vc_row-o-content-middle vc_row-flex\"><div class=\"wpb_column vc_column_container vc_col-sm-12  col-xs-mobile-fullwidth text-center md-text-center sm-text-center xs-text-center\"><div class=\"vc_column-inner \"><div class=\"wpb_wrapper\">[vc_empty_space height=&#8221;60px&#8221;]<div class=\"last-paragraph-no-margin\"><h2 style=\"text-align: left;\"><strong><span style=\"color: #ffffff;\">University training<\/span><\/strong><\/h2>\n<h6 style=\"text-align: left;\">We provide training for students pursuing Law Degrees, Masters for Access to the Legal Profession and Masters in Human Rights in the main universities across Spain. We focus on providing practical examples in order to develop concepts pertaining to the Social Responsibility of the Legal Profession in a global world, highlighting the role of the legal profession in the advice it lends to companies concerning their impact on human rights.<\/h6>\n<h3 style=\"text-align: left;\"><\/h3>\n<\/div><\/div><\/div><\/div><\/section><div class=\"vc_row-full-width vc_clearfix\"><\/div><section id=\"sticky-menu\" data-vc-full-width=\"true\" data-vc-full-width-init=\"false\" class=\"vc_row wpb_row vc_row-fluid  vc_custom_1582709711627 vc_row-has-fill pofo-stretch-content pofo-stretch-row-container\"><div class=\"wpb_column vc_column_container vc_col-sm-12  col-xs-mobile-fullwidth\"><div class=\"vc_column-inner \"><div class=\"wpb_wrapper\">[vc_wp_custommenu nav_menu=&#8221;90&#8243; el_id=&#8221;second-menu&#8221; el_class=&#8221;menu-horizontal&#8221;]<\/div><\/div><\/div><\/section><div class=\"vc_row-full-width vc_clearfix\"><\/div><section data-vc-full-width=\"true\" data-vc-full-width-init=\"false\" class=\"vc_row wpb_row vc_row-fluid  vc_custom_1582132855166 cover-background bg-position-center-center vc_row-has-fill pofo-stretch-content pofo-stretch-row-container vc_row-o-content-middle vc_row-flex\"><div class=\"wpb_column vc_column_container vc_col-has-fill vc_col-sm-12  col-xs-mobile-fullwidth\"><div class=\"vc_column-inner bg-position-center-center vc_custom_1581422040058\"><div class=\"wpb_wrapper\"><div class=\" vc_custom_1615739204676 last-paragraph-no-margin\"><h5><strong><span style=\"color: #f32735;\">Acknowledgements<\/span><\/strong><\/h5>\n<h6><span style=\"color: #f32735;\">*\u00a0<\/span><span lang=\"EN-GB\">Challenge Based Learning Award 2019.<br \/>\n<\/span><span style=\"color: #f32735;\">*\u00a0<\/span><span lang=\"EN-GB\">Finalist in the European Pro Bono Awards 2016.<\/span><\/h6>\n<h4><\/h4>\n<\/div><\/div><\/div><\/div><\/section><div class=\"vc_row-full-width vc_clearfix\"><\/div><section id=\"abogacia\" data-vc-full-width=\"true\" data-vc-full-width-init=\"false\" class=\"vc_row wpb_row vc_row-fluid  vc_custom_1582215312062 wow fadeIn pofo-stretch-content pofo-stretch-row-container\"><div class=\"wpb_column vc_column_container vc_col-sm-12  col-xs-mobile-fullwidth\"><div class=\"vc_column-inner \"><div class=\"wpb_wrapper\"><div class=\" vc_custom_1615492085480 last-paragraph-no-margin\"><h4><strong>Projects<\/strong><\/h4>\n<hr \/>\n<\/div><div class=\"last-paragraph-no-margin\"><h4><span style=\"color: #f32735;\"><strong>TRAINING IN \u201cRESPONSIBLE LEGAL PRACTICE\u201d<\/strong><\/span><\/h4>\n<h6>The future of the legal profession resides in universities. For this reason, in the last ten years we have dedicated a substantial amount of time training law students in what we understand as responsible legal practice, where <em>pro bono<\/em>work is key. We participate in programmes for Masters for the Access to the Legal Profession, Masters in Human Rights, Masters in Business Law and graduate classes in 19 law schools across Spain in order to develop and promote a <em>pro bono<\/em>culture.<\/h6>\n<\/div>[vc_empty_space][vc_text_separator title=&#8221;LATEST NEWS&#8221; title_align=&#8221;separator_align_left&#8221; align=&#8221;align_left&#8221; color=&#8221;custom&#8221; el_width=&#8221;20&#8243; accent_color=&#8221;#f32735&#8243;][vc_empty_space]<div id=\"entries-block-1\" class=\"pofo-blog-masonry\"><ul class=\"blog-grid blog-3col gutter-medium blog-post-gutter\"><li class=\"grid-sizer\"><\/li><\/ul><\/div><\/div><\/div><\/div><\/section><div class=\"vc_row-full-width vc_clearfix\"><\/div><section id=\"empresas\" data-vc-full-width=\"true\" data-vc-full-width-init=\"false\" class=\"vc_row wpb_row vc_row-fluid  vc_custom_1582215346419 vc_row-has-fill pofo-stretch-content pofo-stretch-row-container vc_row-o-content-middle vc_row-flex\"><div class=\"wpb_column vc_column_container vc_col-sm-12  col-xs-mobile-fullwidth\"><div class=\"vc_column-inner \"><div class=\"wpb_wrapper\"><div class=\"last-paragraph-no-margin\"><h4 style=\"text-align: left;\"><span style=\"color: #fc1955;\"><strong>TRAINING IN \u201cBUSINESS AND HUMAN RIGHTS\u201d<\/strong><\/span><\/h4>\n<h6 style=\"text-align: left;\">Systemic changes require changes in education and call for involvement by the university. In order to involve the legal profession in ensuring that companies comply with human rights, since 2013 we have been imparting courses on this matter at various law schools. Our objective is to achieve a hybrid model of the legal profession where corporate experts are familiar with human rights and where human rights experts are versed in corporate matters. The future calls for this blended specialisation, for corporate sustainability, in order to promote responsible business and uphold human rights.<\/h6>\n<\/div>[vc_empty_space][vc_text_separator title=&#8221;LATEST NEWS&#8221; title_align=&#8221;separator_align_left&#8221; align=&#8221;align_left&#8221; color=&#8221;custom&#8221; el_width=&#8221;20&#8243; accent_color=&#8221;#f32735&#8243;][vc_empty_space]<div id=\"entries-block-1\" class=\"pofo-blog-masonry\"><ul class=\"blog-grid blog-3col gutter-medium blog-post-gutter\"><li class=\"grid-sizer\"><\/li><li class=\"grid-item blog-post-style5 blog-style5-1 padding-7px-all wow fadeInUp\"><div class=\"post-27315 post type-post status-publish format-standard has-post-thumbnail hentry category-empresas-y-derechos-humanos-en\"><div class=\"blog-post\"><div class=\"blog-post-images overflow-hidden position-relative text-center\"><a href=\"https:\/\/www.fundacionpombo.org\/en\/un-women-65o-virtual-forum-from-the-commission-for-the-legal-and-social-condition-of-women\/\"><img fetchpriority=\"high\" decoding=\"async\" width=\"360\" height=\"257\" src=\"https:\/\/www.fundacionpombo.org\/web\/wp-content\/uploads\/2021\/04\/1615846429768-360x257.jpeg\" class=\"attachment-pofo-related-post-thumb size-pofo-related-post-thumb wp-post-image\" alt=\"\" title=\"\" \/><\/a><\/div><div class=\"post-details padding-ten-all bg-white sm-padding-20px-all\"><div class=\"blog-hover-color\"><\/div><a class=\"alt-font post-title text-medium text-extra-dark-gray display-block margin-10px-bottom entry-title\" href=\"https:\/\/www.fundacionpombo.org\/en\/un-women-65o-virtual-forum-from-the-commission-for-the-legal-and-social-condition-of-women\/\">UN Women: 65\u00ba Virtual Forum from the Commission for the Legal and Social Condition of Women<\/a><div class=\"author text-extra-small text-medium-gray display-block\"><span class=\"text-medium-gray text-extra-small display-inline-block vertical-align-middle text-uppercase\"><span class=\"pofo-blog-post-meta text-extra-small text-medium-gray display-inline-block published vertical-align-middle\">17 March 2021<\/span><time class=\"updated display-none\" datetime=\"2022-08-02T10:02:59+02:00\">02 August 2022<\/time><\/span><\/div><div class=\"separator-line-horrizontal-full bg-medium-light-gray margin-20px-top sm-margin-15px-top\"><\/div><div class=\"entry-content margin-20px-top sm-margin-15px-top no-margin-bottom\">The Fundaci\u00f3n Fernando Pombo participated in the 65\u00ba Virtual Forum from the Commission for the...<\/div><a href=\"https:\/\/www.fundacionpombo.org\/en\/un-women-65o-virtual-forum-from-the-commission-for-the-legal-and-social-condition-of-women\/\" class=\"btn-black btn no-margin-bottom margin-20px-top sm-margin-15px-top white-space-normal btn-very-small\">Leer m\u00e1s<\/a><\/div><\/div><\/div><\/li><li class=\"grid-item blog-post-style5 blog-style5-2 padding-7px-all wow fadeInUp\" data-wow-delay=\"200ms\"><div class=\"post-27317 post type-post status-publish format-standard has-post-thumbnail hentry category-empresas-y-derechos-humanos-en\"><div class=\"blog-post\"><div class=\"blog-post-images overflow-hidden position-relative text-center\"><a href=\"https:\/\/www.fundacionpombo.org\/en\/dare-to-e-defy-gender-based-violence-and-data-protection\/\"><img decoding=\"async\" width=\"360\" height=\"257\" src=\"https:\/\/www.fundacionpombo.org\/web\/wp-content\/uploads\/2021\/04\/Captura-de-pantalla-2021-04-28-a-las-12.12.28-360x257.png\" class=\"attachment-pofo-related-post-thumb size-pofo-related-post-thumb wp-post-image\" alt=\"\" title=\"\" \/><\/a><\/div><div class=\"post-details padding-ten-all bg-white sm-padding-20px-all\"><div class=\"blog-hover-color\"><\/div><a class=\"alt-font post-title text-medium text-extra-dark-gray display-block margin-10px-bottom entry-title\" href=\"https:\/\/www.fundacionpombo.org\/en\/dare-to-e-defy-gender-based-violence-and-data-protection\/\">\u201cDare to E-Defy\u201d: gender-based violence and data protection<\/a><div class=\"author text-extra-small text-medium-gray display-block\"><span class=\"text-medium-gray text-extra-small display-inline-block vertical-align-middle text-uppercase\"><span class=\"pofo-blog-post-meta text-extra-small text-medium-gray display-inline-block published vertical-align-middle\">02 March 2021<\/span><time class=\"updated display-none\" datetime=\"2022-08-02T10:06:32+02:00\">02 August 2022<\/time><\/span><\/div><div class=\"separator-line-horrizontal-full bg-medium-light-gray margin-20px-top sm-margin-15px-top\"><\/div><div class=\"entry-content margin-20px-top sm-margin-15px-top no-margin-bottom\">The Clinton Global Initiative University community (CGIU), an initiative promoted by the Clinton Foundation, has...<\/div><a href=\"https:\/\/www.fundacionpombo.org\/en\/dare-to-e-defy-gender-based-violence-and-data-protection\/\" class=\"btn-black btn no-margin-bottom margin-20px-top sm-margin-15px-top white-space-normal btn-very-small\">Leer m\u00e1s<\/a><\/div><\/div><\/div><\/li><li class=\"grid-item blog-post-style5 blog-style5-3 padding-7px-all wow fadeInUp\" data-wow-delay=\"400ms\"><div class=\"post-27326 post type-post status-publish format-standard has-post-thumbnail hentry category-empresas-y-derechos-humanos-en\"><div class=\"blog-post\"><div class=\"blog-post-images overflow-hidden position-relative text-center\"><a href=\"https:\/\/www.fundacionpombo.org\/en\/participation-in-a-forum-on-innovation-in-trafficking\/\"><img decoding=\"async\" width=\"360\" height=\"257\" src=\"https:\/\/www.fundacionpombo.org\/web\/wp-content\/uploads\/2021\/04\/comunidad-abierta-360x257.jpg\" class=\"attachment-pofo-related-post-thumb size-pofo-related-post-thumb wp-post-image\" alt=\"\" title=\"\" \/><\/a><\/div><div class=\"post-details padding-ten-all bg-white sm-padding-20px-all\"><div class=\"blog-hover-color\"><\/div><a class=\"alt-font post-title text-medium text-extra-dark-gray display-block margin-10px-bottom entry-title\" href=\"https:\/\/www.fundacionpombo.org\/en\/participation-in-a-forum-on-innovation-in-trafficking\/\">Participation in a forum on innovation in trafficking<\/a><div class=\"author text-extra-small text-medium-gray display-block\"><span class=\"text-medium-gray text-extra-small display-inline-block vertical-align-middle text-uppercase\"><span class=\"pofo-blog-post-meta text-extra-small text-medium-gray display-inline-block published vertical-align-middle\">28 January 2021<\/span><time class=\"updated display-none\" datetime=\"2022-08-02T10:28:50+02:00\">02 August 2022<\/time><\/span><\/div><div class=\"separator-line-horrizontal-full bg-medium-light-gray margin-20px-top sm-margin-15px-top\"><\/div><div class=\"entry-content margin-20px-top sm-margin-15px-top no-margin-bottom\">The Asociaci\u00f3n TRABE and Fundaci\u00f3n Fernando Pombo have been invited to participate and form part...<\/div><a href=\"https:\/\/www.fundacionpombo.org\/en\/participation-in-a-forum-on-innovation-in-trafficking\/\" class=\"btn-black btn no-margin-bottom margin-20px-top sm-margin-15px-top white-space-normal btn-very-small\">Leer m\u00e1s<\/a><\/div><\/div><\/div><\/li><\/ul><div class=\" text-center margin-70px-top sm-margin-30px-top clear-both float-left width-100\"><div class=\"text-small text-uppercase text-extra-dark-gray pagination\"><span aria-current=\"page\" class=\"page-numbers current\">1<\/span>\n<a class=\"page-numbers\" href=\"https:\/\/www.fundacionpombo.org\/en\/wp-json\/wp\/v2\/pages\/25854\/page\/2\/\">2<\/a>\n<a class=\"next page-numbers\" href=\"https:\/\/www.fundacionpombo.org\/en\/wp-json\/wp\/v2\/pages\/25854\/page\/2\/\"><span class=\"xs-display-none border-none\">Next<\/span> <i class=\"fas fa-long-arrow-alt-right margin-5px-left\"><\/i><\/a><\/div><\/div><\/div><\/div><\/div><\/div><\/section><div class=\"vc_row-full-width vc_clearfix\"><\/div>\n","protected":false},"excerpt":{"rendered":"The Asociaci\u00f3n TRABE and Fundaci\u00f3n Fernando Pombo have been invited to participate and form part of the initiative \u201cOpen Innovation Community for the construction of safe environments in the field of human trafficking in the Community of Madrid\u201d, from the University Institute for Migration Studies at the Universidad Pontificia Comillas. The first session, held on 28 January 2021, analysed the role of administrations and organisations from the third sector as protective environments based on proper treatment and mutual care, from the perspective of human trafficking.","protected":false},"author":2,"featured_media":0,"parent":0,"menu_order":0,"comment_status":"closed","ping_status":"closed","template":"","meta":{"footnotes":""},"class_list":["post-25854","page","type-page","status-publish","hentry"],"yoast_head":"<!-- This site is optimized with the Yoast SEO plugin v27.3 - https:\/\/yoast.com\/product\/yoast-seo-wordpress\/ -->\n<title>UNIVERSITY TRAINING - Fundaci\u00f3n Fernando Pombo<\/title>\n<meta name=\"description\" content=\"Promovemos iniciativas jur\u00eddicas encaminadas a fortalecer el Estado de derecho y los derechos humanos. Trabajamos local y globalmente, combinando innovaci\u00f3n y excelencia jur\u00eddica para generar un mayor impacto social.\" \/>\n<meta name=\"robots\" content=\"index, follow, max-snippet:-1, max-image-preview:large, max-video-preview:-1\" \/>\n<link rel=\"canonical\" href=\"https:\/\/www.fundacionpombo.org\/en\/university-training\/\" \/>\n<meta property=\"og:locale\" content=\"en_US\" \/>\n<meta property=\"og:type\" content=\"article\" \/>\n<meta property=\"og:title\" content=\"UNIVERSITY TRAINING - Fundaci\u00f3n Fernando Pombo\" \/>\n<meta property=\"og:description\" content=\"Promovemos iniciativas jur\u00eddicas encaminadas a fortalecer el Estado de derecho y los derechos humanos. Trabajamos local y globalmente, combinando innovaci\u00f3n y excelencia jur\u00eddica para generar un mayor impacto social.\" \/>\n<meta property=\"og:url\" content=\"https:\/\/www.fundacionpombo.org\/en\/university-training\/\" \/>\n<meta property=\"og:site_name\" content=\"Fundaci\u00f3n Fernando Pombo\" \/>\n<meta property=\"article:publisher\" content=\"https:\/\/www.facebook.com\/FundacionFernandoPombo\" \/>\n<meta property=\"article:modified_time\" content=\"2021-03-14T16:26:56+00:00\" \/>\n<meta name=\"twitter:card\" content=\"summary_large_image\" \/>\n<meta name=\"twitter:site\" content=\"@FundacionFPombo\" \/>\n<script type=\"application\/ld+json\" class=\"yoast-schema-graph\">{\"@context\":\"https:\\\/\\\/schema.org\",\"@graph\":[{\"@type\":\"WebPage\",\"@id\":\"https:\\\/\\\/www.fundacionpombo.org\\\/en\\\/university-training\\\/\",\"url\":\"https:\\\/\\\/www.fundacionpombo.org\\\/en\\\/university-training\\\/\",\"name\":\"UNIVERSITY TRAINING - Fundaci\u00f3n Fernando Pombo\",\"isPartOf\":{\"@id\":\"https:\\\/\\\/www.fundacionpombo.org\\\/en\\\/#website\"},\"datePublished\":\"2020-02-14T09:38:23+00:00\",\"dateModified\":\"2021-03-14T16:26:56+00:00\",\"description\":\"Promovemos iniciativas jur\u00eddicas encaminadas a fortalecer el Estado de derecho y los derechos humanos. Trabajamos local y globalmente, combinando innovaci\u00f3n y excelencia jur\u00eddica para generar un mayor impacto social.\",\"breadcrumb\":{\"@id\":\"https:\\\/\\\/www.fundacionpombo.org\\\/en\\\/university-training\\\/#breadcrumb\"},\"inLanguage\":\"en-US\",\"potentialAction\":[{\"@type\":\"ReadAction\",\"target\":[\"https:\\\/\\\/www.fundacionpombo.org\\\/en\\\/university-training\\\/\"]}]},{\"@type\":\"BreadcrumbList\",\"@id\":\"https:\\\/\\\/www.fundacionpombo.org\\\/en\\\/university-training\\\/#breadcrumb\",\"itemListElement\":[{\"@type\":\"ListItem\",\"position\":1,\"name\":\"Portada\",\"item\":\"https:\\\/\\\/www.fundacionpombo.org\\\/en\\\/\"},{\"@type\":\"ListItem\",\"position\":2,\"name\":\"UNIVERSITY TRAINING\"}]},{\"@type\":\"WebSite\",\"@id\":\"https:\\\/\\\/www.fundacionpombo.org\\\/en\\\/#website\",\"url\":\"https:\\\/\\\/www.fundacionpombo.org\\\/en\\\/\",\"name\":\"Fundaci\u00f3n Fernando Pombo\",\"description\":\"Abogac\u00eda responsable por un mundo m\u00e1s justo\",\"potentialAction\":[{\"@type\":\"SearchAction\",\"target\":{\"@type\":\"EntryPoint\",\"urlTemplate\":\"https:\\\/\\\/www.fundacionpombo.org\\\/en\\\/?s={search_term_string}\"},\"query-input\":{\"@type\":\"PropertyValueSpecification\",\"valueRequired\":true,\"valueName\":\"search_term_string\"}}],\"inLanguage\":\"en-US\"}]}<\/script>\n<!-- \/ Yoast SEO plugin. -->","yoast_head_json":{"title":"UNIVERSITY TRAINING - Fundaci\u00f3n Fernando Pombo","description":"Promovemos iniciativas jur\u00eddicas encaminadas a fortalecer el Estado de derecho y los derechos humanos. Trabajamos local y globalmente, combinando innovaci\u00f3n y excelencia jur\u00eddica para generar un mayor impacto social.","robots":{"index":"index","follow":"follow","max-snippet":"max-snippet:-1","max-image-preview":"max-image-preview:large","max-video-preview":"max-video-preview:-1"},"canonical":"https:\/\/www.fundacionpombo.org\/en\/university-training\/","og_locale":"en_US","og_type":"article","og_title":"UNIVERSITY TRAINING - Fundaci\u00f3n Fernando Pombo","og_description":"Promovemos iniciativas jur\u00eddicas encaminadas a fortalecer el Estado de derecho y los derechos humanos. Trabajamos local y globalmente, combinando innovaci\u00f3n y excelencia jur\u00eddica para generar un mayor impacto social.","og_url":"https:\/\/www.fundacionpombo.org\/en\/university-training\/","og_site_name":"Fundaci\u00f3n Fernando Pombo","article_publisher":"https:\/\/www.facebook.com\/FundacionFernandoPombo","article_modified_time":"2021-03-14T16:26:56+00:00","twitter_card":"summary_large_image","twitter_site":"@FundacionFPombo","schema":{"@context":"https:\/\/schema.org","@graph":[{"@type":"WebPage","@id":"https:\/\/www.fundacionpombo.org\/en\/university-training\/","url":"https:\/\/www.fundacionpombo.org\/en\/university-training\/","name":"UNIVERSITY TRAINING - Fundaci\u00f3n Fernando Pombo","isPartOf":{"@id":"https:\/\/www.fundacionpombo.org\/en\/#website"},"datePublished":"2020-02-14T09:38:23+00:00","dateModified":"2021-03-14T16:26:56+00:00","description":"Promovemos iniciativas jur\u00eddicas encaminadas a fortalecer el Estado de derecho y los derechos humanos. Trabajamos local y globalmente, combinando innovaci\u00f3n y excelencia jur\u00eddica para generar un mayor impacto social.","breadcrumb":{"@id":"https:\/\/www.fundacionpombo.org\/en\/university-training\/#breadcrumb"},"inLanguage":"en-US","potentialAction":[{"@type":"ReadAction","target":["https:\/\/www.fundacionpombo.org\/en\/university-training\/"]}]},{"@type":"BreadcrumbList","@id":"https:\/\/www.fundacionpombo.org\/en\/university-training\/#breadcrumb","itemListElement":[{"@type":"ListItem","position":1,"name":"Portada","item":"https:\/\/www.fundacionpombo.org\/en\/"},{"@type":"ListItem","position":2,"name":"UNIVERSITY TRAINING"}]},{"@type":"WebSite","@id":"https:\/\/www.fundacionpombo.org\/en\/#website","url":"https:\/\/www.fundacionpombo.org\/en\/","name":"Fundaci\u00f3n Fernando Pombo","description":"Abogac\u00eda responsable por un mundo m\u00e1s justo","potentialAction":[{"@type":"SearchAction","target":{"@type":"EntryPoint","urlTemplate":"https:\/\/www.fundacionpombo.org\/en\/?s={search_term_string}"},"query-input":{"@type":"PropertyValueSpecification","valueRequired":true,"valueName":"search_term_string"}}],"inLanguage":"en-US"}]}},"_links":{"self":[{"href":"https:\/\/www.fundacionpombo.org\/en\/wp-json\/wp\/v2\/pages\/25854","targetHints":{"allow":["GET"]}}],"collection":[{"href":"https:\/\/www.fundacionpombo.org\/en\/wp-json\/wp\/v2\/pages"}],"about":[{"href":"https:\/\/www.fundacionpombo.org\/en\/wp-json\/wp\/v2\/types\/page"}],"author":[{"embeddable":true,"href":"https:\/\/www.fundacionpombo.org\/en\/wp-json\/wp\/v2\/users\/2"}],"replies":[{"embeddable":true,"href":"https:\/\/www.fundacionpombo.org\/en\/wp-json\/wp\/v2\/comments?post=25854"}],"version-history":[{"count":0,"href":"https:\/\/www.fundacionpombo.org\/en\/wp-json\/wp\/v2\/pages\/25854\/revisions"}],"wp:attachment":[{"href":"https:\/\/www.fundacionpombo.org\/en\/wp-json\/wp\/v2\/media?parent=25854"}],"curies":[{"name":"wp","href":"https:\/\/api.w.org\/{rel}","templated":true}]}}