{"id":25861,"date":"2020-02-13T10:16:40","date_gmt":"2020-02-13T09:16:40","guid":{"rendered":"https:\/\/www.fundacionpombo.org\/?page_id=25861"},"modified":"2021-03-14T16:58:30","modified_gmt":"2021-03-14T15:58:30","slug":"legal-clinics","status":"publish","type":"page","link":"https:\/\/www.fundacionpombo.org\/en\/legal-clinics\/","title":{"rendered":"Legal clinics"},"content":{"rendered":"<section data-vc-full-width=\"true\" data-vc-full-width-init=\"false\" class=\"vc_row wpb_row vc_row-fluid  vc_custom_1582711518126 vc_row-has-fill pofo-stretch-content pofo-stretch-row-container vc_row-o-content-middle vc_row-flex\"><div class=\"wpb_column vc_column_container vc_col-sm-12  col-xs-mobile-fullwidth text-center md-text-center sm-text-center xs-text-center\"><div class=\"vc_column-inner \"><div class=\"wpb_wrapper\">[vc_empty_space height=&#8221;60px&#8221;]<div class=\"last-paragraph-no-margin\"><h2 style=\"text-align: left;\"><span style=\"color: #ffffff;\"><strong>Legal clinics<\/strong><\/span><\/h2>\n<h6 style=\"text-align: left;\">We have opted to rely on clinics as the tool used by the legal profession for social transformation from the university. Legal clinics are a university space with a service-based learning model in which law students participate by learning under the guidance of professors (practicing lawyers) while they resolve real cases for the benefit of vulnerable populations.<\/h6>\n<h6 style=\"text-align: left;\">We have been a part of the legal clinic movement since it began in Spain and this has allowed us to bring a more comprehensive vision to the university environment. We work with different universities and their legal clinics, both in the creation and consolidation thereof. Moreover, we develop specific projects concerning matters of public interest related to our action lines. We also participate in national and international legal clinic forums.<\/h6>\n<\/div><\/div><\/div><\/div><\/section><div class=\"vc_row-full-width vc_clearfix\"><\/div><section id=\"sticky-menu\" data-vc-full-width=\"true\" data-vc-full-width-init=\"false\" class=\"vc_row wpb_row vc_row-fluid  vc_custom_1582711495525 vc_row-has-fill pofo-stretch-content pofo-stretch-row-container\"><div class=\"wpb_column vc_column_container vc_col-sm-12  col-xs-mobile-fullwidth\"><div class=\"vc_column-inner \"><div class=\"wpb_wrapper\">[vc_wp_custommenu nav_menu=&#8221;91&#8243; el_id=&#8221;second-menu&#8221; el_class=&#8221;menu-horizontal&#8221;]<\/div><\/div><\/div><\/section><div class=\"vc_row-full-width vc_clearfix\"><\/div><section data-vc-full-width=\"true\" data-vc-full-width-init=\"false\" class=\"vc_row wpb_row vc_row-fluid  vc_custom_1582188217430 cover-background bg-position-center-center vc_row-has-fill pofo-stretch-content pofo-stretch-row-container vc_row-o-content-middle vc_row-flex\"><div class=\"wpb_column vc_column_container vc_col-has-fill vc_col-sm-12  col-xs-mobile-fullwidth\"><div class=\"vc_column-inner bg-position-center-center vc_custom_1581422040058\"><div class=\"wpb_wrapper\"><div class=\" vc_custom_1615492713183 last-paragraph-no-margin\"><h5><span style=\"color: #f32735;\"><strong>Acknowledgements<\/strong><\/span><\/h5>\n<h6><span style=\"color: #f32735;\">* <\/span>Challenge Based Learning Award 2019<br \/>\n<span style=\"color: #f32735;\">*\u00a0<\/span><span lang=\"EN-GB\">Finalist in the European Pro Bono Awards 2016<\/span><\/h6>\n<h4><\/h4>\n<\/div><\/div><\/div><\/div><\/section><div class=\"vc_row-full-width vc_clearfix\"><\/div><section id=\"proyectos\" data-vc-full-width=\"true\" data-vc-full-width-init=\"false\" class=\"vc_row wpb_row vc_row-fluid  vc_custom_1582221214288 wow fadeIn pofo-stretch-content pofo-stretch-row-container\"><div class=\"wpb_column vc_column_container vc_col-sm-12  col-xs-mobile-fullwidth\"><div class=\"vc_column-inner \"><div class=\"wpb_wrapper\"><div class=\" vc_custom_1615492788366 last-paragraph-no-margin\"><h4><strong>Projects<\/strong><\/h4>\n<hr \/>\n<h6><\/h6>\n<h4><span style=\"color: #f32735;\"><strong>LEGAL CLINICS<\/strong><\/span><\/h4>\n<h6>We develop specific projects with various legal clinics. We act on a case-by-case basis, as clinic professors, beneficiaries, as partners that propose strategic cases for the clinic and sometimes as clinic coordinators where nearly all of the foregoing aspects converge. Moreover, in 2013 we created, jointly with the Universidad Internacional de la Rioja, the first online legal clinic in Europe; we co-directed this clinic for five years, resolving over 60 clinic cases, with more than 30 beneficiary NGOs and more than 200 students.<\/h6>\n<\/div>[vc_text_separator title=&#8221;LATEST NEWS&#8221; title_align=&#8221;separator_align_left&#8221; align=&#8221;align_left&#8221; color=&#8221;custom&#8221; el_width=&#8221;20&#8243; accent_color=&#8221;#f32735&#8243; css=&#8221;.vc_custom_1615492842873{padding-top: 30px !important;padding-bottom: 30px !important;}&#8221;]<div id=\"entries-block-1\" class=\"pofo-blog-masonry\"><ul class=\"blog-grid blog-3col gutter-medium blog-post-gutter\"><li class=\"grid-sizer\"><\/li><\/ul><\/div>[vc_empty_space height=&#8221;50px&#8221;][vc_btn title=&#8221;More information on our work in this field&#8221; style=&#8221;gradient-custom&#8221; gradient_custom_color_1=&#8221;#f32735&#8243; gradient_custom_color_2=&#8221;&#8221; shape=&#8221;square&#8221; size=&#8221;lg&#8221; align=&#8221;center&#8221; link=&#8221;url:http%3A%2F%2Fwww.fundacionpombo.org%2Fweb%2Fviolencia-de-genero%2F||target:%20_blank|&#8221;]<\/div><\/div><\/div><\/section><div class=\"vc_row-full-width vc_clearfix\"><\/div><section id=\"promocion\" data-vc-full-width=\"true\" data-vc-full-width-init=\"false\" class=\"vc_row wpb_row vc_row-fluid  vc_custom_1582221223298 vc_row-has-fill pofo-stretch-content pofo-stretch-row-container vc_row-o-content-middle vc_row-flex\"><div class=\"wpb_column vc_column_container vc_col-sm-12  col-xs-mobile-fullwidth\"><div class=\"vc_column-inner \"><div class=\"wpb_wrapper\"><div class=\"last-paragraph-no-margin\"><h4><span style=\"color: #f32735;\"><strong>PROMOTION OF LEGAL CLINICS<\/strong><\/span><\/h4>\n<h6>For 10 years, we have actively supported the introduction and development of the service-based learning methodology at various Spanish universities and have promoted legal clinics within the legal sector. We promote good practices used in this method both in national and international forums, in order to guarantee social impact, the proper provision of services and rigor in students\u2019 learning.<\/h6>\n<\/div>[vc_text_separator title=&#8221;LATEST NEWS&#8221; title_align=&#8221;separator_align_left&#8221; align=&#8221;align_left&#8221; color=&#8221;custom&#8221; el_width=&#8221;20&#8243; accent_color=&#8221;#fc1955&#8243; css=&#8221;.vc_custom_1615492930939{padding-top: 30px !important;padding-bottom: 30px !important;}&#8221;]<div id=\"entries-block-2\" class=\"pofo-blog-masonry\"><ul class=\"blog-grid blog-3col gutter-medium blog-post-gutter\"><li class=\"grid-sizer\"><\/li><\/ul><\/div>[vc_empty_space height=&#8221;50px&#8221;][vc_btn title=&#8221;More information on our work in this field&#8221; style=&#8221;gradient-custom&#8221; gradient_custom_color_1=&#8221;#f32735&#8243; gradient_custom_color_2=&#8221;&#8221; shape=&#8221;square&#8221; size=&#8221;lg&#8221; align=&#8221;center&#8221; link=&#8221;url:http%3A%2F%2Fwww.fundacionpombo.org%2Fweb%2Fareas%2Fpromocion-de-las-clinicas-juridicas%2F|title:Promoci%C3%B3n%20de%20las%20cl%C3%ADnicas%20jur%C3%ADdicas||&#8221;]<\/div><\/div><\/div><\/section><div class=\"vc_row-full-width vc_clearfix\"><\/div>\n","protected":false},"excerpt":{"rendered":"[vc_empty_space height=\"60px\"]Legal clinics We have opted to rely on clinics as the tool used by the legal profession for social transformation from the university. Legal clinics are a university space with a service-based learning model in which law students participate by learning under the guidance of professors (practicing lawyers) while they resolve real cases for the benefit of vulnerable populations. We have been a part of the legal clinic movement since it began in Spain and this has allowed us to bring a more comprehensive vision to the university environment. We work with different universities and their legal clinics, both in the creation and consolidation thereof. Moreover, we develop specific projects concerning matters of public interest related to our action lines. We also participate in national and international legal clinic forums. [vc_wp_custommenu nav_menu=\"91\" el_id=\"second-menu\" el_class=\"menu-horizontal\"]Acknowledgements * Challenge Based Learning Award 2019 *\u00a0Finalist in the European Pro Bono Awards 2016 Projects LEGAL CLINICS We develop specific projects with various legal clinics. We act on a case-by-case basis, as clinic professors, beneficiaries, as partners that propose strategic cases for the clinic and sometimes as clinic coordinators where nearly all of the foregoing aspects converge. Moreover, in 2013 we created, jointly with the&hellip; <a class=\"continue\" href=\"https:\/\/www.fundacionpombo.org\/en\/legal-clinics\/\">Continuar leyendo<span> Legal clinics<\/span><\/a>","protected":false},"author":2,"featured_media":0,"parent":0,"menu_order":0,"comment_status":"closed","ping_status":"closed","template":"","meta":{"footnotes":""},"class_list":["post-25861","page","type-page","status-publish","hentry"],"yoast_head":"<!-- This site is optimized with the Yoast SEO plugin v27.4 - https:\/\/yoast.com\/product\/yoast-seo-wordpress\/ -->\n<title>Legal clinics - Fundaci\u00f3n Fernando Pombo<\/title>\n<meta name=\"description\" content=\"Promovemos iniciativas jur\u00eddicas encaminadas a fortalecer el Estado de derecho y los derechos humanos. Trabajamos local y globalmente, combinando innovaci\u00f3n y excelencia jur\u00eddica para generar un mayor impacto social.\" \/>\n<meta name=\"robots\" content=\"index, follow, max-snippet:-1, max-image-preview:large, max-video-preview:-1\" \/>\n<link rel=\"canonical\" href=\"https:\/\/www.fundacionpombo.org\/en\/legal-clinics\/\" \/>\n<meta property=\"og:locale\" content=\"en_US\" \/>\n<meta property=\"og:type\" content=\"article\" \/>\n<meta property=\"og:title\" content=\"Legal clinics - Fundaci\u00f3n Fernando Pombo\" \/>\n<meta property=\"og:description\" content=\"Promovemos iniciativas jur\u00eddicas encaminadas a fortalecer el Estado de derecho y los derechos humanos. Trabajamos local y globalmente, combinando innovaci\u00f3n y excelencia jur\u00eddica para generar un mayor impacto social.\" \/>\n<meta property=\"og:url\" content=\"https:\/\/www.fundacionpombo.org\/en\/legal-clinics\/\" \/>\n<meta property=\"og:site_name\" content=\"Fundaci\u00f3n Fernando Pombo\" \/>\n<meta property=\"article:publisher\" content=\"https:\/\/www.facebook.com\/FundacionFernandoPombo\" \/>\n<meta property=\"article:modified_time\" content=\"2021-03-14T15:58:30+00:00\" \/>\n<meta name=\"twitter:card\" content=\"summary_large_image\" \/>\n<meta name=\"twitter:site\" content=\"@FundacionFPombo\" \/>\n<script type=\"application\/ld+json\" class=\"yoast-schema-graph\">{\"@context\":\"https:\\\/\\\/schema.org\",\"@graph\":[{\"@type\":\"WebPage\",\"@id\":\"https:\\\/\\\/www.fundacionpombo.org\\\/en\\\/legal-clinics\\\/\",\"url\":\"https:\\\/\\\/www.fundacionpombo.org\\\/en\\\/legal-clinics\\\/\",\"name\":\"Legal clinics - Fundaci\u00f3n Fernando Pombo\",\"isPartOf\":{\"@id\":\"https:\\\/\\\/www.fundacionpombo.org\\\/en\\\/#website\"},\"datePublished\":\"2020-02-13T09:16:40+00:00\",\"dateModified\":\"2021-03-14T15:58:30+00:00\",\"description\":\"Promovemos iniciativas jur\u00eddicas encaminadas a fortalecer el Estado de derecho y los derechos humanos. Trabajamos local y globalmente, combinando innovaci\u00f3n y excelencia jur\u00eddica para generar un mayor impacto social.\",\"breadcrumb\":{\"@id\":\"https:\\\/\\\/www.fundacionpombo.org\\\/en\\\/legal-clinics\\\/#breadcrumb\"},\"inLanguage\":\"en-US\",\"potentialAction\":[{\"@type\":\"ReadAction\",\"target\":[\"https:\\\/\\\/www.fundacionpombo.org\\\/en\\\/legal-clinics\\\/\"]}]},{\"@type\":\"BreadcrumbList\",\"@id\":\"https:\\\/\\\/www.fundacionpombo.org\\\/en\\\/legal-clinics\\\/#breadcrumb\",\"itemListElement\":[{\"@type\":\"ListItem\",\"position\":1,\"name\":\"Portada\",\"item\":\"https:\\\/\\\/www.fundacionpombo.org\\\/en\\\/\"},{\"@type\":\"ListItem\",\"position\":2,\"name\":\"Legal clinics\"}]},{\"@type\":\"WebSite\",\"@id\":\"https:\\\/\\\/www.fundacionpombo.org\\\/en\\\/#website\",\"url\":\"https:\\\/\\\/www.fundacionpombo.org\\\/en\\\/\",\"name\":\"Fundaci\u00f3n Fernando Pombo\",\"description\":\"Abogac\u00eda responsable por un mundo m\u00e1s justo\",\"potentialAction\":[{\"@type\":\"SearchAction\",\"target\":{\"@type\":\"EntryPoint\",\"urlTemplate\":\"https:\\\/\\\/www.fundacionpombo.org\\\/en\\\/?s={search_term_string}\"},\"query-input\":{\"@type\":\"PropertyValueSpecification\",\"valueRequired\":true,\"valueName\":\"search_term_string\"}}],\"inLanguage\":\"en-US\"}]}<\/script>\n<!-- \/ Yoast SEO plugin. -->","yoast_head_json":{"title":"Legal clinics - Fundaci\u00f3n Fernando Pombo","description":"Promovemos iniciativas jur\u00eddicas encaminadas a fortalecer el Estado de derecho y los derechos humanos. Trabajamos local y globalmente, combinando innovaci\u00f3n y excelencia jur\u00eddica para generar un mayor impacto social.","robots":{"index":"index","follow":"follow","max-snippet":"max-snippet:-1","max-image-preview":"max-image-preview:large","max-video-preview":"max-video-preview:-1"},"canonical":"https:\/\/www.fundacionpombo.org\/en\/legal-clinics\/","og_locale":"en_US","og_type":"article","og_title":"Legal clinics - Fundaci\u00f3n Fernando Pombo","og_description":"Promovemos iniciativas jur\u00eddicas encaminadas a fortalecer el Estado de derecho y los derechos humanos. Trabajamos local y globalmente, combinando innovaci\u00f3n y excelencia jur\u00eddica para generar un mayor impacto social.","og_url":"https:\/\/www.fundacionpombo.org\/en\/legal-clinics\/","og_site_name":"Fundaci\u00f3n Fernando Pombo","article_publisher":"https:\/\/www.facebook.com\/FundacionFernandoPombo","article_modified_time":"2021-03-14T15:58:30+00:00","twitter_card":"summary_large_image","twitter_site":"@FundacionFPombo","schema":{"@context":"https:\/\/schema.org","@graph":[{"@type":"WebPage","@id":"https:\/\/www.fundacionpombo.org\/en\/legal-clinics\/","url":"https:\/\/www.fundacionpombo.org\/en\/legal-clinics\/","name":"Legal clinics - Fundaci\u00f3n Fernando Pombo","isPartOf":{"@id":"https:\/\/www.fundacionpombo.org\/en\/#website"},"datePublished":"2020-02-13T09:16:40+00:00","dateModified":"2021-03-14T15:58:30+00:00","description":"Promovemos iniciativas jur\u00eddicas encaminadas a fortalecer el Estado de derecho y los derechos humanos. Trabajamos local y globalmente, combinando innovaci\u00f3n y excelencia jur\u00eddica para generar un mayor impacto social.","breadcrumb":{"@id":"https:\/\/www.fundacionpombo.org\/en\/legal-clinics\/#breadcrumb"},"inLanguage":"en-US","potentialAction":[{"@type":"ReadAction","target":["https:\/\/www.fundacionpombo.org\/en\/legal-clinics\/"]}]},{"@type":"BreadcrumbList","@id":"https:\/\/www.fundacionpombo.org\/en\/legal-clinics\/#breadcrumb","itemListElement":[{"@type":"ListItem","position":1,"name":"Portada","item":"https:\/\/www.fundacionpombo.org\/en\/"},{"@type":"ListItem","position":2,"name":"Legal clinics"}]},{"@type":"WebSite","@id":"https:\/\/www.fundacionpombo.org\/en\/#website","url":"https:\/\/www.fundacionpombo.org\/en\/","name":"Fundaci\u00f3n Fernando Pombo","description":"Abogac\u00eda responsable por un mundo m\u00e1s justo","potentialAction":[{"@type":"SearchAction","target":{"@type":"EntryPoint","urlTemplate":"https:\/\/www.fundacionpombo.org\/en\/?s={search_term_string}"},"query-input":{"@type":"PropertyValueSpecification","valueRequired":true,"valueName":"search_term_string"}}],"inLanguage":"en-US"}]}},"_links":{"self":[{"href":"https:\/\/www.fundacionpombo.org\/en\/wp-json\/wp\/v2\/pages\/25861","targetHints":{"allow":["GET"]}}],"collection":[{"href":"https:\/\/www.fundacionpombo.org\/en\/wp-json\/wp\/v2\/pages"}],"about":[{"href":"https:\/\/www.fundacionpombo.org\/en\/wp-json\/wp\/v2\/types\/page"}],"author":[{"embeddable":true,"href":"https:\/\/www.fundacionpombo.org\/en\/wp-json\/wp\/v2\/users\/2"}],"replies":[{"embeddable":true,"href":"https:\/\/www.fundacionpombo.org\/en\/wp-json\/wp\/v2\/comments?post=25861"}],"version-history":[{"count":0,"href":"https:\/\/www.fundacionpombo.org\/en\/wp-json\/wp\/v2\/pages\/25861\/revisions"}],"wp:attachment":[{"href":"https:\/\/www.fundacionpombo.org\/en\/wp-json\/wp\/v2\/media?parent=25861"}],"curies":[{"name":"wp","href":"https:\/\/api.w.org\/{rel}","templated":true}]}}