{"id":25868,"date":"2020-02-17T11:37:33","date_gmt":"2020-02-17T10:37:33","guid":{"rendered":"https:\/\/www.fundacionpombo.org\/?page_id=25868"},"modified":"2021-03-16T20:19:00","modified_gmt":"2021-03-16T19:19:00","slug":"social-enterprise","status":"publish","type":"page","link":"https:\/\/www.fundacionpombo.org\/en\/social-enterprise\/","title":{"rendered":"Social Enterprise"},"content":{"rendered":"<section data-vc-full-width=\"true\" data-vc-full-width-init=\"false\" class=\"vc_row wpb_row vc_row-fluid  vc_custom_1582572334545 vc_row-has-fill pofo-stretch-content pofo-stretch-row-container vc_row-o-content-middle vc_row-flex\"><div class=\"wpb_column vc_column_container vc_col-sm-12  col-xs-mobile-fullwidth text-center md-text-center sm-text-center xs-text-center\"><div class=\"vc_column-inner \"><div class=\"wpb_wrapper\">[vc_empty_space height=&#8221;50px&#8221;]<div class=\"last-paragraph-no-margin\"><h2 style=\"text-align: left;\"><span style=\"color: #ffffff;\"><strong>Social Enterprise<\/strong><\/span><\/h2>\n<h5 style=\"text-align: left;\">We work to ensure that the legal profession spearheads the development of socially responsible investment, the sustainability of the social sector and social enterprise in Spain and abroad. To this end, we focus our work on three areas: the creation of projects entailing Pro Bono legal advice for initiatives that seek to improve society through new forms of sustainable business; research on innovative legal formulas for the sustainability of NGOs and social entrepreneurs, especially concerning the development of Social Impact Bonds; and participation in national and international forums.<\/h5>\n<h5 style=\"text-align: left;\"><span style=\"font-weight: 400;\">\u00a0<\/span><\/h5>\n<\/div><\/div><\/div><\/div><\/section><div class=\"vc_row-full-width vc_clearfix\"><\/div><section data-vc-full-width=\"true\" data-vc-full-width-init=\"false\" class=\"vc_row wpb_row vc_row-fluid  vc_custom_1615922337589 vc_row-has-fill pofo-stretch-content pofo-stretch-row-container\"><div class=\"wpb_column vc_column_container vc_col-sm-12  col-xs-mobile-fullwidth\"><div class=\"vc_column-inner \"><div class=\"wpb_wrapper\">[vc_wp_custommenu nav_menu=&#8221;172&#8243; el_id=&#8221;second-menu&#8221; el_class=&#8221;menu-horizontal&#8221;]<\/div><\/div><\/div><\/section><div class=\"vc_row-full-width vc_clearfix\"><\/div><section data-vc-full-width=\"true\" data-vc-full-width-init=\"false\" class=\"vc_row wpb_row vc_row-fluid  vc_custom_1592843704387 wow fadeIn vc_row-has-fill pofo-stretch-content pofo-stretch-row-container vc_row-o-equal-height vc_row-o-content-top vc_row-flex\"><div class=\"wpb_column vc_column_container vc_col-sm-12 vc_col-lg-6 vc_col-md-6 vc_col-xs-12 wow fadeInLeft pofo-column-responsive-69decf803420e\"><div class=\"vc_column-inner cover-background bg-position-center-center \"><div class=\"wpb_wrapper\">[vc_empty_space height=&#8221;50px&#8221;]<div class=\" vc_custom_1615738046636 last-paragraph-no-margin\"><h3 class=\"text-extra-dark-gray margin-20px-bottom font-weight-600 display-inline-block alt-font heading-style2 heading-4\"><strong><span style=\"color: #ffffff;\">\u201cSocial entrepreneurship: a strategic growth area for law firms in the 2020s\u201d<\/span><\/strong><\/h3>\n<h6 class=\"text-extra-large margin-25px-bottom display-inline-block alt-font heading-style3 heading-5\" data-fontsize=\"18px\" data-lineheight=\"26px\"><strong>Chapter in Modern Legal Practice, Globe Law and Business 2020. Norman Clark, Principal, Walker Clark LLC and Carmen Pombo, CEO &amp; Founder, Fundaci\u00f3n Fernando Pombo.<\/strong><\/h6>\n<p><span style=\"font-weight: 400;\">In New York, Carmen Pombo delivered the award to the CEO of LexisNexis (FTSE Top 20 \u2013 RELX) for leadership exhibited in strengthening the Rule of Law. This award, bestowed by the UN Foundation, recognises people and organisations that carry out extraordinary work for the global community and work to advance the goals of the United Nations. Many distinguished people attended the act, including Amina Mohammed, Deputy Secretary-General of the UN, and Mary Robinson, former President of Ireland.<\/span><\/p>\n<\/div>[vc_empty_space height=&#8221;50px&#8221;]<\/div><\/div><\/div><div class=\"wpb_column vc_column_container vc_col-sm-12 vc_col-lg-6 vc_col-md-6 vc_col-xs-12 wow fadeInRight pofo-column-responsive-69decf80342a1\"><div class=\"vc_column-inner vc_custom_1574074339180\"><div class=\"wpb_wrapper\"><div class=\" vc_custom_1615738065457 last-paragraph-no-margin\"><div class=\" vc_custom_1574145335087 last-paragraph-no-margin pofo-text-block-responsive-5dd42186f309d\">\n<p>The relationship between the Fundaci\u00f3n Fernando Pombo and LexisNexis goes back to its inception and includes significant and ongoing collaboration through the International Bar Association.<\/p>\n<p>The LexisNexis Rule of Law Foundation was recently created. \u201cI trust that we shall continue to collaborate with LexisNexis in projects that strengthen the Rule of Law and prove to be significant in changing the lives of those who are most vulnerable\u201d, added Carmen Pombo in her address.<\/p>\n<p>The Rule of Law is the basis for the development of peaceful, just and prosperous societies. Specifically, it encompasses the following four concepts, based on the separation of executive, legislative and judicial powers: equality under the law; public and transparent laws; independence of the Judiciary and access to means for redress.<\/p>\n<\/div>\n<\/div><\/div><\/div><\/div><\/section><div class=\"vc_row-full-width vc_clearfix\"><\/div><section id=\"violencia-de-genero\" data-vc-full-width=\"true\" data-vc-full-width-init=\"false\" class=\"vc_row wpb_row vc_row-fluid  vc_custom_1582625461786 wow fadeIn pofo-stretch-content pofo-stretch-row-container\"><div class=\"wpb_column vc_column_container vc_col-sm-12  col-xs-mobile-fullwidth\"><div class=\"vc_column-inner \"><div class=\"wpb_wrapper\"><div class=\"last-paragraph-no-margin\"><h3><strong>Projects<\/strong><\/h3>\n<hr \/>\n<\/div><div class=\"last-paragraph-no-margin\"><h4><span style=\"color: #f32735;\"><strong>LEGISLATIVE DEVELOPMENT AND GOOD PRACTICES<\/strong><\/span><\/h4>\n<p>We actively participate in the main forums for knowledge and development of social enterprise, with the aim of involving the legal profession in the promotion of innovative initiatives. Specifically, we collaborate within the legal context with social and investment entrepreneurs.<\/p>\n<p>Furthermore, in national and international legal conferences, we share the Foundation\u2019s experience as a legal promoter of innovative social enterprise initiatives in Spain and Portugal.<\/p>\n<\/div>[vc_empty_space height=&#8221;50px&#8221;][vc_text_separator title=&#8221;LATEST NEWS&#8221; title_align=&#8221;separator_align_left&#8221; align=&#8221;align_left&#8221; color=&#8221;custom&#8221; el_width=&#8221;20&#8243; accent_color=&#8221;#f51955&#8243;][vc_empty_space]<div class=\"pofo-blog-masonry\"><ul class=\"blog-grid blog-3col gutter-medium blog-post-gutter\"><li class=\"grid-sizer\"><\/li><\/ul><\/div><\/div><\/div><\/div><\/section><div class=\"vc_row-full-width vc_clearfix\"><\/div><section id=\"trata-de-personas\" data-vc-full-width=\"true\" data-vc-full-width-init=\"false\" class=\"vc_row wpb_row vc_row-fluid  vc_custom_1582118498608 vc_row-has-fill pofo-stretch-content pofo-stretch-row-container vc_row-o-content-middle vc_row-flex\"><div class=\"wpb_column vc_column_container vc_col-sm-12  col-xs-mobile-fullwidth\"><div class=\"vc_column-inner \"><div class=\"wpb_wrapper\"><div class=\"last-paragraph-no-margin\"><h4><span style=\"color: #f32735;\"><strong>SOLIDARY TALENT CHALLENGE FROM THE FUNDACI\u00d3N BOT\u00cdN<\/strong><\/span><\/h4>\n<p>We collaborate with Fundaci\u00f3n Bot\u00edn in its Solidary Talent Challenge, in which we provide the legal know-how of our Pro Bono lawyers for the drafting and execution of start-up agreements for winning projects.<\/p>\n<p>The Solidary Talent Challenge from Fundaci\u00f3n Bot\u00edn is an initiative that generates a collaborative environment as an innovative way of working. In addition to participating in its selection committee for winning projects, we also analyse the legal viability of selected projects.<\/p>\n<\/div>[vc_empty_space height=&#8221;50px&#8221;][vc_text_separator title=&#8221;LATEST NEWS&#8221; title_align=&#8221;separator_align_left&#8221; align=&#8221;align_left&#8221; color=&#8221;custom&#8221; el_width=&#8221;20&#8243; accent_color=&#8221;#f51955&#8243;][vc_empty_space]<div class=\"pofo-blog-masonry\"><ul class=\"blog-grid blog-3col gutter-large blog-post-gutter\"><li class=\"grid-sizer\"><\/li><\/ul><\/div><\/div><\/div><\/div><\/section><div class=\"vc_row-full-width vc_clearfix\"><\/div><section id=\"segunda-oportunidad\" data-vc-full-width=\"true\" data-vc-full-width-init=\"false\" class=\"vc_row wpb_row vc_row-fluid   wow fadeIn pofo-stretch-content pofo-stretch-row-container\"><div class=\"wpb_column vc_column_container vc_col-sm-12  col-xs-mobile-fullwidth\"><div class=\"vc_column-inner \"><div class=\"wpb_wrapper\"><div class=\"last-paragraph-no-margin\"><h4><span style=\"color: #f32735;\"><strong>SOCIAL IMPACT BONDS: PROMOTION OF RESEARCH AND IMPLEMENTATION<\/strong><\/span><\/h4>\n<p>Over-indebtedness is increasingly present, especially amongst the poorest and most vulnerable segments of the population who seek out this financial instrument in order to survive or aspire to a better life.<\/p>\n<p>In the case of women who are trafficking and\/or domestic violence victims, the risk and exposure to over-indebtedness multiplies, especially due to debt that they carry from their aggressors and\/or traffickers and derived from loans and credits contracted on many occasions in order to pay for their basic, day-to-day expenses such as food and housing.<\/p>\n<p>Through the \u201cSecond Chance\u201d project, we conduct research aimed at reducing the barriers that impede the access to rights for those persons who are vulnerable due to over-indebtedness, in order to improve their access to rights that will help them break out of the cycle of exclusion.<\/p>\n<\/div>[vc_empty_space height=&#8221;50px&#8221;][vc_text_separator title=&#8221;LATEST NEWS&#8221; title_align=&#8221;separator_align_left&#8221; align=&#8221;align_left&#8221; color=&#8221;custom&#8221; el_width=&#8221;20&#8243; accent_color=&#8221;#f51955&#8243;][vc_empty_space]<div class=\"pofo-blog-masonry\"><ul class=\"blog-grid blog-3col gutter-large blog-post-gutter\"><li class=\"grid-sizer\"><\/li><\/ul><\/div><\/div><\/div><\/div><\/section><div class=\"vc_row-full-width vc_clearfix\"><\/div>\n","protected":false},"excerpt":{"rendered":"[vc_empty_space height=\"50px\"]Social Enterprise We work to ensure that the legal profession spearheads the development of socially responsible investment, the sustainability of the social sector and social enterprise in Spain and abroad. To this end, we focus our work on three areas: the creation of projects entailing Pro Bono legal advice for initiatives that seek to improve society through new forms of sustainable business; research on innovative legal formulas for the sustainability of NGOs and social entrepreneurs, especially concerning the development of Social Impact Bonds; and participation in national and international forums. \u00a0 [vc_wp_custommenu nav_menu=\"172\" el_id=\"second-menu\" el_class=\"menu-horizontal\"][vc_empty_space height=\"50px\"]\u201cSocial entrepreneurship: a strategic growth area for law firms in the 2020s\u201d Chapter in Modern Legal Practice, Globe Law and Business 2020. Norman Clark, Principal, Walker Clark LLC and Carmen Pombo, CEO &amp; Founder, Fundaci\u00f3n Fernando Pombo. In New York, Carmen Pombo delivered the award to the CEO of LexisNexis (FTSE Top 20 \u2013 RELX) for leadership exhibited in strengthening the Rule of Law. This award, bestowed by the UN Foundation, recognises people and organisations that carry out extraordinary work for the global community and work to advance the goals of the United Nations. Many distinguished people attended the act, including Amina Mohammed, Deputy&hellip; <a class=\"continue\" href=\"https:\/\/www.fundacionpombo.org\/en\/social-enterprise\/\">Continuar leyendo<span> Social Enterprise<\/span><\/a>","protected":false},"author":2,"featured_media":0,"parent":0,"menu_order":0,"comment_status":"closed","ping_status":"closed","template":"","meta":{"footnotes":""},"class_list":["post-25868","page","type-page","status-publish","hentry"],"yoast_head":"<!-- This site is optimized with the Yoast SEO plugin v27.3 - https:\/\/yoast.com\/product\/yoast-seo-wordpress\/ -->\n<title>Social Enterprise - Fundaci\u00f3n Fernando Pombo<\/title>\n<meta name=\"description\" content=\"Promovemos iniciativas jur\u00eddicas encaminadas a fortalecer el Estado de derecho y los derechos humanos. Trabajamos local y globalmente, combinando innovaci\u00f3n y excelencia jur\u00eddica para generar un mayor impacto social.\" \/>\n<meta name=\"robots\" content=\"index, follow, max-snippet:-1, max-image-preview:large, max-video-preview:-1\" \/>\n<link rel=\"canonical\" href=\"https:\/\/www.fundacionpombo.org\/en\/social-enterprise\/\" \/>\n<meta property=\"og:locale\" content=\"en_US\" \/>\n<meta property=\"og:type\" content=\"article\" \/>\n<meta property=\"og:title\" content=\"Social Enterprise - Fundaci\u00f3n Fernando Pombo\" \/>\n<meta property=\"og:description\" content=\"Promovemos iniciativas jur\u00eddicas encaminadas a fortalecer el Estado de derecho y los derechos humanos. Trabajamos local y globalmente, combinando innovaci\u00f3n y excelencia jur\u00eddica para generar un mayor impacto social.\" \/>\n<meta property=\"og:url\" content=\"https:\/\/www.fundacionpombo.org\/en\/social-enterprise\/\" \/>\n<meta property=\"og:site_name\" content=\"Fundaci\u00f3n Fernando Pombo\" \/>\n<meta property=\"article:publisher\" content=\"https:\/\/www.facebook.com\/FundacionFernandoPombo\" \/>\n<meta property=\"article:modified_time\" content=\"2021-03-16T19:19:00+00:00\" \/>\n<meta name=\"twitter:card\" content=\"summary_large_image\" \/>\n<meta name=\"twitter:site\" content=\"@FundacionFPombo\" \/>\n<script type=\"application\/ld+json\" class=\"yoast-schema-graph\">{\"@context\":\"https:\\\/\\\/schema.org\",\"@graph\":[{\"@type\":\"WebPage\",\"@id\":\"https:\\\/\\\/www.fundacionpombo.org\\\/en\\\/social-enterprise\\\/\",\"url\":\"https:\\\/\\\/www.fundacionpombo.org\\\/en\\\/social-enterprise\\\/\",\"name\":\"Social Enterprise - Fundaci\u00f3n Fernando Pombo\",\"isPartOf\":{\"@id\":\"https:\\\/\\\/www.fundacionpombo.org\\\/en\\\/#website\"},\"datePublished\":\"2020-02-17T10:37:33+00:00\",\"dateModified\":\"2021-03-16T19:19:00+00:00\",\"description\":\"Promovemos iniciativas jur\u00eddicas encaminadas a fortalecer el Estado de derecho y los derechos humanos. Trabajamos local y globalmente, combinando innovaci\u00f3n y excelencia jur\u00eddica para generar un mayor impacto social.\",\"breadcrumb\":{\"@id\":\"https:\\\/\\\/www.fundacionpombo.org\\\/en\\\/social-enterprise\\\/#breadcrumb\"},\"inLanguage\":\"en-US\",\"potentialAction\":[{\"@type\":\"ReadAction\",\"target\":[\"https:\\\/\\\/www.fundacionpombo.org\\\/en\\\/social-enterprise\\\/\"]}]},{\"@type\":\"BreadcrumbList\",\"@id\":\"https:\\\/\\\/www.fundacionpombo.org\\\/en\\\/social-enterprise\\\/#breadcrumb\",\"itemListElement\":[{\"@type\":\"ListItem\",\"position\":1,\"name\":\"Portada\",\"item\":\"https:\\\/\\\/www.fundacionpombo.org\\\/en\\\/\"},{\"@type\":\"ListItem\",\"position\":2,\"name\":\"Social Enterprise\"}]},{\"@type\":\"WebSite\",\"@id\":\"https:\\\/\\\/www.fundacionpombo.org\\\/en\\\/#website\",\"url\":\"https:\\\/\\\/www.fundacionpombo.org\\\/en\\\/\",\"name\":\"Fundaci\u00f3n Fernando Pombo\",\"description\":\"Abogac\u00eda responsable por un mundo m\u00e1s justo\",\"potentialAction\":[{\"@type\":\"SearchAction\",\"target\":{\"@type\":\"EntryPoint\",\"urlTemplate\":\"https:\\\/\\\/www.fundacionpombo.org\\\/en\\\/?s={search_term_string}\"},\"query-input\":{\"@type\":\"PropertyValueSpecification\",\"valueRequired\":true,\"valueName\":\"search_term_string\"}}],\"inLanguage\":\"en-US\"}]}<\/script>\n<!-- \/ Yoast SEO plugin. -->","yoast_head_json":{"title":"Social Enterprise - Fundaci\u00f3n Fernando Pombo","description":"Promovemos iniciativas jur\u00eddicas encaminadas a fortalecer el Estado de derecho y los derechos humanos. Trabajamos local y globalmente, combinando innovaci\u00f3n y excelencia jur\u00eddica para generar un mayor impacto social.","robots":{"index":"index","follow":"follow","max-snippet":"max-snippet:-1","max-image-preview":"max-image-preview:large","max-video-preview":"max-video-preview:-1"},"canonical":"https:\/\/www.fundacionpombo.org\/en\/social-enterprise\/","og_locale":"en_US","og_type":"article","og_title":"Social Enterprise - Fundaci\u00f3n Fernando Pombo","og_description":"Promovemos iniciativas jur\u00eddicas encaminadas a fortalecer el Estado de derecho y los derechos humanos. Trabajamos local y globalmente, combinando innovaci\u00f3n y excelencia jur\u00eddica para generar un mayor impacto social.","og_url":"https:\/\/www.fundacionpombo.org\/en\/social-enterprise\/","og_site_name":"Fundaci\u00f3n Fernando Pombo","article_publisher":"https:\/\/www.facebook.com\/FundacionFernandoPombo","article_modified_time":"2021-03-16T19:19:00+00:00","twitter_card":"summary_large_image","twitter_site":"@FundacionFPombo","schema":{"@context":"https:\/\/schema.org","@graph":[{"@type":"WebPage","@id":"https:\/\/www.fundacionpombo.org\/en\/social-enterprise\/","url":"https:\/\/www.fundacionpombo.org\/en\/social-enterprise\/","name":"Social Enterprise - Fundaci\u00f3n Fernando Pombo","isPartOf":{"@id":"https:\/\/www.fundacionpombo.org\/en\/#website"},"datePublished":"2020-02-17T10:37:33+00:00","dateModified":"2021-03-16T19:19:00+00:00","description":"Promovemos iniciativas jur\u00eddicas encaminadas a fortalecer el Estado de derecho y los derechos humanos. Trabajamos local y globalmente, combinando innovaci\u00f3n y excelencia jur\u00eddica para generar un mayor impacto social.","breadcrumb":{"@id":"https:\/\/www.fundacionpombo.org\/en\/social-enterprise\/#breadcrumb"},"inLanguage":"en-US","potentialAction":[{"@type":"ReadAction","target":["https:\/\/www.fundacionpombo.org\/en\/social-enterprise\/"]}]},{"@type":"BreadcrumbList","@id":"https:\/\/www.fundacionpombo.org\/en\/social-enterprise\/#breadcrumb","itemListElement":[{"@type":"ListItem","position":1,"name":"Portada","item":"https:\/\/www.fundacionpombo.org\/en\/"},{"@type":"ListItem","position":2,"name":"Social Enterprise"}]},{"@type":"WebSite","@id":"https:\/\/www.fundacionpombo.org\/en\/#website","url":"https:\/\/www.fundacionpombo.org\/en\/","name":"Fundaci\u00f3n Fernando Pombo","description":"Abogac\u00eda responsable por un mundo m\u00e1s justo","potentialAction":[{"@type":"SearchAction","target":{"@type":"EntryPoint","urlTemplate":"https:\/\/www.fundacionpombo.org\/en\/?s={search_term_string}"},"query-input":{"@type":"PropertyValueSpecification","valueRequired":true,"valueName":"search_term_string"}}],"inLanguage":"en-US"}]}},"_links":{"self":[{"href":"https:\/\/www.fundacionpombo.org\/en\/wp-json\/wp\/v2\/pages\/25868","targetHints":{"allow":["GET"]}}],"collection":[{"href":"https:\/\/www.fundacionpombo.org\/en\/wp-json\/wp\/v2\/pages"}],"about":[{"href":"https:\/\/www.fundacionpombo.org\/en\/wp-json\/wp\/v2\/types\/page"}],"author":[{"embeddable":true,"href":"https:\/\/www.fundacionpombo.org\/en\/wp-json\/wp\/v2\/users\/2"}],"replies":[{"embeddable":true,"href":"https:\/\/www.fundacionpombo.org\/en\/wp-json\/wp\/v2\/comments?post=25868"}],"version-history":[{"count":0,"href":"https:\/\/www.fundacionpombo.org\/en\/wp-json\/wp\/v2\/pages\/25868\/revisions"}],"wp:attachment":[{"href":"https:\/\/www.fundacionpombo.org\/en\/wp-json\/wp\/v2\/media?parent=25868"}],"curies":[{"name":"wp","href":"https:\/\/api.w.org\/{rel}","templated":true}]}}