{"id":27453,"date":"2022-05-04T14:54:42","date_gmt":"2022-05-04T12:54:42","guid":{"rendered":"https:\/\/www.fundacionpombo.org\/?page_id=27453"},"modified":"2022-09-20T12:43:26","modified_gmt":"2022-09-20T10:43:26","slug":"patricia-fita-rios","status":"publish","type":"page","link":"https:\/\/www.fundacionpombo.org\/en\/patricia-fita-rios\/","title":{"rendered":"Patricia Fita Rios"},"content":{"rendered":"<section data-vc-full-width=\"true\" data-vc-full-width-init=\"false\" class=\"vc_row wpb_row vc_row-fluid  vc_custom_1585647883939 pofo-stretch-content pofo-stretch-row-container vc_row-o-content-middle vc_row-flex\"><div class=\"wpb_column vc_column_container vc_col-sm-12  col-xs-mobile-fullwidth text-center md-text-center sm-text-center xs-text-center\"><div class=\"vc_column-inner \"><div class=\"wpb_wrapper\">[vc_empty_space height=&#8221;100px&#8221;]<div class=\"last-paragraph-no-margin\"><h2 style=\"text-align: left;\"><span style=\"color: #333333;\"><strong>Patricia Fita Rios<\/strong><\/span><\/h2>\n<\/div>[vc_separator color=&#8221;custom&#8221; align=&#8221;align_left&#8221; accent_color=&#8221;#f32735&#8243;][vc_empty_space height=&#8221;30px&#8221;][vc_empty_space height=&#8221;50px&#8221;]<div class=\"vc_row wpb_row vc_inner vc_row-fluid\"><div class=\"wpb_column vc_column_container vc_col-sm-6  col-xs-mobile-fullwidth\"><div class=\"vc_column-inner \"><div class=\"wpb_wrapper\">[vc_single_image image=&#8221;26789&#8243; img_size=&#8221;full&#8221; css=&#8221;.vc_custom_1651669054224{padding-top: 0px !important;}&#8221;]<\/div><\/div><\/div><div class=\"wpb_column vc_column_container vc_col-sm-6  col-xs-mobile-fullwidth\"><div class=\"vc_column-inner \"><div class=\"wpb_wrapper\">[vc_empty_space height=&#8221;100px&#8221;][vc_empty_space height=&#8221;15px&#8221;]<\/div><\/div><\/div><\/div>[vc_empty_space height=&#8221;50px&#8221;]<\/div><\/div><\/div><\/section><div class=\"vc_row-full-width vc_clearfix\"><\/div><section data-vc-full-width=\"true\" data-vc-full-width-init=\"false\" class=\"vc_row wpb_row vc_row-fluid  vc_custom_1585672415695 vc_row-has-fill vc_column-gap-30 pofo-stretch-content pofo-stretch-row-container\"><div class=\"wpb_column vc_column_container vc_col-sm-6  col-xs-mobile-fullwidth\"><div class=\"vc_column-inner \"><div class=\"wpb_wrapper\"><div class=\"last-paragraph-no-margin\"><h5 style=\"text-align: left;\"><strong>PROFESSIONAL EXPERIENCE<\/strong><\/h5>\n<\/div>[vc_separator color=&#8221;custom&#8221; align=&#8221;align_left&#8221; border_width=&#8221;2&#8243; el_width=&#8221;10&#8243; accent_color=&#8221;#f32735&#8243;][vc_empty_space height=&#8221;30px&#8221;]<div class=\" vc_custom_1663670339326 last-paragraph-no-margin\"><h6>2021 &#8211; present, Lawyer at Fundaci\u00f3n Fernando Pombo.<\/h6>\n<h6>2017 \u2013 2021, Lawyer in the Litigation and Arbitration Department at Ram\u00f3n y Cajal Abogados.<\/h6>\n<h6>January 2016 &#8211; May 2016, Internship in the Gulf Coast Jewish Family &amp; Community Services, Refugees Center.<\/h6>\n<\/div><div class=\"last-paragraph-no-margin\"><h5 style=\"text-align: left;\"><strong>SPECIALISATIONS<\/strong><\/h5>\n<\/div>[vc_separator color=&#8221;custom&#8221; align=&#8221;align_left&#8221; border_width=&#8221;2&#8243; el_width=&#8221;10&#8243; accent_color=&#8221;#f32735&#8243;][vc_empty_space height=&#8221;30px&#8221;]<div class=\" vc_custom_1663670393037 last-paragraph-no-margin\"><h6>Civil Litigation and Arbitration: Legal management of banking proceedings in all procedural phases, mainly based on actions for annulment of General Conditions of Contract, liability actions under Law 57\/68 and in real estate matters. Collaboration in international arbitrations.<\/h6>\n<h6>Coordination of social action projects. In particular, projects focused on the elderly, the Second Chance Law, leases and subleases.<\/h6>\n<h6>Lines of research include, matters of public interest such as the social responsibility of the legal profession, ESG criteria or the development of the Pro Bono and Legal Clinics.<\/h6>\n<\/div><\/div><\/div><\/div><div class=\"wpb_column vc_column_container vc_col-sm-6  col-xs-mobile-fullwidth\"><div class=\"vc_column-inner \"><div class=\"wpb_wrapper\"><div class=\"last-paragraph-no-margin\"><h5 style=\"text-align: left;\"><strong>TRAINING<\/strong><\/h5>\n<\/div>[vc_separator color=&#8221;custom&#8221; align=&#8221;align_left&#8221; border_width=&#8221;2&#8243; el_width=&#8221;10&#8243; accent_color=&#8221;#f32735&#8243;][vc_empty_space height=&#8221;30px&#8221;]<div class=\" vc_custom_1663670497709 last-paragraph-no-margin\"><h6><strong>LL.M in Law and Bussines Law<\/strong>. Universidad Pontificia de Comillas, Madrid (2016 \u2013 2017)<\/h6>\n<h6><strong>LL.M. in International Law<\/strong>. Stetson University College of Law, Florida (2015 \u2013 2016)<\/h6>\n<h6><strong>Law Degree and Business Diploma<\/strong>. Universidad Pontificia de Comillas, Madrid (2016 \u2013 2017)<\/h6>\n<h6><strong>Marketing Curse<\/strong>. London School of Economics, England (2014)<\/h6>\n<\/div><div class=\"last-paragraph-no-margin\"><h5 style=\"text-align: left;\"><strong>MEMBERSHIP OF PROFESSIONAL BODIES AND ASSOCIATIONS<\/strong><\/h5>\n<\/div>[vc_separator color=&#8221;custom&#8221; align=&#8221;align_left&#8221; border_width=&#8221;2&#8243; el_width=&#8221;10&#8243; accent_color=&#8221;#f32735&#8243;][vc_empty_space height=&#8221;30px&#8221;]<div class=\" vc_custom_1663670544228 last-paragraph-no-margin\"><h6>International Bar Association \u2013IBA-<br \/>\nIlustre Colegio de Abogados de Madrid (ICAM) (Madrid Bar Association)<\/h6>\n<\/div><div class=\"last-paragraph-no-margin\"><h5 style=\"text-align: left;\"><strong>LANGUAGES <\/strong><\/h5>\n<\/div>[vc_separator color=&#8221;custom&#8221; align=&#8221;align_left&#8221; border_width=&#8221;2&#8243; el_width=&#8221;10&#8243; accent_color=&#8221;#f32735&#8243;][vc_empty_space height=&#8221;30px&#8221;]<div class=\" vc_custom_1663670598501 last-paragraph-no-margin\"><h6>English<\/h6>\n<\/div><\/div><\/div><\/div><\/section><div class=\"vc_row-full-width vc_clearfix\"><\/div>\n","protected":false},"excerpt":{"rendered":"[vc_empty_space height=\"100px\"]Patricia Fita Rios [vc_separator color=\"custom\" align=\"align_left\" accent_color=\"#f32735\"][vc_empty_space height=\"30px\"][vc_empty_space height=\"50px\"][vc_single_image image=\"26789\" img_size=\"full\" css=\".vc_custom_1651669054224{padding-top: 0px !important;}\"][vc_empty_space height=\"100px\"][vc_empty_space height=\"15px\"][vc_empty_space height=\"50px\"]PROFESSIONAL EXPERIENCE [vc_separator color=\"custom\" align=\"align_left\" border_width=\"2\" el_width=\"10\" accent_color=\"#f32735\"][vc_empty_space height=\"30px\"]2021 - present, Lawyer at Fundaci\u00f3n Fernando Pombo. 2017 \u2013 2021, Lawyer in the Litigation and Arbitration Department at Ram\u00f3n y Cajal Abogados. January 2016 - May 2016, Internship in the Gulf Coast Jewish Family &amp; Community Services, Refugees Center. SPECIALISATIONS [vc_separator color=\"custom\" align=\"align_left\" border_width=\"2\" el_width=\"10\" accent_color=\"#f32735\"][vc_empty_space height=\"30px\"]Civil Litigation and Arbitration: Legal management of banking proceedings in all procedural phases, mainly based on actions for annulment of General Conditions of Contract, liability actions under Law 57\/68 and in real estate matters. Collaboration in international arbitrations. Coordination of social action projects. In particular, projects focused on the elderly, the Second Chance Law, leases and subleases. Lines of research include, matters of public interest such as the social responsibility of the legal profession, ESG criteria or the development of the Pro Bono and Legal Clinics. TRAINING [vc_separator color=\"custom\" align=\"align_left\" border_width=\"2\" el_width=\"10\" accent_color=\"#f32735\"][vc_empty_space height=\"30px\"]LL.M in Law and Bussines Law. Universidad Pontificia de Comillas, Madrid (2016 \u2013 2017) LL.M. in International Law. Stetson University College of Law, Florida (2015 \u2013 2016) Law Degree and Business Diploma. Universidad Pontificia de&hellip; <a class=\"continue\" href=\"https:\/\/www.fundacionpombo.org\/en\/patricia-fita-rios\/\">Continuar leyendo<span> Patricia Fita Rios<\/span><\/a>","protected":false},"author":3,"featured_media":0,"parent":0,"menu_order":0,"comment_status":"closed","ping_status":"closed","template":"","meta":{"footnotes":""},"class_list":["post-27453","page","type-page","status-publish","hentry"],"yoast_head":"<!-- This site is optimized with the Yoast SEO plugin v27.5 - https:\/\/yoast.com\/product\/yoast-seo-wordpress\/ -->\n<title>Patricia Fita Rios - Fundaci\u00f3n Fernando Pombo<\/title>\n<meta name=\"description\" content=\"Promovemos iniciativas jur\u00eddicas encaminadas a fortalecer el Estado de derecho y los derechos humanos. Trabajamos local y globalmente, combinando innovaci\u00f3n y excelencia jur\u00eddica para generar un mayor impacto social.\" \/>\n<meta name=\"robots\" content=\"index, follow, max-snippet:-1, max-image-preview:large, max-video-preview:-1\" \/>\n<link rel=\"canonical\" href=\"https:\/\/www.fundacionpombo.org\/en\/patricia-fita-rios\/\" \/>\n<meta property=\"og:locale\" content=\"en_US\" \/>\n<meta property=\"og:type\" content=\"article\" \/>\n<meta property=\"og:title\" content=\"Patricia Fita Rios - Fundaci\u00f3n Fernando Pombo\" \/>\n<meta property=\"og:description\" content=\"Promovemos iniciativas jur\u00eddicas encaminadas a fortalecer el Estado de derecho y los derechos humanos. Trabajamos local y globalmente, combinando innovaci\u00f3n y excelencia jur\u00eddica para generar un mayor impacto social.\" \/>\n<meta property=\"og:url\" content=\"https:\/\/www.fundacionpombo.org\/en\/patricia-fita-rios\/\" \/>\n<meta property=\"og:site_name\" content=\"Fundaci\u00f3n Fernando Pombo\" \/>\n<meta property=\"article:publisher\" content=\"https:\/\/www.facebook.com\/FundacionFernandoPombo\" \/>\n<meta property=\"article:modified_time\" content=\"2022-09-20T10:43:26+00:00\" \/>\n<meta name=\"twitter:card\" content=\"summary_large_image\" \/>\n<meta name=\"twitter:site\" content=\"@FundacionFPombo\" \/>\n<script type=\"application\/ld+json\" class=\"yoast-schema-graph\">{\"@context\":\"https:\\\/\\\/schema.org\",\"@graph\":[{\"@type\":\"WebPage\",\"@id\":\"https:\\\/\\\/www.fundacionpombo.org\\\/en\\\/patricia-fita-rios\\\/\",\"url\":\"https:\\\/\\\/www.fundacionpombo.org\\\/en\\\/patricia-fita-rios\\\/\",\"name\":\"Patricia Fita Rios - Fundaci\u00f3n Fernando Pombo\",\"isPartOf\":{\"@id\":\"https:\\\/\\\/www.fundacionpombo.org\\\/en\\\/#website\"},\"datePublished\":\"2022-05-04T12:54:42+00:00\",\"dateModified\":\"2022-09-20T10:43:26+00:00\",\"description\":\"Promovemos iniciativas jur\u00eddicas encaminadas a fortalecer el Estado de derecho y los derechos humanos. Trabajamos local y globalmente, combinando innovaci\u00f3n y excelencia jur\u00eddica para generar un mayor impacto social.\",\"breadcrumb\":{\"@id\":\"https:\\\/\\\/www.fundacionpombo.org\\\/en\\\/patricia-fita-rios\\\/#breadcrumb\"},\"inLanguage\":\"en-US\",\"potentialAction\":[{\"@type\":\"ReadAction\",\"target\":[\"https:\\\/\\\/www.fundacionpombo.org\\\/en\\\/patricia-fita-rios\\\/\"]}]},{\"@type\":\"BreadcrumbList\",\"@id\":\"https:\\\/\\\/www.fundacionpombo.org\\\/en\\\/patricia-fita-rios\\\/#breadcrumb\",\"itemListElement\":[{\"@type\":\"ListItem\",\"position\":1,\"name\":\"Portada\",\"item\":\"https:\\\/\\\/www.fundacionpombo.org\\\/en\\\/\"},{\"@type\":\"ListItem\",\"position\":2,\"name\":\"Patricia Fita Rios\"}]},{\"@type\":\"WebSite\",\"@id\":\"https:\\\/\\\/www.fundacionpombo.org\\\/en\\\/#website\",\"url\":\"https:\\\/\\\/www.fundacionpombo.org\\\/en\\\/\",\"name\":\"Fundaci\u00f3n Fernando Pombo\",\"description\":\"Abogac\u00eda responsable por un mundo m\u00e1s justo\",\"potentialAction\":[{\"@type\":\"SearchAction\",\"target\":{\"@type\":\"EntryPoint\",\"urlTemplate\":\"https:\\\/\\\/www.fundacionpombo.org\\\/en\\\/?s={search_term_string}\"},\"query-input\":{\"@type\":\"PropertyValueSpecification\",\"valueRequired\":true,\"valueName\":\"search_term_string\"}}],\"inLanguage\":\"en-US\"}]}<\/script>\n<!-- \/ Yoast SEO plugin. -->","yoast_head_json":{"title":"Patricia Fita Rios - Fundaci\u00f3n Fernando Pombo","description":"Promovemos iniciativas jur\u00eddicas encaminadas a fortalecer el Estado de derecho y los derechos humanos. Trabajamos local y globalmente, combinando innovaci\u00f3n y excelencia jur\u00eddica para generar un mayor impacto social.","robots":{"index":"index","follow":"follow","max-snippet":"max-snippet:-1","max-image-preview":"max-image-preview:large","max-video-preview":"max-video-preview:-1"},"canonical":"https:\/\/www.fundacionpombo.org\/en\/patricia-fita-rios\/","og_locale":"en_US","og_type":"article","og_title":"Patricia Fita Rios - Fundaci\u00f3n Fernando Pombo","og_description":"Promovemos iniciativas jur\u00eddicas encaminadas a fortalecer el Estado de derecho y los derechos humanos. Trabajamos local y globalmente, combinando innovaci\u00f3n y excelencia jur\u00eddica para generar un mayor impacto social.","og_url":"https:\/\/www.fundacionpombo.org\/en\/patricia-fita-rios\/","og_site_name":"Fundaci\u00f3n Fernando Pombo","article_publisher":"https:\/\/www.facebook.com\/FundacionFernandoPombo","article_modified_time":"2022-09-20T10:43:26+00:00","twitter_card":"summary_large_image","twitter_site":"@FundacionFPombo","schema":{"@context":"https:\/\/schema.org","@graph":[{"@type":"WebPage","@id":"https:\/\/www.fundacionpombo.org\/en\/patricia-fita-rios\/","url":"https:\/\/www.fundacionpombo.org\/en\/patricia-fita-rios\/","name":"Patricia Fita Rios - Fundaci\u00f3n Fernando Pombo","isPartOf":{"@id":"https:\/\/www.fundacionpombo.org\/en\/#website"},"datePublished":"2022-05-04T12:54:42+00:00","dateModified":"2022-09-20T10:43:26+00:00","description":"Promovemos iniciativas jur\u00eddicas encaminadas a fortalecer el Estado de derecho y los derechos humanos. Trabajamos local y globalmente, combinando innovaci\u00f3n y excelencia jur\u00eddica para generar un mayor impacto social.","breadcrumb":{"@id":"https:\/\/www.fundacionpombo.org\/en\/patricia-fita-rios\/#breadcrumb"},"inLanguage":"en-US","potentialAction":[{"@type":"ReadAction","target":["https:\/\/www.fundacionpombo.org\/en\/patricia-fita-rios\/"]}]},{"@type":"BreadcrumbList","@id":"https:\/\/www.fundacionpombo.org\/en\/patricia-fita-rios\/#breadcrumb","itemListElement":[{"@type":"ListItem","position":1,"name":"Portada","item":"https:\/\/www.fundacionpombo.org\/en\/"},{"@type":"ListItem","position":2,"name":"Patricia Fita Rios"}]},{"@type":"WebSite","@id":"https:\/\/www.fundacionpombo.org\/en\/#website","url":"https:\/\/www.fundacionpombo.org\/en\/","name":"Fundaci\u00f3n Fernando Pombo","description":"Abogac\u00eda responsable por un mundo m\u00e1s justo","potentialAction":[{"@type":"SearchAction","target":{"@type":"EntryPoint","urlTemplate":"https:\/\/www.fundacionpombo.org\/en\/?s={search_term_string}"},"query-input":{"@type":"PropertyValueSpecification","valueRequired":true,"valueName":"search_term_string"}}],"inLanguage":"en-US"}]}},"_links":{"self":[{"href":"https:\/\/www.fundacionpombo.org\/en\/wp-json\/wp\/v2\/pages\/27453","targetHints":{"allow":["GET"]}}],"collection":[{"href":"https:\/\/www.fundacionpombo.org\/en\/wp-json\/wp\/v2\/pages"}],"about":[{"href":"https:\/\/www.fundacionpombo.org\/en\/wp-json\/wp\/v2\/types\/page"}],"author":[{"embeddable":true,"href":"https:\/\/www.fundacionpombo.org\/en\/wp-json\/wp\/v2\/users\/3"}],"replies":[{"embeddable":true,"href":"https:\/\/www.fundacionpombo.org\/en\/wp-json\/wp\/v2\/comments?post=27453"}],"version-history":[{"count":0,"href":"https:\/\/www.fundacionpombo.org\/en\/wp-json\/wp\/v2\/pages\/27453\/revisions"}],"wp:attachment":[{"href":"https:\/\/www.fundacionpombo.org\/en\/wp-json\/wp\/v2\/media?parent=27453"}],"curies":[{"name":"wp","href":"https:\/\/api.w.org\/{rel}","templated":true}]}}